{"id":1035,"date":"2025-11-28T14:41:13","date_gmt":"2025-11-28T11:41:13","guid":{"rendered":"https:\/\/www.ussaki.com\/?page_id=1035"},"modified":"2026-02-05T13:46:33","modified_gmt":"2026-02-05T10:46:33","slug":"degerlerimiz-ve-misyonumuz","status":"publish","type":"page","link":"https:\/\/www.ussaki.com\/?page_id=1035","title":{"rendered":"De\u011ferlerimiz ve Misyonumuz"},"content":{"rendered":"\t\t<div data-elementor-type=\"wp-page\" data-elementor-id=\"1035\" class=\"elementor elementor-1035\" data-elementor-post-type=\"page\">\n\t\t\t\t<div class=\"elementor-element elementor-element-f16af00 e-flex e-con-boxed e-con e-parent\" data-id=\"f16af00\" data-element_type=\"container\" data-e-type=\"container\">\n\t\t\t\t\t<div class=\"e-con-inner\">\n\t\t<div class=\"elementor-element elementor-element-b5b0be9 e-con-full e-flex e-con e-child\" data-id=\"b5b0be9\" data-element_type=\"container\" data-e-type=\"container\" data-settings=\"{&quot;background_background&quot;:&quot;classic&quot;}\">\n\t\t<div class=\"elementor-element elementor-element-d94cf48 e-flex e-con-boxed e-con e-child\" data-id=\"d94cf48\" data-element_type=\"container\" data-e-type=\"container\">\n\t\t\t\t\t<div class=\"e-con-inner\">\n\t\t\t\t<div class=\"elementor-element elementor-element-0f6d137 elementor-widget elementor-widget-text-editor\" data-id=\"0f6d137\" data-element_type=\"widget\" data-e-type=\"widget\" data-widget_type=\"text-editor.default\">\n\t\t\t\t<div class=\"elementor-widget-container\">\n\t\t\t\t\t\t\t\t\t<p><b>De\u011ferlerimiz ve Misyonumuz<\/b><\/p><p>U\u015f\u015f\u00e2k\u00ee Vakf\u0131 olarak t\u00fcm \u00e7al\u0131\u015fmalar\u0131m\u0131z\u0131:\u00a0<\/p><p>\u2013 \u0130nsan onuruna sayg\u0131\u00a0<\/p><p>\u2013 Adalet\u00a0<\/p><p>\u2013 \u015eeffafl\u0131k\u00a0<\/p><p>\u2013 Merhamet\u00a0<\/p><p>\u2013 S\u00fcrd\u00fcr\u00fclebilirlik\u00a0<\/p><p>\u2013 Vak\u0131f gelene\u011fine ba\u011fl\u0131l\u0131k\u00a0<\/p><p>ilkeleri \u00fczerine in\u015fa ediyoruz.<\/p><p>Misyonumuz; iyili\u011fi yayg\u0131nla\u015ft\u0131rmak, mazlumlara umut olmak, toplumun her kesimine de\u011fer katan projeler \u00fcretmek ve g\u00f6n\u00fcll\u00fcl\u00fck ruhunu ya\u015fatmakt\u0131r.<\/p>\t\t\t\t\t\t\t\t<\/div>\n\t\t\t\t<\/div>\n\t\t\t\t\t<\/div>\n\t\t\t\t<\/div>\n\t\t\t\t<\/div>\n\t\t\t\t\t<\/div>\n\t\t\t\t<\/div>\n\t\t\t\t<\/div>\n\t\t","protected":false},"excerpt":{"rendered":"<p>De\u011ferlerimiz ve Misyonumuz U\u015f\u015f\u00e2k\u00ee Vakf\u0131 olarak t\u00fcm \u00e7al\u0131\u015fmalar\u0131m\u0131z\u0131:\u00a0 \u2013 \u0130nsan onuruna sayg\u0131\u00a0 \u2013 Adalet\u00a0 \u2013 \u015eeffafl\u0131k\u00a0 \u2013 Merhamet\u00a0 \u2013 S\u00fcrd\u00fcr\u00fclebilirlik\u00a0 \u2013 Vak\u0131f gelene\u011fine ba\u011fl\u0131l\u0131k\u00a0 ilkeleri \u00fczerine in\u015fa ediyoruz. Misyonumuz; iyili\u011fi yayg\u0131nla\u015ft\u0131rmak, mazlumlara umut olmak, toplumun her kesimine de\u011fer katan projeler \u00fcretmek ve g\u00f6n\u00fcll\u00fcl\u00fck ruhunu ya\u015fatmakt\u0131r.<\/p>\n","protected":false},"author":1,"featured_media":0,"parent":0,"menu_order":0,"comment_status":"closed","ping_status":"closed","template":"elementor_header_footer","meta":{"om_disable_all_campaigns":false,"_monsterinsights_skip_tracking":false,"_monsterinsights_sitenote_active":false,"_monsterinsights_sitenote_note":"","_monsterinsights_sitenote_category":0,"footnotes":""},"class_list":["post-1035","page","type-page","status-publish","hentry"],"aioseo_notices":[],"_links":{"self":[{"href":"https:\/\/www.ussaki.com\/index.php?rest_route=\/wp\/v2\/pages\/1035","targetHints":{"allow":["GET"]}}],"collection":[{"href":"https:\/\/www.ussaki.com\/index.php?rest_route=\/wp\/v2\/pages"}],"about":[{"href":"https:\/\/www.ussaki.com\/index.php?rest_route=\/wp\/v2\/types\/page"}],"author":[{"embeddable":true,"href":"https:\/\/www.ussaki.com\/index.php?rest_route=\/wp\/v2\/users\/1"}],"replies":[{"embeddable":true,"href":"https:\/\/www.ussaki.com\/index.php?rest_route=%2Fwp%2Fv2%2Fcomments&post=1035"}],"version-history":[{"count":147,"href":"https:\/\/www.ussaki.com\/index.php?rest_route=\/wp\/v2\/pages\/1035\/revisions"}],"predecessor-version":[{"id":3328,"href":"https:\/\/www.ussaki.com\/index.php?rest_route=\/wp\/v2\/pages\/1035\/revisions\/3328"}],"wp:attachment":[{"href":"https:\/\/www.ussaki.com\/index.php?rest_route=%2Fwp%2Fv2%2Fmedia&parent=1035"}],"curies":[{"name":"wp","href":"https:\/\/api.w.org\/{rel}","templated":true}]}}