{"id":1571,"date":"2025-12-09T17:12:28","date_gmt":"2025-12-09T14:12:28","guid":{"rendered":"https:\/\/www.ussaki.com\/?page_id=1571"},"modified":"2026-01-09T14:18:47","modified_gmt":"2026-01-09T11:18:47","slug":"evradimukarrabin","status":"publish","type":"page","link":"https:\/\/www.ussaki.com\/?page_id=1571","title":{"rendered":"Evrad-\u0131 mukarrabin"},"content":{"rendered":"\t\t<div data-elementor-type=\"wp-page\" data-elementor-id=\"1571\" class=\"elementor elementor-1571\" data-elementor-post-type=\"page\">\n\t\t\t\t<div class=\"elementor-element elementor-element-f796f9b e-flex e-con-boxed e-con e-parent\" data-id=\"f796f9b\" data-element_type=\"container\" data-e-type=\"container\">\n\t\t\t\t\t<div class=\"e-con-inner\">\n\t\t<div class=\"elementor-element elementor-element-9357beb e-con-full e-flex e-con e-child\" data-id=\"9357beb\" data-element_type=\"container\" data-e-type=\"container\" data-settings=\"{&quot;background_background&quot;:&quot;classic&quot;}\">\n\t\t<div class=\"elementor-element elementor-element-bd84efb e-con-full e-flex e-con e-child\" data-id=\"bd84efb\" data-element_type=\"container\" data-e-type=\"container\">\n\t\t\t\t<div class=\"elementor-element elementor-element-502af8f elementor-widget elementor-widget-heading\" data-id=\"502af8f\" data-element_type=\"widget\" data-e-type=\"widget\" data-widget_type=\"heading.default\">\n\t\t\t\t<div class=\"elementor-widget-container\">\n\t\t\t\t\t<p class=\"elementor-heading-title elementor-size-default\">Evr\u00e2d-\u0131 Mukarrab\u00een (Evr\u00e2d-\u0131 U\u015f\u015f\u00e2k\u00ee) \u2013 Abdurrahman S\u00e2mi Saruh\u00e2n\u00ee (k.s.)<\/p>\t\t\t\t<\/div>\n\t\t\t\t<\/div>\n\t\t\t\t<div class=\"elementor-element elementor-element-bc404ea elementor-widget elementor-widget-text-editor\" data-id=\"bc404ea\" data-element_type=\"widget\" data-e-type=\"widget\" data-widget_type=\"text-editor.default\">\n\t\t\t\t<div class=\"elementor-widget-container\">\n\t\t\t\t\t\t\t\t\t<p style=\"text-indent: 2em;\"><img fetchpriority=\"high\" decoding=\"async\" class=\"wp-image-1573 size-medium alignleft\" src=\"https:\/\/www.ussaki.com\/wp-content\/uploads\/2025\/12\/evradimukarrebin-300x217.webp\" alt=\"\" width=\"300\" height=\"217\" srcset=\"https:\/\/www.ussaki.com\/wp-content\/uploads\/2025\/12\/evradimukarrebin-300x217.webp 300w, https:\/\/www.ussaki.com\/wp-content\/uploads\/2025\/12\/evradimukarrebin.webp 718w\" sizes=\"(max-width: 300px) 100vw, 300px\" \/><\/p><p>Hakk\u2019a Giden Yolda Manevi Z\u0131rh\u0131n\u0131z ve G\u00fcnl\u00fck Rehberiniz.<\/p><p>Tasavvuf yolunun inceliklerini, zikrin bereketini ve duan\u0131n g\u00fcc\u00fcn\u00fc hayat\u0131na nak\u015fetmek isteyenler i\u00e7in; U\u015f\u015f\u00e2k\u00ee yolunun P\u00eer-i S\u00e2n\u00eesi Abdurrahman S\u00e2mi Saruh\u00e2n\u00ee U\u015f\u015f\u00e2k\u00ee (Kaddesallahu s\u0131rrahu&#8217;l \u00e2l\u00ee) Hazretleri taraf\u0131ndan tertip edilen bu e\u015fsiz eser, manevi yolculu\u011funuzda elinizden d\u00fc\u015f\u00fcremeyece\u011finiz bir kaynakt\u0131r.<\/p><p>&#8220;Mukarrab\u00een&#8221;, Allah&#8217;a yak\u0131nla\u015ft\u0131r\u0131lm\u0131\u015f olanlar demektir. Bu evr\u00e2d, okuyan talibi ad\u0131m ad\u0131m manevi yak\u0131nl\u0131\u011fa ve huzura ta\u015f\u0131may\u0131 hedefler.<\/p><p>\u00a0 \u00a0 <strong>Eser Hakk\u0131nda<\/strong><br \/>Bu k\u0131ymetli eser, sadece bir dua kitab\u0131 de\u011fil, ayn\u0131 zamanda bir seyr-i s\u00fcl\u00fbk rehberidir. \u0130\u00e7erisinde, y\u00fczy\u0131llard\u0131r Hak a\u015f\u0131klar\u0131n\u0131n dillerinden d\u00fc\u015f\u00fcrmedi\u011fi, manevi derecelerin kat edilmesine vesile olan hususi virdler, salavat-\u0131 \u015ferifeler ve m\u00fcnacaatlar yer almaktad\u0131r.<\/p><p>U\u015f\u015f\u00e2k\u00ee yolunun feyzinden istifade etmek, g\u00fcn\u00fcn belirli vakitlerinde Rabbine en g\u00fczel kelamlarla niyazda bulunmak isteyen her m\u00fcmin i\u00e7in \u00f6zenle haz\u0131rlanm\u0131\u015ft\u0131r.<\/p><p>\u00a0 \u00a0 <strong>\u00d6ne \u00c7\u0131kan \u00d6zellikler<\/strong><br \/>Manevi Kaynak: Abdurrahman S\u00e2mi Saruh\u00e2n\u00ee Hazretleri&#8217;nin himmet ve tasarrufuyla derlenen ana kaynak eser.<\/p><p>Zengin \u0130\u00e7erik: G\u00fcnl\u00fck virdler, \u00f6zel dualar, koruyucu zikirler, Esma-\u00fcl H\u00fcsna ve Peygamber Efendimiz (s.a.v.)&#8217;e getirilen en faziletli salavatlar.<\/p><p>Kolay Okunu\u015f: Her ya\u015ftan okuyucunun rahat\u00e7a okuyabilmesi i\u00e7in bilgisayar hatt\u0131 ile, g\u00f6z yormayan mizanpaj.<\/p><p>Birinci S\u0131n\u0131f Bask\u0131: G\u00f6rselde de g\u00f6r\u00fcld\u00fc\u011f\u00fc \u00fczere; alt\u0131n yald\u0131zl\u0131 kabartma kapak, dayan\u0131kl\u0131 cilt, \u015famua ka\u011f\u0131t ve ayra\u00e7 ipi ile k\u00fct\u00fcphanenizin en mutena k\u00f6\u015fesine lay\u0131k kalite.<\/p><p>\u00a0 \u00a0 <strong>Neden &#8220;Evr\u00e2d-\u0131 Mukarrab\u00een&#8221;?<\/strong><br \/>Manevi Disiplin: G\u00fcnl\u00fck ibadetlerinizi bir nizama sokar.<\/p><p>Kalb\u00ee Huzur: \u0130\u00e7erdi\u011fi zikirler kalplerin pas\u0131n\u0131 siler, huzur verir.<\/p><p>Koruyucu Kalkan: Manevi s\u0131k\u0131nt\u0131lara kar\u015f\u0131 bir z\u0131rh niteli\u011findedir.<\/p><p>Nesilden Nesile: Sa\u011flam cildi ve manevi de\u011feriyle evladiyelik bir eserdir.<\/p><p>\u00a0 \u00a0 <strong>\u00dcr\u00fcn \u00d6zellikleri<\/strong><br \/>Eser Ad\u0131: Evr\u00e2d-\u0131 Mukarrab\u00een (Evr\u00e2d-\u0131 U\u015f\u015f\u00e2k\u00ee)<\/p><p>M\u00fcellif: Abdurrahman S\u00e2mi Saruh\u00e2n\u00ee U\u015f\u015f\u00e2k\u00ee (k.s.)<\/p><p>Kapak: Sert Kapak (Ciltli), Alt\u0131n Yald\u0131z Bask\u0131l\u0131<\/p><p>Ka\u011f\u0131t: \u015eamua (G\u00f6z yormayan sar\u0131 ka\u011f\u0131t)<\/p>\t\t\t\t\t\t\t\t<\/div>\n\t\t\t\t<\/div>\n\t\t\t\t<div class=\"elementor-element elementor-element-651a491 elementor-widget elementor-widget-spacer\" data-id=\"651a491\" data-element_type=\"widget\" data-e-type=\"widget\" data-widget_type=\"spacer.default\">\n\t\t\t\t<div class=\"elementor-widget-container\">\n\t\t\t\t\t\t\t<div class=\"elementor-spacer\">\n\t\t\t<div class=\"elementor-spacer-inner\"><\/div>\n\t\t<\/div>\n\t\t\t\t\t\t<\/div>\n\t\t\t\t<\/div>\n\t\t\t\t<div class=\"elementor-element elementor-element-5a94c50 elementor-widget elementor-widget-text-editor\" data-id=\"5a94c50\" data-element_type=\"widget\" data-e-type=\"widget\" data-widget_type=\"text-editor.default\">\n\t\t\t\t<div class=\"elementor-widget-container\">\n\t\t\t\t\t\t\t\t\t<p>* Manevi hayat\u0131n\u0131za \u0131\u015f\u0131k tutacak bu kaynak esere hemen sahip olmak i\u00e7in ileti\u015fim: +90 533 024 17 37<\/p>\t\t\t\t\t\t\t\t<\/div>\n\t\t\t\t<\/div>\n\t\t\t\t<\/div>\n\t\t\t\t<\/div>\n\t\t\t\t\t<\/div>\n\t\t\t\t<\/div>\n\t\t\t\t<\/div>\n\t\t","protected":false},"excerpt":{"rendered":"<p>Evr\u00e2d-\u0131 Mukarrab\u00een (Evr\u00e2d-\u0131 U\u015f\u015f\u00e2k\u00ee) \u2013 Abdurrahman S\u00e2mi Saruh\u00e2n\u00ee (k.s.) Hakk\u2019a Giden Yolda Manevi Z\u0131rh\u0131n\u0131z ve G\u00fcnl\u00fck Rehberiniz. Tasavvuf yolunun inceliklerini, zikrin bereketini ve duan\u0131n g\u00fcc\u00fcn\u00fc hayat\u0131na nak\u015fetmek isteyenler i\u00e7in; U\u015f\u015f\u00e2k\u00ee yolunun P\u00eer-i S\u00e2n\u00eesi Abdurrahman S\u00e2mi Saruh\u00e2n\u00ee U\u015f\u015f\u00e2k\u00ee (Kaddesallahu s\u0131rrahu&#8217;l \u00e2l\u00ee) Hazretleri taraf\u0131ndan tertip edilen bu e\u015fsiz eser, manevi yolculu\u011funuzda elinizden d\u00fc\u015f\u00fcremeyece\u011finiz bir kaynakt\u0131r. &#8220;Mukarrab\u00een&#8221;, Allah&#8217;a [&hellip;]<\/p>\n","protected":false},"author":1,"featured_media":0,"parent":0,"menu_order":0,"comment_status":"closed","ping_status":"closed","template":"elementor_header_footer","meta":{"om_disable_all_campaigns":false,"_monsterinsights_skip_tracking":false,"_monsterinsights_sitenote_active":false,"_monsterinsights_sitenote_note":"","_monsterinsights_sitenote_category":0,"footnotes":""},"class_list":["post-1571","page","type-page","status-publish","hentry"],"aioseo_notices":[],"_links":{"self":[{"href":"https:\/\/www.ussaki.com\/index.php?rest_route=\/wp\/v2\/pages\/1571","targetHints":{"allow":["GET"]}}],"collection":[{"href":"https:\/\/www.ussaki.com\/index.php?rest_route=\/wp\/v2\/pages"}],"about":[{"href":"https:\/\/www.ussaki.com\/index.php?rest_route=\/wp\/v2\/types\/page"}],"author":[{"embeddable":true,"href":"https:\/\/www.ussaki.com\/index.php?rest_route=\/wp\/v2\/users\/1"}],"replies":[{"embeddable":true,"href":"https:\/\/www.ussaki.com\/index.php?rest_route=%2Fwp%2Fv2%2Fcomments&post=1571"}],"version-history":[{"count":16,"href":"https:\/\/www.ussaki.com\/index.php?rest_route=\/wp\/v2\/pages\/1571\/revisions"}],"predecessor-version":[{"id":2513,"href":"https:\/\/www.ussaki.com\/index.php?rest_route=\/wp\/v2\/pages\/1571\/revisions\/2513"}],"wp:attachment":[{"href":"https:\/\/www.ussaki.com\/index.php?rest_route=%2Fwp%2Fv2%2Fmedia&parent=1571"}],"curies":[{"name":"wp","href":"https:\/\/api.w.org\/{rel}","templated":true}]}}