{"id":1597,"date":"2025-12-28T12:05:22","date_gmt":"2025-12-28T09:05:22","guid":{"rendered":"https:\/\/www.ussaki.com\/?page_id=1597"},"modified":"2026-01-05T15:43:06","modified_gmt":"2026-01-05T12:43:06","slug":"asikane-dergisi","status":"publish","type":"page","link":"https:\/\/www.ussaki.com\/?page_id=1597","title":{"rendered":"A\u015f\u0131kane dergisi"},"content":{"rendered":"\t\t<div data-elementor-type=\"wp-page\" data-elementor-id=\"1597\" class=\"elementor elementor-1597\" data-elementor-post-type=\"page\">\n\t\t\t\t<div class=\"elementor-element elementor-element-42774b9 e-flex e-con-boxed e-con e-parent\" data-id=\"42774b9\" data-element_type=\"container\" data-e-type=\"container\">\n\t\t\t\t\t<div class=\"e-con-inner\">\n\t\t<div class=\"elementor-element elementor-element-f325270 e-con-full e-flex e-con e-child\" data-id=\"f325270\" data-element_type=\"container\" data-e-type=\"container\" data-settings=\"{&quot;background_background&quot;:&quot;classic&quot;}\">\n\t\t<div class=\"elementor-element elementor-element-ed075dd e-con-full e-flex e-con e-child\" data-id=\"ed075dd\" data-element_type=\"container\" data-e-type=\"container\">\n\t\t\t\t<div class=\"elementor-element elementor-element-ae35c8d elementor-widget elementor-widget-heading\" data-id=\"ae35c8d\" data-element_type=\"widget\" data-e-type=\"widget\" data-widget_type=\"heading.default\">\n\t\t\t\t<div class=\"elementor-widget-container\">\n\t\t\t\t\t<p class=\"elementor-heading-title elementor-size-default\">\u00c2\u015f\u0131k\u00e2ne Dergisi<\/p>\t\t\t\t<\/div>\n\t\t\t\t<\/div>\n\t\t\t\t<div class=\"elementor-element elementor-element-c3bb1d4 elementor-widget elementor-widget-text-editor\" data-id=\"c3bb1d4\" data-element_type=\"widget\" data-e-type=\"widget\" data-widget_type=\"text-editor.default\">\n\t\t\t\t<div class=\"elementor-widget-container\">\n\t\t\t\t\t\t\t\t\t<p style=\"text-indent: 2em;\"><img fetchpriority=\"high\" decoding=\"async\" class=\"alignleft wp-image-2457\" src=\"https:\/\/www.ussaki.com\/wp-content\/uploads\/2026\/01\/asikane-2-300x287.png\" alt=\"\" width=\"400\" height=\"383\" srcset=\"https:\/\/www.ussaki.com\/wp-content\/uploads\/2026\/01\/asikane-2-300x287.png 300w, https:\/\/www.ussaki.com\/wp-content\/uploads\/2026\/01\/asikane-2.png 592w\" sizes=\"(max-width: 400px) 100vw, 400px\" \/>\u0130nan\u00e7, D\u00fc\u015f\u00fcnce ve Fikir D\u00fcnyan\u0131za \u00c2\u015f\u0131k\u00e2ne bir bak\u0131\u015f \u00c2\u015f\u0131k\u00e2ne Dergisi; tasavvufun irfan\u0131n\u0131, edebin inceli\u011fini ve g\u00f6n\u00fcl terbiyesinin derinli\u011fini bug\u00fcn\u00fcn diliyle okuruna ula\u015ft\u0131ran bir inan\u00e7, k\u00fclt\u00fcr ve d\u00fc\u015f\u00fcnce dergisidir. \u201c\u0130nan\u00e7, D\u00fc\u015f\u00fcnce ve Fikir D\u00fcnyan\u0131za \u00c2\u015f\u0131k\u00e2ne bir bak\u0131\u015f\u201d anlay\u0131\u015f\u0131yla; hakikati arayan, iyi s\u00f6z\u00fc ve sahih bilgiyi \u00f6nceleyen, kalbini diri tutmak isteyen herkese nitelikli bir okuma iklimi sunmay\u0131 ama\u00e7lar.<\/p><p style=\"text-indent: 2em;\">\u00c2\u015f\u0131k\u00e2ne; gelene\u011fin birikimini g\u00fcn\u00fcm\u00fcz\u00fcn meseleleriyle bulu\u015ftururken, tasavvufu yaln\u0131zca ge\u00e7mi\u015fe ait bir anlat\u0131 olarak de\u011fil; insan\u0131 olgunla\u015ft\u0131ran, ahlak\u0131 g\u00fczelle\u015ftiren ve hayat\u0131 anlamland\u0131ran canl\u0131 bir yol olarak ele al\u0131r. Dergimiz, s\u00fck\u00fbneti, edebi ve muhabbeti merkeze alan bir \u00fcslubu \u00f6zenle korur.<\/p><p style=\"text-indent: 2em;\">Sayfalar\u0131m\u0131zda; tasavvuf b\u00fcy\u00fcklerine ve klasik metinlere dair okumalar, tefekk\u00fcr yaz\u0131lar\u0131, sohbet ve menk\u0131be se\u00e7kileri, \u015fiir ve denemeler, edebiyat \u00e7al\u0131\u015fmalar\u0131 ile k\u00fclt\u00fcr-sanat de\u011ferlendirmeleri bir araya gelir. Gayemiz; bilgiyi kuru bir aktar\u0131m olmaktan \u00e7\u0131kar\u0131p hikmete d\u00f6n\u00fc\u015ft\u00fcren, okurun zihnini oldu\u011fu kadar g\u00f6nl\u00fcn\u00fc de besleyen metinlerle kal\u0131c\u0131 bir iz b\u0131rakmakt\u0131r.<\/p><p style=\"text-indent: 2em;\">\u00c2\u015f\u0131k\u00e2ne; ayr\u0131\u015ft\u0131ran de\u011fil birle\u015ftiren, g\u00fcr\u00fclt\u00fcy\u00fc de\u011fil s\u00fck\u00fbneti \u00e7o\u011faltan bir dil in\u015fa etmeye \u00e7al\u0131\u015f\u0131r.<\/p><p style=\"text-indent: 2em;\">Edep, merhamet, sab\u0131r, \u015f\u00fck\u00fcr ve muhabbet gibi temel de\u011ferleri yeniden d\u00fc\u015f\u00fcnmeye \u00e7a\u011f\u0131ran her say\u0131m\u0131zda; insan\u0131 kendine ve hakikate yakla\u015ft\u0131ran sahih bir okumay\u0131 \u00e7o\u011faltmay\u0131 hedefler. \u00c2\u015f\u0131k\u00e2ne Dergisi\u2019ne ho\u015f geldiniz.<\/p><p style=\"text-indent: 2em;\">\u0130nanc\u0131n\u0131za, d\u00fc\u015f\u00fcncenize ve fikir d\u00fcnyan\u0131za; daha sahih, daha derin ve daha \u201c\u00c2\u015f\u0131k\u00e2ne\u201d bir bak\u0131\u015f i\u00e7in birlikte y\u00fcr\u00fcmeye davetlisiniz.<\/p>\t\t\t\t\t\t\t\t<\/div>\n\t\t\t\t<\/div>\n\t\t\t\t<div class=\"elementor-element elementor-element-dd665df elementor-widget elementor-widget-spacer\" data-id=\"dd665df\" data-element_type=\"widget\" data-e-type=\"widget\" data-widget_type=\"spacer.default\">\n\t\t\t\t<div class=\"elementor-widget-container\">\n\t\t\t\t\t\t\t<div class=\"elementor-spacer\">\n\t\t\t<div class=\"elementor-spacer-inner\"><\/div>\n\t\t<\/div>\n\t\t\t\t\t\t<\/div>\n\t\t\t\t<\/div>\n\t\t\t\t<div class=\"elementor-element elementor-element-56e8e42 elementor-widget elementor-widget-text-editor\" data-id=\"56e8e42\" data-element_type=\"widget\" data-e-type=\"widget\" data-widget_type=\"text-editor.default\">\n\t\t\t\t<div class=\"elementor-widget-container\">\n\t\t\t\t\t\t\t\t\t<p>* Manevi hayat\u0131n\u0131za \u0131\u015f\u0131k tutacak bu kaynak esere hemen sahip olmak i\u00e7in ileti\u015fim: +90 533 024 17 37<\/p>\t\t\t\t\t\t\t\t<\/div>\n\t\t\t\t<\/div>\n\t\t\t\t<\/div>\n\t\t\t\t<\/div>\n\t\t\t\t\t<\/div>\n\t\t\t\t<\/div>\n\t\t\t\t<\/div>\n\t\t","protected":false},"excerpt":{"rendered":"<p>\u00c2\u015f\u0131k\u00e2ne Dergisi \u0130nan\u00e7, D\u00fc\u015f\u00fcnce ve Fikir D\u00fcnyan\u0131za \u00c2\u015f\u0131k\u00e2ne bir bak\u0131\u015f \u00c2\u015f\u0131k\u00e2ne Dergisi; tasavvufun irfan\u0131n\u0131, edebin inceli\u011fini ve g\u00f6n\u00fcl terbiyesinin derinli\u011fini bug\u00fcn\u00fcn diliyle okuruna ula\u015ft\u0131ran bir inan\u00e7, k\u00fclt\u00fcr ve d\u00fc\u015f\u00fcnce dergisidir. \u201c\u0130nan\u00e7, D\u00fc\u015f\u00fcnce ve Fikir D\u00fcnyan\u0131za \u00c2\u015f\u0131k\u00e2ne bir bak\u0131\u015f\u201d anlay\u0131\u015f\u0131yla; hakikati arayan, iyi s\u00f6z\u00fc ve sahih bilgiyi \u00f6nceleyen, kalbini diri tutmak isteyen herkese nitelikli bir okuma [&hellip;]<\/p>\n","protected":false},"author":1,"featured_media":0,"parent":0,"menu_order":0,"comment_status":"closed","ping_status":"closed","template":"elementor_header_footer","meta":{"om_disable_all_campaigns":false,"_monsterinsights_skip_tracking":false,"_monsterinsights_sitenote_active":false,"_monsterinsights_sitenote_note":"","_monsterinsights_sitenote_category":0,"footnotes":""},"class_list":["post-1597","page","type-page","status-publish","hentry"],"aioseo_notices":[],"_links":{"self":[{"href":"https:\/\/www.ussaki.com\/index.php?rest_route=\/wp\/v2\/pages\/1597","targetHints":{"allow":["GET"]}}],"collection":[{"href":"https:\/\/www.ussaki.com\/index.php?rest_route=\/wp\/v2\/pages"}],"about":[{"href":"https:\/\/www.ussaki.com\/index.php?rest_route=\/wp\/v2\/types\/page"}],"author":[{"embeddable":true,"href":"https:\/\/www.ussaki.com\/index.php?rest_route=\/wp\/v2\/users\/1"}],"replies":[{"embeddable":true,"href":"https:\/\/www.ussaki.com\/index.php?rest_route=%2Fwp%2Fv2%2Fcomments&post=1597"}],"version-history":[{"count":49,"href":"https:\/\/www.ussaki.com\/index.php?rest_route=\/wp\/v2\/pages\/1597\/revisions"}],"predecessor-version":[{"id":2464,"href":"https:\/\/www.ussaki.com\/index.php?rest_route=\/wp\/v2\/pages\/1597\/revisions\/2464"}],"wp:attachment":[{"href":"https:\/\/www.ussaki.com\/index.php?rest_route=%2Fwp%2Fv2%2Fmedia&parent=1597"}],"curies":[{"name":"wp","href":"https:\/\/api.w.org\/{rel}","templated":true}]}}