{"id":1605,"date":"2025-12-28T12:11:37","date_gmt":"2025-12-28T09:11:37","guid":{"rendered":"https:\/\/www.ussaki.com\/?page_id=1605"},"modified":"2026-01-09T12:31:13","modified_gmt":"2026-01-09T09:31:13","slug":"ibadet-rehberi","status":"publish","type":"page","link":"https:\/\/www.ussaki.com\/?page_id=1605","title":{"rendered":"\u0130badet rehberi"},"content":{"rendered":"\t\t<div data-elementor-type=\"wp-page\" data-elementor-id=\"1605\" class=\"elementor elementor-1605\" data-elementor-post-type=\"page\">\n\t\t\t\t<div class=\"elementor-element elementor-element-abb232e e-flex e-con-boxed e-con e-parent\" data-id=\"abb232e\" data-element_type=\"container\" data-e-type=\"container\">\n\t\t\t\t\t<div class=\"e-con-inner\">\n\t\t<div class=\"elementor-element elementor-element-d96c95e e-con-full e-flex e-con e-child\" data-id=\"d96c95e\" data-element_type=\"container\" data-e-type=\"container\" data-settings=\"{&quot;background_background&quot;:&quot;classic&quot;}\">\n\t\t<div class=\"elementor-element elementor-element-a766eed e-con-full e-flex e-con e-child\" data-id=\"a766eed\" data-element_type=\"container\" data-e-type=\"container\">\n\t\t\t\t<div class=\"elementor-element elementor-element-2ef334a elementor-widget elementor-widget-heading\" data-id=\"2ef334a\" data-element_type=\"widget\" data-e-type=\"widget\" data-widget_type=\"heading.default\">\n\t\t\t\t<div class=\"elementor-widget-container\">\n\t\t\t\t\t<p class=\"elementor-heading-title elementor-size-default\">M\u00fcminin G\u00fcnl\u00fck Ya\u015fam ve \u0130badet Rehberi \/ Muhammed Hikmet \u00d6nem (Da\u011fl\u0131h\u00e2f\u0131z)<\/p>\t\t\t\t<\/div>\n\t\t\t\t<\/div>\n\t\t\t\t<div class=\"elementor-element elementor-element-5fce79a elementor-widget elementor-widget-text-editor\" data-id=\"5fce79a\" data-element_type=\"widget\" data-e-type=\"widget\" data-widget_type=\"text-editor.default\">\n\t\t\t\t<div class=\"elementor-widget-container\">\n\t\t\t\t\t\t\t\t\t<img fetchpriority=\"high\" decoding=\"async\" class=\"wp-image-1607 size-medium alignleft\" src=\"https:\/\/www.ussaki.com\/wp-content\/uploads\/2025\/12\/ibadetrehberi-300x240.webp\" alt=\"\" width=\"300\" height=\"240\" srcset=\"https:\/\/www.ussaki.com\/wp-content\/uploads\/2025\/12\/ibadetrehberi-300x240.webp 300w, https:\/\/www.ussaki.com\/wp-content\/uploads\/2025\/12\/ibadetrehberi.webp 688w\" sizes=\"(max-width: 300px) 100vw, 300px\" \/>\n<p style=\"text-indent: 2em;\">M\u00fcminin G\u00fcnl\u00fck Ya\u015fam ve \u0130badet Rehberi, g\u00fcnl\u00fck hayat\u0131n ak\u0131\u015f\u0131 i\u00e7inde ibadeti diri tutmak isteyen okurlar i\u00e7in haz\u0131rlanm\u0131\u015f pratik bir ba\u015fvuru kitab\u0131d\u0131r. \u0130badetin yaln\u0131zca bir \u201cuygulama\u201d de\u011fil; niyet, edep ve s\u00fcreklilikle olgunla\u015fan bir kulluk disiplini oldu\u011fu hat\u0131rlat\u0131l\u0131r. Anla\u015f\u0131l\u0131r dili ve d\u00fczenli kurgusuyla, ihtiya\u00e7 duydu\u011funuzda h\u0131zl\u0131ca a\u00e7\u0131p faydalanabilece\u011finiz bir rehber niteli\u011fi ta\u015f\u0131r.<\/p>\n\n<p style=\"text-indent: 2em;\">Kitap; m\u00fcminin g\u00fcndelik ya\u015fam\u0131nda s\u0131k\u00e7a kar\u015f\u0131la\u015ft\u0131\u011f\u0131 ibadet konular\u0131n\u0131 sistemli bi\u00e7imde ele alarak, temel bilgileri derli toplu bir \u00e7er\u00e7evede sunmay\u0131 hedefler. B\u00f6ylece hem yeni ba\u015flayanlar i\u00e7in yol g\u00f6sterici bir kaynak olur hem de bilgilerini tazelemek isteyenlere g\u00fcvenli bir tekrar alan\u0131 sa\u011flar. Manevi hayat\u0131n merkezinde yer alan hassasiyetleri hat\u0131rlatan yakla\u015f\u0131m\u0131yla, ibadeti \u201chayat\u0131n i\u00e7inde\u201d konumland\u0131r\u0131r.<\/p>\n\n<p style=\"text-indent: 2em;\">K\u0131sa, net ve okunabilir anlat\u0131m\u0131 sayesinde; evde, i\u015fte, okulda veya yolculukta kolayl\u0131kla takip edilebilir. M\u00fcminin g\u00fcnl\u00fck ritmine e\u015flik eden bu \u00e7al\u0131\u015fma, ibadet bilincini g\u00fc\u00e7lendirmeyi ve g\u00fcndelik ya\u015fam\u0131 daha d\u00fczenli, daha anlaml\u0131 bir kulluk \u00e7izgisine ta\u015f\u0131may\u0131 ama\u00e7lar.<\/p>\n\n\u00d6ne \u00e7\u0131kan y\u00f6nler :\n\n<br>G\u00fcnl\u00fck ya\u015famla uyumlu, pratik bir \u201crehber kitap\u201d kurgusu\n\n<br>Temel ibadet ba\u015fl\u0131klar\u0131n\u0131 toparlayan, d\u00fczenli ve eri\u015filebilir i\u00e7erik\n\n<br>Kolay anla\u015f\u0131l\u0131r dil, h\u0131zl\u0131 ba\u015fvuru imk\u00e2n\u0131\t\t\t\t\t\t\t\t<\/div>\n\t\t\t\t<\/div>\n\t\t\t\t<div class=\"elementor-element elementor-element-7b268c1 elementor-widget elementor-widget-spacer\" data-id=\"7b268c1\" data-element_type=\"widget\" data-e-type=\"widget\" data-widget_type=\"spacer.default\">\n\t\t\t\t<div class=\"elementor-widget-container\">\n\t\t\t\t\t\t\t<div class=\"elementor-spacer\">\n\t\t\t<div class=\"elementor-spacer-inner\"><\/div>\n\t\t<\/div>\n\t\t\t\t\t\t<\/div>\n\t\t\t\t<\/div>\n\t\t\t\t<div class=\"elementor-element elementor-element-0fa95c5 elementor-widget elementor-widget-text-editor\" data-id=\"0fa95c5\" data-element_type=\"widget\" data-e-type=\"widget\" data-widget_type=\"text-editor.default\">\n\t\t\t\t<div class=\"elementor-widget-container\">\n\t\t\t\t\t\t\t\t\t<p>* Manevi hayat\u0131n\u0131za \u0131\u015f\u0131k tutacak bu kaynak esere hemen sahip olmak i\u00e7in ileti\u015fim: +90 533 024 17 37<\/p>\t\t\t\t\t\t\t\t<\/div>\n\t\t\t\t<\/div>\n\t\t\t\t<\/div>\n\t\t\t\t<\/div>\n\t\t\t\t\t<\/div>\n\t\t\t\t<\/div>\n\t\t\t\t<\/div>\n\t\t","protected":false},"excerpt":{"rendered":"<p>M\u00fcminin G\u00fcnl\u00fck Ya\u015fam ve \u0130badet Rehberi \/ Muhammed Hikmet \u00d6nem (Da\u011fl\u0131h\u00e2f\u0131z) M\u00fcminin G\u00fcnl\u00fck Ya\u015fam ve \u0130badet Rehberi, g\u00fcnl\u00fck hayat\u0131n ak\u0131\u015f\u0131 i\u00e7inde ibadeti diri tutmak isteyen okurlar i\u00e7in haz\u0131rlanm\u0131\u015f pratik bir ba\u015fvuru kitab\u0131d\u0131r. \u0130badetin yaln\u0131zca bir \u201cuygulama\u201d de\u011fil; niyet, edep ve s\u00fcreklilikle olgunla\u015fan bir kulluk disiplini oldu\u011fu hat\u0131rlat\u0131l\u0131r. Anla\u015f\u0131l\u0131r dili ve d\u00fczenli kurgusuyla, ihtiya\u00e7 duydu\u011funuzda h\u0131zl\u0131ca [&hellip;]<\/p>\n","protected":false},"author":1,"featured_media":0,"parent":0,"menu_order":0,"comment_status":"closed","ping_status":"closed","template":"elementor_header_footer","meta":{"om_disable_all_campaigns":false,"_monsterinsights_skip_tracking":false,"_monsterinsights_sitenote_active":false,"_monsterinsights_sitenote_note":"","_monsterinsights_sitenote_category":0,"footnotes":""},"class_list":["post-1605","page","type-page","status-publish","hentry"],"aioseo_notices":[],"_links":{"self":[{"href":"https:\/\/www.ussaki.com\/index.php?rest_route=\/wp\/v2\/pages\/1605","targetHints":{"allow":["GET"]}}],"collection":[{"href":"https:\/\/www.ussaki.com\/index.php?rest_route=\/wp\/v2\/pages"}],"about":[{"href":"https:\/\/www.ussaki.com\/index.php?rest_route=\/wp\/v2\/types\/page"}],"author":[{"embeddable":true,"href":"https:\/\/www.ussaki.com\/index.php?rest_route=\/wp\/v2\/users\/1"}],"replies":[{"embeddable":true,"href":"https:\/\/www.ussaki.com\/index.php?rest_route=%2Fwp%2Fv2%2Fcomments&post=1605"}],"version-history":[{"count":17,"href":"https:\/\/www.ussaki.com\/index.php?rest_route=\/wp\/v2\/pages\/1605\/revisions"}],"predecessor-version":[{"id":2491,"href":"https:\/\/www.ussaki.com\/index.php?rest_route=\/wp\/v2\/pages\/1605\/revisions\/2491"}],"wp:attachment":[{"href":"https:\/\/www.ussaki.com\/index.php?rest_route=%2Fwp%2Fv2%2Fmedia&parent=1605"}],"curies":[{"name":"wp","href":"https:\/\/api.w.org\/{rel}","templated":true}]}}