{"id":1632,"date":"2025-12-28T20:30:41","date_gmt":"2025-12-28T17:30:41","guid":{"rendered":"https:\/\/www.ussaki.com\/?page_id=1632"},"modified":"2026-01-09T12:21:43","modified_gmt":"2026-01-09T09:21:43","slug":"sefer","status":"publish","type":"page","link":"https:\/\/www.ussaki.com\/?page_id=1632","title":{"rendered":"Sefer"},"content":{"rendered":"\t\t<div data-elementor-type=\"wp-page\" data-elementor-id=\"1632\" class=\"elementor elementor-1632\" data-elementor-post-type=\"page\">\n\t\t\t\t<div class=\"elementor-element elementor-element-dc65e74 e-flex e-con-boxed e-con e-parent\" data-id=\"dc65e74\" data-element_type=\"container\" data-e-type=\"container\">\n\t\t\t\t\t<div class=\"e-con-inner\">\n\t\t<div class=\"elementor-element elementor-element-c47892d e-con-full e-flex e-con e-child\" data-id=\"c47892d\" data-element_type=\"container\" data-e-type=\"container\" data-settings=\"{&quot;background_background&quot;:&quot;classic&quot;}\">\n\t\t<div class=\"elementor-element elementor-element-f4e1812 e-con-full e-flex e-con e-child\" data-id=\"f4e1812\" data-element_type=\"container\" data-e-type=\"container\">\n\t\t\t\t<div class=\"elementor-element elementor-element-95fd394 elementor-widget elementor-widget-heading\" data-id=\"95fd394\" data-element_type=\"widget\" data-e-type=\"widget\" data-widget_type=\"heading.default\">\n\t\t\t\t<div class=\"elementor-widget-container\">\n\t\t\t\t\t<p class=\"elementor-heading-title elementor-size-default\">SEFER<\/p>\t\t\t\t<\/div>\n\t\t\t\t<\/div>\n\t\t\t\t<div class=\"elementor-element elementor-element-75ab022 elementor-widget elementor-widget-text-editor\" data-id=\"75ab022\" data-element_type=\"widget\" data-e-type=\"widget\" data-widget_type=\"text-editor.default\">\n\t\t\t\t<div class=\"elementor-widget-container\">\n\t\t\t\t\t\t\t\t\t<p style=\"text-indent: 2em;\"><img fetchpriority=\"high\" decoding=\"async\" class=\"wp-image-1634 size-medium alignleft\" src=\"https:\/\/www.ussaki.com\/wp-content\/uploads\/2025\/12\/Sefer-195x300.webp\" alt=\"\" width=\"195\" height=\"300\" srcset=\"https:\/\/www.ussaki.com\/wp-content\/uploads\/2025\/12\/Sefer-195x300.webp 195w, https:\/\/www.ussaki.com\/wp-content\/uploads\/2025\/12\/Sefer-666x1024.webp 666w, https:\/\/www.ussaki.com\/wp-content\/uploads\/2025\/12\/Sefer-768x1180.webp 768w, https:\/\/www.ussaki.com\/wp-content\/uploads\/2025\/12\/Sefer-999x1536.webp 999w, https:\/\/www.ussaki.com\/wp-content\/uploads\/2025\/12\/Sefer.webp 1041w\" sizes=\"(max-width: 195px) 100vw, 195px\" \/>Bu eser, Muhammed Hikmet (Da\u011fl\u0131haf\u0131z) taraf\u0131ndan kaleme al\u0131nm\u0131\u015f olup, insan\u0131n ezelden ebede uzanan seyr \u00fc seferini, tasavvuf irfan\u0131, Kur\u2019\u00e2n ve s\u00fcnnet rehberli\u011finde ele alan derinlikli bir m\u00e2nev\u00ee yol haritas\u0131d\u0131r. K\u00e2inat\u0131n ve \u00e2lemlerin yarat\u0131l\u0131\u015f\u0131yla ba\u015flayan bu yolculuk; melekler, cinler, ruhlar ve insan\u0131n yarat\u0131l\u0131\u015f hikmeti \u00fczerinden kulun varl\u0131k i\u00e7indeki yerini idrak etmesine kap\u0131 aralamaktad\u0131r.<\/p><p style=\"text-indent: 2em;\">Eserde ak\u0131l, nefis ve kalp merkezli bahisler; nefsin mertebeleri, halleri ve hileleriyle birlikte ele al\u0131narak, insan\u0131n kendini tan\u0131ma s\u00fcreci hikmetli bir dil ile a\u00e7\u0131klanmaktad\u0131r. Kaz\u00e2 ve kader, c\u00fcz\u2019\u00ee irade, d\u00fcnya hayat\u0131n\u0131n aldat\u0131c\u0131l\u0131\u011f\u0131 ve insan\u0131n d\u00fcnyadaki seferleri; kulun imtihan bilincini diri tutacak \u015fekilde i\u015flenmi\u015ftir.<\/p><p style=\"text-indent: 2em;\">\u00d6l\u00fcmle ba\u015flayan berzah yolculu\u011fu; kabir \u00e2lemi, k\u0131yamet al\u00e2metleri, yeniden dirili\u015f, mah\u015fer, hesap, m\u00eezan ve s\u0131rat bahisleriyle tafsilatl\u0131 bi\u00e7imde ele al\u0131nm\u0131\u015f; cennet ve cehennem anlat\u0131lar\u0131yla \u00e2hiret ger\u00e7e\u011fi kalplere nak\u015fedilmi\u015ftir. Eser, korku ile \u00fcmit aras\u0131nda denge kurarak kulu Allah\u2019a (c.c.) y\u00f6nelten bir ir\u015fad \u00fcslubu ta\u015f\u0131maktad\u0131r.<\/p><p style=\"text-indent: 2em;\">Kitab\u0131n ilerleyen b\u00f6l\u00fcmlerinde m\u00e2rifetullah, Allah\u2019\u0131 (c.c.) tan\u0131mak ve bilmek, il\u00e2h\u00ee isim ve s\u0131fatlar, e\u015fyan\u0131n hakikati, ilim ve hikmet kavramlar\u0131; tasavvuf ehlinin as\u0131rlard\u0131r aktard\u0131\u011f\u0131 manev\u00ee miras \u00e7er\u00e7evesinde ele al\u0131nmaktad\u0131r. Allah sevgisi, korkusu ve r\u0131zas\u0131; Peygamber sevgisi ve itaatiyle birlikte kulun kem\u00e2le eri\u015f yolunda vazge\u00e7ilmez esaslar olarak sunulmaktad\u0131r.<\/p><p style=\"text-indent: 2em;\">\u015eeytan ve nefsin hileleri, g\u00fcnahlar, \u015firkler ve \u00e7e\u015fitli \u00e2fetler; kulun m\u00e2nev\u00ee yolculu\u011funda kar\u015f\u0131la\u015faca\u011f\u0131 engeller olarak a\u00e7\u0131klan\u0131rken, sab\u0131r, tevekk\u00fcl, z\u00fchd, takv\u00e2, ver\u00e2, riy\u00e2zet ve g\u00fczel ahl\u00e2k gibi faziletlerle bu engellerin nas\u0131l a\u015f\u0131laca\u011f\u0131 g\u00f6sterilmektedir. Tasavvuf yolunun edebi, m\u00fcridin ahl\u00e2k\u0131, g\u00fcnl\u00fck vird ve zikir usulleri; besmele, t\u00f6vbe, salav\u00e2t ve zikrin faziletleriyle birlikte prati\u011fe d\u00f6n\u00fck bir ir\u015fad sunmaktad\u0131r.<\/p><p style=\"text-indent: 2em;\">Muhammed Hikmet (Da\u011fl\u0131haf\u0131z) imzas\u0131n\u0131 ta\u015f\u0131yan bu eser; nefsini tan\u0131mak, kalbini ar\u0131nd\u0131rmak ve Rabbine yak\u0131nla\u015fmak isteyenler i\u00e7in, d\u00fcnya ve \u00e2hiret saadetini birlikte hedefleyen kapsaml\u0131 bir tasavvuf rehberi mahiyetindedir.<\/p>\t\t\t\t\t\t\t\t<\/div>\n\t\t\t\t<\/div>\n\t\t\t\t<div class=\"elementor-element elementor-element-c2d1c64 elementor-widget elementor-widget-spacer\" data-id=\"c2d1c64\" data-element_type=\"widget\" data-e-type=\"widget\" data-widget_type=\"spacer.default\">\n\t\t\t\t<div class=\"elementor-widget-container\">\n\t\t\t\t\t\t\t<div class=\"elementor-spacer\">\n\t\t\t<div class=\"elementor-spacer-inner\"><\/div>\n\t\t<\/div>\n\t\t\t\t\t\t<\/div>\n\t\t\t\t<\/div>\n\t\t\t\t<div class=\"elementor-element elementor-element-ea2558b elementor-widget elementor-widget-text-editor\" data-id=\"ea2558b\" data-element_type=\"widget\" data-e-type=\"widget\" data-widget_type=\"text-editor.default\">\n\t\t\t\t<div class=\"elementor-widget-container\">\n\t\t\t\t\t\t\t\t\t<p>* Manevi hayat\u0131n\u0131za \u0131\u015f\u0131k tutacak bu kaynak esere hemen sahip olmak i\u00e7in ileti\u015fim: +90 533 024 17 37<\/p>\t\t\t\t\t\t\t\t<\/div>\n\t\t\t\t<\/div>\n\t\t\t\t<\/div>\n\t\t\t\t<\/div>\n\t\t\t\t\t<\/div>\n\t\t\t\t<\/div>\n\t\t\t\t<\/div>\n\t\t","protected":false},"excerpt":{"rendered":"<p>SEFER Bu eser, Muhammed Hikmet (Da\u011fl\u0131haf\u0131z) taraf\u0131ndan kaleme al\u0131nm\u0131\u015f olup, insan\u0131n ezelden ebede uzanan seyr \u00fc seferini, tasavvuf irfan\u0131, Kur\u2019\u00e2n ve s\u00fcnnet rehberli\u011finde ele alan derinlikli bir m\u00e2nev\u00ee yol haritas\u0131d\u0131r. K\u00e2inat\u0131n ve \u00e2lemlerin yarat\u0131l\u0131\u015f\u0131yla ba\u015flayan bu yolculuk; melekler, cinler, ruhlar ve insan\u0131n yarat\u0131l\u0131\u015f hikmeti \u00fczerinden kulun varl\u0131k i\u00e7indeki yerini idrak etmesine kap\u0131 aralamaktad\u0131r. Eserde ak\u0131l, [&hellip;]<\/p>\n","protected":false},"author":1,"featured_media":0,"parent":0,"menu_order":0,"comment_status":"closed","ping_status":"closed","template":"elementor_header_footer","meta":{"om_disable_all_campaigns":false,"_monsterinsights_skip_tracking":false,"_monsterinsights_sitenote_active":false,"_monsterinsights_sitenote_note":"","_monsterinsights_sitenote_category":0,"footnotes":""},"class_list":["post-1632","page","type-page","status-publish","hentry"],"aioseo_notices":[],"_links":{"self":[{"href":"https:\/\/www.ussaki.com\/index.php?rest_route=\/wp\/v2\/pages\/1632","targetHints":{"allow":["GET"]}}],"collection":[{"href":"https:\/\/www.ussaki.com\/index.php?rest_route=\/wp\/v2\/pages"}],"about":[{"href":"https:\/\/www.ussaki.com\/index.php?rest_route=\/wp\/v2\/types\/page"}],"author":[{"embeddable":true,"href":"https:\/\/www.ussaki.com\/index.php?rest_route=\/wp\/v2\/users\/1"}],"replies":[{"embeddable":true,"href":"https:\/\/www.ussaki.com\/index.php?rest_route=%2Fwp%2Fv2%2Fcomments&post=1632"}],"version-history":[{"count":16,"href":"https:\/\/www.ussaki.com\/index.php?rest_route=\/wp\/v2\/pages\/1632\/revisions"}],"predecessor-version":[{"id":2488,"href":"https:\/\/www.ussaki.com\/index.php?rest_route=\/wp\/v2\/pages\/1632\/revisions\/2488"}],"wp:attachment":[{"href":"https:\/\/www.ussaki.com\/index.php?rest_route=%2Fwp%2Fv2%2Fmedia&parent=1632"}],"curies":[{"name":"wp","href":"https:\/\/api.w.org\/{rel}","templated":true}]}}