{"id":1647,"date":"2025-12-28T21:04:43","date_gmt":"2025-12-28T18:04:43","guid":{"rendered":"https:\/\/www.ussaki.com\/?page_id=1647"},"modified":"2026-01-09T14:29:11","modified_gmt":"2026-01-09T11:29:11","slug":"virdiussaki","status":"publish","type":"page","link":"https:\/\/www.ussaki.com\/?page_id=1647","title":{"rendered":"VirdiUssaki"},"content":{"rendered":"\t\t<div data-elementor-type=\"wp-page\" data-elementor-id=\"1647\" class=\"elementor elementor-1647\" data-elementor-post-type=\"page\">\n\t\t\t\t<div class=\"elementor-element elementor-element-848d894 e-flex e-con-boxed e-con e-parent\" data-id=\"848d894\" data-element_type=\"container\" data-e-type=\"container\">\n\t\t\t\t\t<div class=\"e-con-inner\">\n\t\t<div class=\"elementor-element elementor-element-c8999da e-con-full e-flex e-con e-child\" data-id=\"c8999da\" data-element_type=\"container\" data-e-type=\"container\" data-settings=\"{&quot;background_background&quot;:&quot;classic&quot;}\">\n\t\t<div class=\"elementor-element elementor-element-f29a5af e-con-full e-flex e-con e-child\" data-id=\"f29a5af\" data-element_type=\"container\" data-e-type=\"container\">\n\t\t\t\t<div class=\"elementor-element elementor-element-ece1f3a elementor-widget elementor-widget-heading\" data-id=\"ece1f3a\" data-element_type=\"widget\" data-e-type=\"widget\" data-widget_type=\"heading.default\">\n\t\t\t\t<div class=\"elementor-widget-container\">\n\t\t\t\t\t<p class=\"elementor-heading-title elementor-size-default\">Vird-i U\u015f\u015f\u00e2k\u00ee (Vird-i Sett\u00e2r)<\/p>\t\t\t\t<\/div>\n\t\t\t\t<\/div>\n\t\t\t\t<div class=\"elementor-element elementor-element-79089ec elementor-widget elementor-widget-text-editor\" data-id=\"79089ec\" data-element_type=\"widget\" data-e-type=\"widget\" data-widget_type=\"text-editor.default\">\n\t\t\t\t<div class=\"elementor-widget-container\">\n\t\t\t\t\t\t\t\t\t<p><img fetchpriority=\"high\" decoding=\"async\" class=\"wp-image-1649 size-medium alignleft\" src=\"https:\/\/www.ussaki.com\/wp-content\/uploads\/2025\/12\/virdiussaki-199x300.webp\" alt=\"\" width=\"199\" height=\"300\" srcset=\"https:\/\/www.ussaki.com\/wp-content\/uploads\/2025\/12\/virdiussaki-199x300.webp 199w, https:\/\/www.ussaki.com\/wp-content\/uploads\/2025\/12\/virdiussaki.webp 485w\" sizes=\"(max-width: 199px) 100vw, 199px\" \/><\/p><p style=\"text-align: justify; text-indent: 2em;\">U\u015f\u015f\u00e2k\u00ee Tar\u00eeki\u2019nin m\u00e2nev\u00ee irfan\u0131n\u0131, zikir ve du\u00e2 gelene\u011fini g\u00fcn\u00fcm\u00fcze ta\u015f\u0131yan m\u00fcstesna bir eserdir. Bu eser, asl\u0131 Seyyid Yahy\u00e2-i \u015eirv\u00e2n\u00ee Hazretleri (k.s.a.) taraf\u0131ndan tertip edilen Vird-i Sett\u00e2r\u2019\u0131n, P\u00eer Seyyid Hasan H\u00fcs\u00e2meddin-i U\u015f\u015f\u00e2k\u00ee Hazretleri (k.s.a.) taraf\u0131ndan \u015ferh edilip U\u015f\u015f\u00e2k\u00ee yoluna has bir tertip ve derinlik kazand\u0131r\u0131lm\u0131\u015f \u015feklidir. B\u00f6ylece vird, yaln\u0131zca bir okuma metni de\u011fil; seyr u s\u00fcl\u00fbkte rehberlik eden, kalbi terbiye eden ve m\u00e2nev\u00ee idraki derinle\u015ftiren bir ir\u015fad menzili h\u00e2line gelmi\u015ftir.<\/p><p style=\"text-align: justify; text-indent: 2em;\">Eserde yer alan evr\u00e2d ve dualar; kulun acziyetini idrak ederek Rabbine y\u00f6neli\u015fini, isti\u011ffarla ar\u0131nmas\u0131n\u0131, Esm\u00e2-i H\u00fcsn\u00e2 ile il\u00e2h\u00ee hakikatlere yakla\u015fmas\u0131n\u0131 ve Res\u00fbl-i Ekrem Efendimiz\u2019e (s.a.v.) sal\u00e2t u sel\u00e2m ile m\u00e2nev\u00ee ba\u011f\u0131n\u0131 kuvvetlendirmesini hedefler. Metnin hem okunu\u015f hem de m\u00e2n\u00e2 b\u00f6l\u00fcmleriyle sunulmas\u0131, okuyucunun yaln\u0131zca lafz\u00ee bir tekrar de\u011fil, \u015fuurlu ve idrakli bir ibadet h\u00e2lini kazanmas\u0131na vesile olur.<\/p><p style=\"text-align: justify; text-indent: 2em;\">K\u0131rm\u0131z\u0131 ile belirtilen k\u0131s\u0131mlar, P\u00eer Seyyid Hasan H\u00fcs\u00e2meddin-i U\u015f\u015f\u00e2k\u00ee Hazretleri\u2019nin il\u00e2ve ve \u015ferhlerinden olu\u015fmakta; b\u00f6ylece U\u015f\u015f\u00e2k\u00ee yolunun edep, erk\u00e2n ve m\u00e2nev\u00ee hassasiyetleri virdin b\u00fcnyesine nak\u015fedilmektedir. Eser, dervi\u015f i\u00e7in g\u00fcnl\u00fck hayat\u0131n i\u00e7inde bir m\u00e2nev\u00ee muhasebe, bir kalp aynas\u0131 ve bir istikamet pusulas\u0131 mesabesindedir.<\/p><p style=\"text-align: justify; text-indent: 2em;\">Haz\u0131rlayan Muhammed Hikmet (Da\u011fl\u0131h\u00e2f\u0131z) taraf\u0131ndan titizlikle yay\u0131na haz\u0131rlanan bu \u00e7al\u0131\u015fma, U\u015f\u015f\u00e2k\u00ee yoluna mensup olanlar kadar, tasavvuf\u00ee irfan\u0131, zikir adab\u0131n\u0131 ve geleneksel evr\u00e2d k\u00fclt\u00fcr\u00fcn\u00fc tan\u0131mak isteyen b\u00fct\u00fcn g\u00f6n\u00fcl ehline hitap etmektedir. Vird-i U\u015f\u015f\u00e2k\u00ee, Hak yolunda y\u00fcr\u00fcmek isteyenler i\u00e7in bir niyaz, bir s\u0131\u011f\u0131nak ve bir vuslat \u00e7a\u011fr\u0131s\u0131d\u0131r.<\/p>\t\t\t\t\t\t\t\t<\/div>\n\t\t\t\t<\/div>\n\t\t\t\t<div class=\"elementor-element elementor-element-283c877 elementor-widget elementor-widget-spacer\" data-id=\"283c877\" data-element_type=\"widget\" data-e-type=\"widget\" data-widget_type=\"spacer.default\">\n\t\t\t\t<div class=\"elementor-widget-container\">\n\t\t\t\t\t\t\t<div class=\"elementor-spacer\">\n\t\t\t<div class=\"elementor-spacer-inner\"><\/div>\n\t\t<\/div>\n\t\t\t\t\t\t<\/div>\n\t\t\t\t<\/div>\n\t\t\t\t<div class=\"elementor-element elementor-element-2e46b0f elementor-widget elementor-widget-text-editor\" data-id=\"2e46b0f\" data-element_type=\"widget\" data-e-type=\"widget\" data-widget_type=\"text-editor.default\">\n\t\t\t\t<div class=\"elementor-widget-container\">\n\t\t\t\t\t\t\t\t\t<p>* Manevi hayat\u0131n\u0131za \u0131\u015f\u0131k tutacak bu kaynak esere hemen sahip olmak i\u00e7in ileti\u015fim: +90 533 024 17 37<\/p>\t\t\t\t\t\t\t\t<\/div>\n\t\t\t\t<\/div>\n\t\t\t\t<\/div>\n\t\t\t\t<\/div>\n\t\t\t\t\t<\/div>\n\t\t\t\t<\/div>\n\t\t\t\t<\/div>\n\t\t","protected":false},"excerpt":{"rendered":"<p>Vird-i U\u015f\u015f\u00e2k\u00ee (Vird-i Sett\u00e2r) U\u015f\u015f\u00e2k\u00ee Tar\u00eeki\u2019nin m\u00e2nev\u00ee irfan\u0131n\u0131, zikir ve du\u00e2 gelene\u011fini g\u00fcn\u00fcm\u00fcze ta\u015f\u0131yan m\u00fcstesna bir eserdir. Bu eser, asl\u0131 Seyyid Yahy\u00e2-i \u015eirv\u00e2n\u00ee Hazretleri (k.s.a.) taraf\u0131ndan tertip edilen Vird-i Sett\u00e2r\u2019\u0131n, P\u00eer Seyyid Hasan H\u00fcs\u00e2meddin-i U\u015f\u015f\u00e2k\u00ee Hazretleri (k.s.a.) taraf\u0131ndan \u015ferh edilip U\u015f\u015f\u00e2k\u00ee yoluna has bir tertip ve derinlik kazand\u0131r\u0131lm\u0131\u015f \u015feklidir. B\u00f6ylece vird, yaln\u0131zca bir okuma metni [&hellip;]<\/p>\n","protected":false},"author":1,"featured_media":0,"parent":0,"menu_order":0,"comment_status":"closed","ping_status":"closed","template":"elementor_header_footer","meta":{"om_disable_all_campaigns":false,"_monsterinsights_skip_tracking":false,"_monsterinsights_sitenote_active":false,"_monsterinsights_sitenote_note":"","_monsterinsights_sitenote_category":0,"footnotes":""},"class_list":["post-1647","page","type-page","status-publish","hentry"],"aioseo_notices":[],"_links":{"self":[{"href":"https:\/\/www.ussaki.com\/index.php?rest_route=\/wp\/v2\/pages\/1647","targetHints":{"allow":["GET"]}}],"collection":[{"href":"https:\/\/www.ussaki.com\/index.php?rest_route=\/wp\/v2\/pages"}],"about":[{"href":"https:\/\/www.ussaki.com\/index.php?rest_route=\/wp\/v2\/types\/page"}],"author":[{"embeddable":true,"href":"https:\/\/www.ussaki.com\/index.php?rest_route=\/wp\/v2\/users\/1"}],"replies":[{"embeddable":true,"href":"https:\/\/www.ussaki.com\/index.php?rest_route=%2Fwp%2Fv2%2Fcomments&post=1647"}],"version-history":[{"count":30,"href":"https:\/\/www.ussaki.com\/index.php?rest_route=\/wp\/v2\/pages\/1647\/revisions"}],"predecessor-version":[{"id":2525,"href":"https:\/\/www.ussaki.com\/index.php?rest_route=\/wp\/v2\/pages\/1647\/revisions\/2525"}],"wp:attachment":[{"href":"https:\/\/www.ussaki.com\/index.php?rest_route=%2Fwp%2Fv2%2Fmedia&parent=1647"}],"curies":[{"name":"wp","href":"https:\/\/api.w.org\/{rel}","templated":true}]}}