{"id":1656,"date":"2025-12-28T21:09:41","date_gmt":"2025-12-28T18:09:41","guid":{"rendered":"https:\/\/www.ussaki.com\/?page_id=1656"},"modified":"2026-01-09T14:36:06","modified_gmt":"2026-01-09T11:36:06","slug":"sakinilmasigerekenler","status":"publish","type":"page","link":"https:\/\/www.ussaki.com\/?page_id=1656","title":{"rendered":"Sakinilmasi gerekenler"},"content":{"rendered":"\t\t<div data-elementor-type=\"wp-page\" data-elementor-id=\"1656\" class=\"elementor elementor-1656\" data-elementor-post-type=\"page\">\n\t\t\t\t<div class=\"elementor-element elementor-element-9825b69 e-flex e-con-boxed e-con e-parent\" data-id=\"9825b69\" data-element_type=\"container\" data-e-type=\"container\">\n\t\t\t\t\t<div class=\"e-con-inner\">\n\t\t<div class=\"elementor-element elementor-element-69f0406 e-con-full e-flex e-con e-child\" data-id=\"69f0406\" data-element_type=\"container\" data-e-type=\"container\" data-settings=\"{&quot;background_background&quot;:&quot;classic&quot;}\">\n\t\t<div class=\"elementor-element elementor-element-4655865 e-con-full e-flex e-con e-child\" data-id=\"4655865\" data-element_type=\"container\" data-e-type=\"container\">\n\t\t\t\t<div class=\"elementor-element elementor-element-1044e67 elementor-widget elementor-widget-heading\" data-id=\"1044e67\" data-element_type=\"widget\" data-e-type=\"widget\" data-widget_type=\"heading.default\">\n\t\t\t\t<div class=\"elementor-widget-container\">\n\t\t\t\t\t<p class=\"elementor-heading-title elementor-size-default\">SAKINILMASI GEREKENLER M\u00fcsl\u00fcman\u0131n G\u00fcnl\u00fck Ya\u015fam Rehberi Muhammed Hikmet (Da\u011fl\u0131h\u00e2f\u0131z)<\/p>\t\t\t\t<\/div>\n\t\t\t\t<\/div>\n\t\t\t\t<div class=\"elementor-element elementor-element-241374e elementor-widget elementor-widget-text-editor\" data-id=\"241374e\" data-element_type=\"widget\" data-e-type=\"widget\" data-widget_type=\"text-editor.default\">\n\t\t\t\t<div class=\"elementor-widget-container\">\n\t\t\t\t\t\t\t\t\t<p><img fetchpriority=\"high\" decoding=\"async\" class=\"wp-image-1658 size-medium alignleft\" src=\"https:\/\/www.ussaki.com\/wp-content\/uploads\/2025\/12\/sakinilmasigerekenler-300x214.webp\" alt=\"\" width=\"300\" height=\"214\" srcset=\"https:\/\/www.ussaki.com\/wp-content\/uploads\/2025\/12\/sakinilmasigerekenler-300x214.webp 300w, https:\/\/www.ussaki.com\/wp-content\/uploads\/2025\/12\/sakinilmasigerekenler-1024x730.webp 1024w, https:\/\/www.ussaki.com\/wp-content\/uploads\/2025\/12\/sakinilmasigerekenler-768x547.webp 768w, https:\/\/www.ussaki.com\/wp-content\/uploads\/2025\/12\/sakinilmasigerekenler-1536x1094.webp 1536w, https:\/\/www.ussaki.com\/wp-content\/uploads\/2025\/12\/sakinilmasigerekenler.webp 1600w\" sizes=\"(max-width: 300px) 100vw, 300px\" \/><\/p><p style=\"text-indent: 2em;\">\u0130slam ahl\u00e2k\u0131n\u0131n inceliklerini, g\u00fcnl\u00fck hayatta fark edilmeden yap\u0131lan hatalar\u0131 ve manev\u00ee hayata zarar veren davran\u0131\u015flar\u0131 sade bir \u00fcslupla ele alan \u201cSak\u0131n\u0131lmas\u0131 Gerekenler\u201d, her M\u00fcsl\u00fcman i\u00e7in yol g\u00f6sterici bir rehber niteli\u011findedir.<\/p><p style=\"text-indent: 2em;\">Bu eser; s\u00f6zde, davran\u0131\u015fta ve niyette sak\u0131n\u0131lmas\u0131 gereken hususlar\u0131 Kur\u2019an ve s\u00fcnnet \u00e7izgisinde ele al\u0131rken, tasavvuf\u00ee bir derinlikle okuyucuya nefs muhasebesi yapma imk\u00e2n\u0131 sunar. G\u00fcnl\u00fck ya\u015famda s\u0131k\u00e7a kar\u015f\u0131la\u015f\u0131lan gafletler, ahl\u00e2k\u00ee zaaflar ve kalbi zedeleyen tutumlar, anla\u015f\u0131l\u0131r ve etkileyici \u00f6rneklerle a\u00e7\u0131klan\u0131r.<\/p><p style=\"text-indent: 2em;\">Manev\u00ee hassasiyetini diri tutmak isteyenler, kendini \u0131slah yolunda ilerlemek arzusunda olanlar ve \u0130slam\u00ee ya\u015fam bilincini g\u00fc\u00e7lendirmek isteyen herkes i\u00e7in ba\u015fucu eseri niteli\u011findedir.<\/p><p style=\"text-indent: 2em;\">Her ya\u015fa ve her seviyeye hitap eden, sade ama derin bir manev\u00ee rehber.<\/p>\t\t\t\t\t\t\t\t<\/div>\n\t\t\t\t<\/div>\n\t\t\t\t<div class=\"elementor-element elementor-element-2736002 elementor-widget elementor-widget-spacer\" data-id=\"2736002\" data-element_type=\"widget\" data-e-type=\"widget\" data-widget_type=\"spacer.default\">\n\t\t\t\t<div class=\"elementor-widget-container\">\n\t\t\t\t\t\t\t<div class=\"elementor-spacer\">\n\t\t\t<div class=\"elementor-spacer-inner\"><\/div>\n\t\t<\/div>\n\t\t\t\t\t\t<\/div>\n\t\t\t\t<\/div>\n\t\t\t\t<div class=\"elementor-element elementor-element-3047546 elementor-widget elementor-widget-text-editor\" data-id=\"3047546\" data-element_type=\"widget\" data-e-type=\"widget\" data-widget_type=\"text-editor.default\">\n\t\t\t\t<div class=\"elementor-widget-container\">\n\t\t\t\t\t\t\t\t\t<p>* Manevi hayat\u0131n\u0131za \u0131\u015f\u0131k tutacak bu kaynak esere hemen sahip olmak i\u00e7in ileti\u015fim: +90 533 024 17 37<\/p>\t\t\t\t\t\t\t\t<\/div>\n\t\t\t\t<\/div>\n\t\t\t\t<\/div>\n\t\t\t\t<\/div>\n\t\t\t\t\t<\/div>\n\t\t\t\t<\/div>\n\t\t\t\t<\/div>\n\t\t","protected":false},"excerpt":{"rendered":"<p>SAKINILMASI GEREKENLER M\u00fcsl\u00fcman\u0131n G\u00fcnl\u00fck Ya\u015fam Rehberi Muhammed Hikmet (Da\u011fl\u0131h\u00e2f\u0131z) \u0130slam ahl\u00e2k\u0131n\u0131n inceliklerini, g\u00fcnl\u00fck hayatta fark edilmeden yap\u0131lan hatalar\u0131 ve manev\u00ee hayata zarar veren davran\u0131\u015flar\u0131 sade bir \u00fcslupla ele alan \u201cSak\u0131n\u0131lmas\u0131 Gerekenler\u201d, her M\u00fcsl\u00fcman i\u00e7in yol g\u00f6sterici bir rehber niteli\u011findedir. Bu eser; s\u00f6zde, davran\u0131\u015fta ve niyette sak\u0131n\u0131lmas\u0131 gereken hususlar\u0131 Kur\u2019an ve s\u00fcnnet \u00e7izgisinde ele al\u0131rken, tasavvuf\u00ee [&hellip;]<\/p>\n","protected":false},"author":1,"featured_media":0,"parent":0,"menu_order":0,"comment_status":"closed","ping_status":"closed","template":"elementor_header_footer","meta":{"om_disable_all_campaigns":false,"_monsterinsights_skip_tracking":false,"_monsterinsights_sitenote_active":false,"_monsterinsights_sitenote_note":"","_monsterinsights_sitenote_category":0,"footnotes":""},"class_list":["post-1656","page","type-page","status-publish","hentry"],"aioseo_notices":[],"_links":{"self":[{"href":"https:\/\/www.ussaki.com\/index.php?rest_route=\/wp\/v2\/pages\/1656","targetHints":{"allow":["GET"]}}],"collection":[{"href":"https:\/\/www.ussaki.com\/index.php?rest_route=\/wp\/v2\/pages"}],"about":[{"href":"https:\/\/www.ussaki.com\/index.php?rest_route=\/wp\/v2\/types\/page"}],"author":[{"embeddable":true,"href":"https:\/\/www.ussaki.com\/index.php?rest_route=\/wp\/v2\/users\/1"}],"replies":[{"embeddable":true,"href":"https:\/\/www.ussaki.com\/index.php?rest_route=%2Fwp%2Fv2%2Fcomments&post=1656"}],"version-history":[{"count":20,"href":"https:\/\/www.ussaki.com\/index.php?rest_route=\/wp\/v2\/pages\/1656\/revisions"}],"predecessor-version":[{"id":2531,"href":"https:\/\/www.ussaki.com\/index.php?rest_route=\/wp\/v2\/pages\/1656\/revisions\/2531"}],"wp:attachment":[{"href":"https:\/\/www.ussaki.com\/index.php?rest_route=%2Fwp%2Fv2%2Fmedia&parent=1656"}],"curies":[{"name":"wp","href":"https:\/\/api.w.org\/{rel}","templated":true}]}}