{"id":1673,"date":"2025-12-28T21:17:15","date_gmt":"2025-12-28T18:17:15","guid":{"rendered":"https:\/\/www.ussaki.com\/?page_id=1673"},"modified":"2026-01-09T14:32:51","modified_gmt":"2026-01-09T11:32:51","slug":"kamilinsanamelleri","status":"publish","type":"page","link":"https:\/\/www.ussaki.com\/?page_id=1673","title":{"rendered":"Kamil insan amelleri"},"content":{"rendered":"\t\t<div data-elementor-type=\"wp-page\" data-elementor-id=\"1673\" class=\"elementor elementor-1673\" data-elementor-post-type=\"page\">\n\t\t\t\t<div class=\"elementor-element elementor-element-625e584 e-flex e-con-boxed e-con e-parent\" data-id=\"625e584\" data-element_type=\"container\" data-e-type=\"container\">\n\t\t\t\t\t<div class=\"e-con-inner\">\n\t\t<div class=\"elementor-element elementor-element-475f894 e-con-full e-flex e-con e-child\" data-id=\"475f894\" data-element_type=\"container\" data-e-type=\"container\" data-settings=\"{&quot;background_background&quot;:&quot;classic&quot;}\">\n\t\t<div class=\"elementor-element elementor-element-d6c5eac e-con-full e-flex e-con e-child\" data-id=\"d6c5eac\" data-element_type=\"container\" data-e-type=\"container\">\n\t\t\t\t<div class=\"elementor-element elementor-element-6552c9e elementor-widget elementor-widget-heading\" data-id=\"6552c9e\" data-element_type=\"widget\" data-e-type=\"widget\" data-widget_type=\"heading.default\">\n\t\t\t\t<div class=\"elementor-widget-container\">\n\t\t\t\t\t<p class=\"elementor-heading-title elementor-size-default\">K\u00c2M\u0130L \u0130NSAN AMELLER\u0130\u00a0Muhammed Hikmet (Da\u011fl\u0131haf\u0131z)<\/p>\t\t\t\t<\/div>\n\t\t\t\t<\/div>\n\t\t\t\t<div class=\"elementor-element elementor-element-14ab7d4 elementor-widget elementor-widget-text-editor\" data-id=\"14ab7d4\" data-element_type=\"widget\" data-e-type=\"widget\" data-widget_type=\"text-editor.default\">\n\t\t\t\t<div class=\"elementor-widget-container\">\n\t\t\t\t\t\t\t\t\t<p><img fetchpriority=\"high\" decoding=\"async\" class=\"wp-image-1675 size-medium alignleft\" src=\"https:\/\/www.ussaki.com\/wp-content\/uploads\/2025\/12\/kamilinsan-178x300.webp\" alt=\"\" width=\"178\" height=\"300\" srcset=\"https:\/\/www.ussaki.com\/wp-content\/uploads\/2025\/12\/kamilinsan-178x300.webp 178w, https:\/\/www.ussaki.com\/wp-content\/uploads\/2025\/12\/kamilinsan.webp 189w\" sizes=\"(max-width: 178px) 100vw, 178px\" \/><\/p><p>Tasavvuf yoluna girenlerin manev\u00ee seyr u s\u00fcl\u00fbk s\u00fcrecinde bilmesi ve uygulamas\u0131 gereken temel esaslar\u0131 a\u00e7\u0131k, sistematik ve rehber niteli\u011finde bir \u00fcslupla ele alan k\u0131ymetli bir eserdir.<\/p><p>Kitapta;<\/p><p>K\u00e2mil insan anlay\u0131\u015f\u0131,<\/p><p>Tasavvuf yoluna girenlerin yapmas\u0131 gereken ameller,<\/p><p>Ahl\u00e2k\u00ee davran\u0131\u015flar,<\/p><p>Nefis ve nefsin hileleri,<\/p><p>\u015eeytan ve vesveseleri,<\/p><p>G\u00fcnl\u00fck manev\u00ee vazifeler,<\/p><p>\u0130l\u00e2h\u00ee feyz,<\/p><p>Tevecc\u00fch, r\u00e2b\u0131ta ve mur\u00e2kabe<\/p><p>gibi konular, U\u015f\u015f\u00e2k\u00ee yolunun irfan ve edep anlay\u0131\u015f\u0131 \u00e7er\u00e7evesinde ele al\u0131nmaktad\u0131r.<\/p><p>Teorik bilgiden ziyade uygulamaya d\u00f6n\u00fck anlat\u0131m\u0131yla eser, okuyucuya neyi, ne zaman ve nas\u0131l yapmas\u0131 gerekti\u011fini g\u00f6steren bir manev\u00ee yol haritas\u0131 sunar. Tasavvuf yolunda istikrar, edep ve bilin\u00e7 kazanmak isteyenler i\u00e7in g\u00fcvenilir bir ba\u015fvuru kayna\u011f\u0131d\u0131r.<\/p><p>K\u00e2mil insan olma yolunda ameli ve ahl\u00e2k\u0131 merkeze alan sahih bir rehber.<\/p>\t\t\t\t\t\t\t\t<\/div>\n\t\t\t\t<\/div>\n\t\t\t\t<div class=\"elementor-element elementor-element-df65915 elementor-widget elementor-widget-spacer\" data-id=\"df65915\" data-element_type=\"widget\" data-e-type=\"widget\" data-widget_type=\"spacer.default\">\n\t\t\t\t<div class=\"elementor-widget-container\">\n\t\t\t\t\t\t\t<div class=\"elementor-spacer\">\n\t\t\t<div class=\"elementor-spacer-inner\"><\/div>\n\t\t<\/div>\n\t\t\t\t\t\t<\/div>\n\t\t\t\t<\/div>\n\t\t\t\t<div class=\"elementor-element elementor-element-1c9691a elementor-widget elementor-widget-text-editor\" data-id=\"1c9691a\" data-element_type=\"widget\" data-e-type=\"widget\" data-widget_type=\"text-editor.default\">\n\t\t\t\t<div class=\"elementor-widget-container\">\n\t\t\t\t\t\t\t\t\t<p>* Manevi hayat\u0131n\u0131za \u0131\u015f\u0131k tutacak bu kaynak esere hemen sahip olmak i\u00e7in ileti\u015fim: +90 533 024 17 37<\/p>\t\t\t\t\t\t\t\t<\/div>\n\t\t\t\t<\/div>\n\t\t\t\t<\/div>\n\t\t\t\t<\/div>\n\t\t\t\t\t<\/div>\n\t\t\t\t<\/div>\n\t\t\t\t<\/div>\n\t\t","protected":false},"excerpt":{"rendered":"<p>K\u00c2M\u0130L \u0130NSAN AMELLER\u0130\u00a0Muhammed Hikmet (Da\u011fl\u0131haf\u0131z) Tasavvuf yoluna girenlerin manev\u00ee seyr u s\u00fcl\u00fbk s\u00fcrecinde bilmesi ve uygulamas\u0131 gereken temel esaslar\u0131 a\u00e7\u0131k, sistematik ve rehber niteli\u011finde bir \u00fcslupla ele alan k\u0131ymetli bir eserdir. Kitapta; K\u00e2mil insan anlay\u0131\u015f\u0131, Tasavvuf yoluna girenlerin yapmas\u0131 gereken ameller, Ahl\u00e2k\u00ee davran\u0131\u015flar, Nefis ve nefsin hileleri, \u015eeytan ve vesveseleri, G\u00fcnl\u00fck manev\u00ee vazifeler, \u0130l\u00e2h\u00ee feyz, [&hellip;]<\/p>\n","protected":false},"author":1,"featured_media":0,"parent":0,"menu_order":0,"comment_status":"closed","ping_status":"closed","template":"elementor_header_footer","meta":{"om_disable_all_campaigns":false,"_monsterinsights_skip_tracking":false,"_monsterinsights_sitenote_active":false,"_monsterinsights_sitenote_note":"","_monsterinsights_sitenote_category":0,"footnotes":""},"class_list":["post-1673","page","type-page","status-publish","hentry"],"aioseo_notices":[],"_links":{"self":[{"href":"https:\/\/www.ussaki.com\/index.php?rest_route=\/wp\/v2\/pages\/1673","targetHints":{"allow":["GET"]}}],"collection":[{"href":"https:\/\/www.ussaki.com\/index.php?rest_route=\/wp\/v2\/pages"}],"about":[{"href":"https:\/\/www.ussaki.com\/index.php?rest_route=\/wp\/v2\/types\/page"}],"author":[{"embeddable":true,"href":"https:\/\/www.ussaki.com\/index.php?rest_route=\/wp\/v2\/users\/1"}],"replies":[{"embeddable":true,"href":"https:\/\/www.ussaki.com\/index.php?rest_route=%2Fwp%2Fv2%2Fcomments&post=1673"}],"version-history":[{"count":14,"href":"https:\/\/www.ussaki.com\/index.php?rest_route=\/wp\/v2\/pages\/1673\/revisions"}],"predecessor-version":[{"id":2528,"href":"https:\/\/www.ussaki.com\/index.php?rest_route=\/wp\/v2\/pages\/1673\/revisions\/2528"}],"wp:attachment":[{"href":"https:\/\/www.ussaki.com\/index.php?rest_route=%2Fwp%2Fv2%2Fmedia&parent=1673"}],"curies":[{"name":"wp","href":"https:\/\/api.w.org\/{rel}","templated":true}]}}