{"id":2705,"date":"2026-01-30T21:55:57","date_gmt":"2026-01-30T18:55:57","guid":{"rendered":"https:\/\/www.ussaki.com\/?page_id=2705"},"modified":"2026-02-17T00:16:19","modified_gmt":"2026-02-16T21:16:19","slug":"asitane-postnisini","status":"publish","type":"page","link":"https:\/\/www.ussaki.com\/?page_id=2705","title":{"rendered":"Asitane postnisini"},"content":{"rendered":"\t\t<div data-elementor-type=\"wp-page\" data-elementor-id=\"2705\" class=\"elementor elementor-2705\" data-elementor-post-type=\"page\">\n\t\t\t\t<div class=\"elementor-element elementor-element-34fe0ac e-flex e-con-boxed e-con e-parent\" data-id=\"34fe0ac\" data-element_type=\"container\" data-e-type=\"container\">\n\t\t\t\t\t<div class=\"e-con-inner\">\n\t\t<div class=\"elementor-element elementor-element-51923b2 e-con-full e-flex e-con e-child\" data-id=\"51923b2\" data-element_type=\"container\" data-e-type=\"container\" data-settings=\"{&quot;background_background&quot;:&quot;classic&quot;}\">\n\t\t<div class=\"elementor-element elementor-element-7b9bbaf e-con-full e-flex e-con e-child\" data-id=\"7b9bbaf\" data-element_type=\"container\" data-e-type=\"container\">\n\t\t\t\t<div class=\"elementor-element elementor-element-01acc97 elementor-widget elementor-widget-text-editor\" data-id=\"01acc97\" data-element_type=\"widget\" data-e-type=\"widget\" data-widget_type=\"text-editor.default\">\n\t\t\t\t<div class=\"elementor-widget-container\">\n\t\t\t\t\t\t\t\t\t<p><img fetchpriority=\"high\" decoding=\"async\" class=\"size-medium wp-image-2713 alignleft\" src=\"https:\/\/www.ussaki.com\/wp-content\/uploads\/2026\/01\/17-251x300.jpg\" alt=\"\" width=\"251\" height=\"300\" \/><\/p><p><span style=\"color: #000000;\"><strong>MUHAMMED H\u0130KMET DA\u011eLIH\u00c2FIZ (\u00d6NEM) <\/strong><\/span><\/p><p>U\u015f\u015f\u00e2k\u00ee Vakf\u0131\u2019n\u0131n kurucusu ve Muhterem S\u0131dd\u00eek N\u00e2ci Eren U\u015f\u015f\u00e2k\u00ee (k.s.) Hazretleri\u2019nin Halifesi, \u00c2sit\u00e2ne-i U\u015f\u015f\u00e2k\u00ee\u2019nin postni\u015fini olan Muhammed Hikmet Da\u011fl\u0131h\u00e2f\u0131z (\u00d6nem) Efendi 17 Haziran 1947 y\u0131l\u0131nda Kayseri\u2019de do\u011fdu.<\/p><p>\u201c\u00d6nem\u201d soyad\u0131, soyad\u0131 kanunu nedeniyle verilmi\u015f olup \u00e2ile lak\u00e2b\u0131 \u201cDa\u011fl\u0131h\u00e2f\u0131zlar\u201dd\u0131r. As\u0131l ismi Muhammed Hikmet Da\u011fl\u0131h\u00e2f\u0131z olan Ehl-i S\u00fcnnet vel cemaat itikat\u0131ndaki Hikmet Efendi\u2019nin, Babas\u0131 Mehmet Efendi devlet memuru idi. Muhammed Hikmet Efendi 1966 y\u0131l\u0131na kadar Kayseri\u2019de ya\u015fad\u0131. \u0130lk, orta ve lise \u00f6\u011frenimini burada bitirdikten sonra y\u00fcksek tahsil i\u00e7in \u0130stanbul\u2019a gelmi\u015f ve daha sonraki ya\u015fam\u0131n\u0131 \u0130stanbul\u2019da devam ettirmektedir. Bug\u00fcnk\u00fc ismi Marmara \u00dcniversitesi olan \u0130T\u0130A akademide \u201c\u0130\u015fletme-ekonomi\u201d tahsil etti. 1975 y\u0131l\u0131nda evlenmi\u015f ve bir erkek bir k\u0131z \u00e7ocu\u011fu vard\u0131r.<\/p><p>\u00dcniversiteden sonra bir yandan i\u015f hayat\u0131 devam ederken, di\u011fer yandan m\u00e2nev\u00ee yolcu\u011funu s\u00fcrd\u00fcrerek \u0130sl\u00e2m\u00ee ve tasavvuf\u00ee ilimleri \u00f6\u011frenmeye devam etmi\u015ftir.<\/p><p>Tic\u00e2ri hayat\u0131nda pek \u00e7ok ba\u015far\u0131lara imza atm\u0131\u015ft\u0131r. T\u00fcrkiye\u2019nin say\u0131l\u0131 firmalar\u0131nda \u00fcst d\u00fczey y\u00f6neticilik g\u00f6revlerinde ve tic\u00e2ret alan\u0131nda \u00e7al\u0131\u015fmalarda bulunan Muhammed Hikmet Efendi, 30 y\u0131ll\u0131k ba\u015far\u0131l\u0131 tic\u00e2ri hayat\u0131 devam ederken ayn\u0131 zamanda \u0130sl\u00e2m\u2019a ve Kur\u2019\u00e2n\u2019a hizmet i\u00e7in sosyal, k\u00fclt\u00fcrel ve din\u00ee hizmet gibi de\u011fi\u015fik g\u00f6revlerde bulunmu\u015ftur. 1980\u2019li y\u0131llar\u0131n sonunda tan\u0131\u015ft\u0131\u011f\u0131 U\u015f\u015f\u00e2k\u00ee\u2019li\u011fe g\u00f6n\u00fcl vermi\u015f ve akabinde S\u0131dd\u00eek N\u00e2ci Eren Efendi Hazretlerine m\u00e2nev\u00ee evlat olmu\u015ftur. 1990 y\u0131l\u0131nda ise kendisini t\u00fcm\u00fcyle g\u00f6n\u00fcl d\u00fcny\u00e2s\u0131na adam\u0131\u015ft\u0131r.<\/p><p>Kendisini, her zaman \u00f6n planda tuttu\u011fu \u201cm\u00e2nev\u00ee tic\u00e2ret\u201de, \u0130sl\u00e2m\u2019a, Kur\u2019\u00e2n\u2019a ve Peygamber Efendimiz (s.a.v)\u2019in s\u00fcnnet yoluna hizmete adam\u0131\u015ft\u0131r. Bu ulv\u00ee yolculuk, b\u00fct\u00fcn canl\u0131l\u0131\u011f\u0131 ile h\u00e2len devam etmektedir.<\/p><p>Dedesi Da\u011fl\u0131h\u00e2f\u0131z lak\u00e2b\u0131yla tan\u0131nan H\u00e2f\u0131z Hac\u0131 Hasan Efendi Kayseri\u2019nin me\u015fhur \u00e2limlelerindendir. Hac\u0131 H\u00e2f\u0131z Efendi el yazmas\u0131 Kur\u2019an yazan ilim s\u00e2hibi \u00e2limlerdendir. Muhammed Hikmet Da\u011fl\u0131h\u00e2f\u0131z Efendi bu \u00e2ilenin bir ferdi olarak d\u00fcny\u00e2ya gelmi\u015ftir. Dini bilgi temeli anneannesi Hac\u0131 \u015e\u00fckriye Han\u0131m taraf\u0131ndan verilmi\u015ftir. Osmanl\u0131ca ve yeni T\u00fcrk\u00e7e\u2019yi okuyup yazabilen Hac\u0131 \u015e\u00fckriye Han\u0131m, tasavvuf b\u00fcy\u00fcklerinden \u00dcveys\u00ee, Nak\u015f\u00ee, K\u00e2dir\u00ee \u015eeyhi Kuddus\u00ee Baba\u2019n\u0131n eserlerini, Peygamber Efendimiz ile ilgili ve peygamberler tarihi kitaplar\u0131n\u0131 \u00e7ocuk ya\u015fta Muhammed Hikmet\u2019e okurdu. K\u00fc\u00e7\u00fck ya\u015flarda \u00e2ilede ba\u015flad\u0131\u011f\u0131 dini e\u011fitime hayat\u0131 boyunca devam etti. Halas\u0131 Da\u011fl\u0131h\u00e2f\u0131z\u2019lar\u0131n Hayriye Han\u0131m, tayyi mek\u00e2n, tayyi zaman yapacak kadar ileri derecede ehli tasavvuftur. \u00c7ocuklu\u011funda sohbete olan d\u00fc\u015fk\u00fcnl\u00fc\u011f\u00fcnden dolay\u0131 Kayseri\u2019nin me\u015fhur \u00e2limlerinden ayn\u0131 zamanda da kom\u015fular\u0131 olan Demirci Hoca\u2019n\u0131n (Osman \u00c7apac\u0131o\u011flu Hoca Efendi) sohbetlerinde bulundu. \u0130lim \u00f6\u011frenmeye kar\u015f\u0131 b\u00fcy\u00fck i\u015ftiy\u00e2k o d\u00f6nemden ba\u015flay\u0131p hayat\u0131n\u0131n her d\u00f6neminde devam etmi\u015ftir. G\u00f6nenli Mehmet Efendi ve Cevat Ak\u015fit Hoca Efendi\u2019nin uzun s\u00fcre sohbetlerine devam etti.<\/p><p>\u0130lim Yayma Cemiyeti\u2019nde yap\u0131lan sohbetlere kat\u0131ld\u0131. Bir\u00e7ok \u0130sl\u00e2m\u00ee vak\u0131f ve derneklerin kurulu\u015funda bulunarak \u0130sl\u00e2m\u2019a ve Kur\u2019\u00e2n\u2019a hizmet eden Muhammed Hikmet Efendi, 1990 y\u0131l\u0131 \u015eubat ay\u0131nda P\u00eer Seyyid Hasan H\u00fcs\u00e2meddin-i U\u015f\u015f\u00e2k\u00ee Hz.\u2019lerinin kurucusu oldu\u011fu U\u015f\u015f\u00e2k\u00ee Tarikat\u0131n\u0131n M\u00fcr\u015fid-i K\u00e2mil-i Muhterem S\u0131dd\u00eek N\u00e2ci Eren U\u015f\u015f\u00e2k\u00ee (k.s.a) Hazretleri\u2019ne intisap etti\u011finde, m\u00e2nev\u00ee yolculu\u011funun en yo\u011fun d\u00f6nemine de ba\u015flam\u0131\u015ft\u0131r.<\/p><p>\u0130lme ve ilim adamlar\u0131na \u00f6nem vermesi nedeni ile \u00fcniversiteler ve akademisyenlerle iyi ve yak\u0131n ili\u015fkilere azami ilgi ve dikkat g\u00f6stermektedir.<\/p><p>\u0130sl\u00e2m\u2019a ve Kur\u2019\u00e2n\u2019a hizmet etmede b\u00fcy\u00fck bir i\u015ftiy\u00e2k i\u00e7inde olan Muhammed Hikmet Efendi, m\u00fcntesibi oldu\u011fu U\u015f\u015f\u00e2k\u00ee Tarikat\u0131nda m\u00fcr\u015fidinin izni ve y\u00f6nlendirmesi do\u011frultusunda pek \u00e7ok hizmetleri ger\u00e7ekle\u015ftirmi\u015ftir.<\/p><p>1993 y\u0131l\u0131nda U\u015f\u015f\u00e2k\u00ee Vakf\u0131\u2019n\u0131 kuran Muhammed Hikmet Efendi, U\u015f\u015f\u00e2k\u00ee Tarikat\u0131\u2019n\u0131n tan\u0131t\u0131m\u0131 ve yay\u0131lmas\u0131nda b\u00fcy\u00fck gayret sarf etmi\u015ftir. Kurulan vak\u0131fla birlikte U\u015f\u015f\u00e2k\u00ee Tarikat\u0131 i\u00e7in ilk etapta \u00c2sitane-i U\u015f\u015f\u00e2k\u00ee\u2019nin im\u00e2r\u0131 ve vakfa ba\u011flanmas\u0131 sa\u011fland\u0131. D\u00f6nemin b\u00fct\u00fcn zorluklar\u0131na ra\u011fmen yap\u0131lan bu i\u015flemler U\u015f\u015f\u00e2k\u00ee Vakf\u0131\u2019n\u0131n \u00e7ok daha kurumsal bir yap\u0131ya gelmesine sebep oldu. Di\u011fer taraftan T\u00fcrkiye\u2019nin her b\u00f6lgesinde onlarca vak\u0131f \u015fubeleri a\u00e7\u0131larak, vak\u0131f hizmet binalar\u0131, a\u015f evleri, Kur\u2019\u00e2n Kurslar\u0131, yurt, anaokulu gibi bir\u00e7ok hizmeti ger\u00e7ekle\u015ftirmi\u015ftir. U\u015f\u015f\u00e2k\u00eeli\u011fin tan\u0131t\u0131m\u0131 ve yay\u0131lmas\u0131 i\u00e7in bas\u0131l\u0131 eserler ve organizasyonlar planlam\u0131\u015ft\u0131r.<\/p><p>Kas\u0131mpa\u015fa\u2019da bulunan P\u00eer Seyyid Hasan H\u00fcs\u00e2medd\u00een-i U\u015f\u015f\u00e2k\u00ee\u2019nin de medfun bulundu\u011fu U\u015f\u015f\u00e2k\u00ee \u00c2sit\u00e2nesi\u2019nin restorasyonu s\u0131ras\u0131nda orijinal h\u00e2line s\u00e2d\u0131k kal\u0131nmas\u0131 i\u00e7in \u00e7ok \u00e7aba sarf etmi\u015ftir. Bug\u00fcn halen M\u00fcsl\u00fcmanlar\u0131n yo\u011fun bir \u015fekilde ziy\u00e2ret etti\u011fi ve hizmete devam etmekte olan \u00c2sit\u00e2ne, asl\u0131na uygun olarak tarihi bir yap\u0131 kimli\u011fi ile g\u00f6n\u00fcllere ferahl\u0131k vermektedir.<\/p><p>U\u015f\u015f\u00e2k\u00ee Vakf\u0131, geleneksel h\u00e2le gelen yard\u0131m organizasyonlar\u0131n\u0131 da her y\u0131l s\u00fcrekli olarak d\u00fczenlenmektedir. \u0130sl\u00e2m\u2019a, Kur\u2019\u00e2n\u2019a hizmet etmeyi d\u00fcstur edinen U\u015f\u015f\u00e2k\u00ee Vakf\u0131, \u0130sl\u00e2m ve Kur\u2019an hizmetini yurt d\u0131\u015f\u0131na da ta\u015f\u0131m\u0131\u015ft\u0131r. Pakistan\u2019da deprem evleri, Afrika\u2019da mescitler, Kur\u2019an Kurslar\u0131 ve su kuyusu yapm\u0131\u015ft\u0131r. Ortado\u011fu\u2019da ya\u015fananlardan dolay\u0131 Suriye, Filistin, Yemen ve Somali de b\u00fcy\u00fck \u00e7apl\u0131 insani yard\u0131mlar\u0131 ger\u00e7ekle\u015ftirmi\u015ftir. Ayr\u0131ca yurti\u00e7i deprem felaketlerinde zarar g\u00f6renlere ayni yard\u0131mlar ger\u00e7ekle\u015ftirilmi\u015ftir.<\/p><p>Muhammed Hikmet Efendi, yine her y\u0131l yap\u0131l\u0131r h\u00e2le gelen P\u00eer Hazretleri\u2019nin anma t\u00f6renlerinin ba\u015flamas\u0131nda da \u00f6nc\u00fc olup fiilen ger\u00e7ekle\u015ftirmektedir.<img decoding=\"async\" class=\"alignright wp-image-2749 size-full\" src=\"https:\/\/www.ussaki.com\/wp-content\/uploads\/2026\/01\/Efendi-e1769805300173.jpeg\" alt=\"\" width=\"400\" height=\"600\" \/><\/p><p>Geli\u015fen teknoloji ve yeni neslin kulland\u0131\u011f\u0131 dili ve ara\u00e7lar\u0131 g\u00f6z ard\u0131 etmeyen Muhammed Hikmet Efendi, U\u015f\u015f\u00e2k\u00ee Vakf\u0131&#8217;n\u0131n internet ortam\u0131nda tan\u0131t\u0131l\u0131p, kurumsal anlamda yer almas\u0131nda onlarca web sitesi kurarak b\u00fcy\u00fck katk\u0131 sunmu\u015ftur.<\/p><p>U\u015f\u015f\u00e2k\u00ee Vakf\u0131 \u00e7at\u0131s\u0131 alt\u0131nda st\u00fcdyo kurarak tasavvuf m\u00fbsik\u00eesi \u00e7al\u0131\u015fmalar\u0131n\u0131 ba\u015flatm\u0131\u015ft\u0131r. Bu sebeple de bir\u00e7ok tasavvuf m\u00fczi\u011fi CD, konser, TV programlar\u0131 yap\u0131lmas\u0131na \u00f6nc\u00fc olmu\u015ftur. Tarihinde \u00e7ok de\u011ferli m\u00fbsik\u00ee\u015finas isimler yeti\u015ftirmi\u015f olan U\u015f\u015f\u00e2k\u00ee Tarikat\u0131 bu d\u00f6nemde de tasavvuf b\u00fcy\u00fcklerinin eserlerini m\u00fbsik\u00ee e\u015fli\u011finde insanlara ula\u015ft\u0131rmaya \u00e7al\u0131\u015fm\u0131\u015ft\u0131r. Yeni neslin tasavvuf k\u00fclt\u00fcr\u00fc ve m\u00fbsik\u00eesi ile yeti\u015fmesi i\u00e7in m\u00fczik ve enstruman kurslar\u0131, sema e\u011fitimi ger\u00e7ekle\u015ftirmi\u015ftir. Bunlar\u0131n sonucu olarak tasavvuf m\u00fczi\u011fine bir\u00e7ok besteler kazand\u0131rm\u0131\u015ft\u0131r.<\/p><p>Di\u011fer yandan U\u015f\u015f\u00e2k\u00ee k\u00fclt\u00fcr\u00fcn\u00fc ya\u015fatmak ve yeni nesillere aktarmak amac\u0131yla bir\u00e7ok kitab\u0131n terc\u00fcme edilmesi, bas\u0131m\u0131n\u0131 bizzat ger\u00e7ekle\u015ftirmi\u015ftir. Bu eserler aras\u0131nda P\u00eer Hazretlerinin Evr\u00e2d-\u0131 Kebir\u2019i, Tuhfet\u00fc\u2019l-U\u015f\u015f\u00e2k\u0131yye, \u00a0Evrad-\u0131 Mukarrebun\u2019un g\u00fcn\u00fcm\u00fcz T\u00fcrk\u00e7esine \u00e7evrilip bas\u0131m\u0131, ayr\u0131ca Tar\u0131k-i U\u015f\u015f\u00e2k\u00ee\u2019de Usul ve \u00c2dab, P\u00eer Seyyid Hasan H\u00fcs\u00e2medd\u00een U\u015f\u015f\u00e2k\u00ee, S\u0131dd\u00eek N\u00e2ci Eren D\u00eevan\u0131 gibi eserlerin de bas\u0131m\u0131n\u0131 ger\u00e7ekle\u015ftirmi\u015ftir.<\/p><p>Sak\u0131n\u0131lmas\u0131 Gerekenler 1-2, \u0130b\u00e2det Takvimi, \u0130b\u00e2det Rehberi, K\u00e2mil \u0130nsan\u0131n Amelleri, S\u00fbrelerin Esr\u00e2r\u0131, \u0130sl\u00e2m\u2019da M\u00fcjdeler, Res\u00fblullah\u2019\u0131n (s.a.v) \u00d6\u011f\u00fctleri, M\u00fc\u2019minlere Nefis Testi, Efendim, Tasavvuf Rehberleri, P\u00eer Hasan H\u00fcs\u00e2medd\u00een U\u015f\u015f\u00e2k\u00ee (k.s.a) ve Yolu kitap\u00e7\u0131klar\u0131n\u0131n yaz\u0131m\u0131 ve bas\u0131m\u0131 ile \u201cKur\u2019an ve S\u00fbrelerin Esr\u00e2r\u0131\u201d, \u201cK\u0131ssalarla Ya\u015fam\u201d, \u201cU\u015f\u015f\u00e2k\u00ee Usul ve Adab\u0131\u201d,\u201dVird-i U\u015f\u015f\u00e2k\u00ee\u201d, \u201cSefer\u201d adl\u0131 kitaplar\u0131 mevcuttur. Bu eserlerin bas\u0131m\u0131 ve yay\u0131m\u0131 i\u00e7in \u00c2\u015f\u0131k\u00e2ne Yay\u0131nevi kurulmu\u015ftur.<\/p><p>2010 y\u0131l\u0131nda yay\u0131n hayat\u0131na ba\u015flayan \u00c2\u015f\u0131k\u00e2ne Dergisi\u2019nin, 2012 y\u0131l\u0131nda internet \u00fczerinden yay\u0131n yapan \u00c2\u015f\u0131k\u00e2ne Radyosunun hayata ge\u00e7irilmesine hizmet etmi\u015ftir.<\/p><p>Azmi, m\u00fctevaz\u0131l\u0131\u011f\u0131 ve \u0130sl\u00e2m\u2019a en iyi \u015fekilde hizmet etmek i\u00e7in prensip edindi\u011fi m\u00fckemmelliyet\u00e7i yakla\u015f\u0131m\u0131yla tan\u0131nan Muhammed Hikmet Efendi, \u00f6zellikle 1996 y\u0131l\u0131nda tamamen terk etti\u011fi tic\u00e2ri ve d\u00fcnyev\u00ee me\u015fgalelerden sonra t\u00fcm zaman\u0131n\u0131, maddi varl\u0131\u011f\u0131n\u0131 ve \u00f6mr\u00fcn\u00fc U\u015f\u015f\u00e2k\u00eeli\u011fe adam\u0131\u015ft\u0131r.<\/p><p>Tasavvuf yolunda ilk ic\u00e2zetn\u00e2mesini Seyyid Ahmed Bitlis-i Hazretlerinden alan Muhammed Hikmet Efendi, daha sonra seyri s\u00fcl\u00fbkunu U\u015f\u015f\u00e2k\u00ee tarikat\u0131nda tamamlayarak S\u0131dd\u00eek N\u00e2ci Eren U\u015f\u015f\u00e2k\u00ee (k.s.a) Hazretleri taraf\u0131ndan Hil\u00e2fetn\u00e2me ile taltif edilmi\u015ftir. Sonralar\u0131 ise Seyyid Fuat Efendi taraf\u0131ndan da ic\u00e2zetn\u00e2me ile taltif edilen Muhammed Hikmet Efendi, h\u00e2len \u0130stanbul Kas\u0131mpa\u015fa\u2019daki U\u015f\u015f\u00e2k\u00ee \u00c2s\u00eet\u00e2nesi\u2019nde ir\u015fad g\u00f6revini y\u00fcr\u00fctmektedir.<\/p><p>Y\u0131llarca S\u0131dd\u00eek N\u00e2ci Eren U\u015f\u015f\u00e2k\u00ee (k.s.a) Hazretleri ile t\u00fcm Anadolu\u2019yu dola\u015farak U\u015f\u015f\u00e2k\u00ee hizmetlerinin her tarafa yay\u0131lmas\u0131nda b\u00fcy\u00fck emekleri vard\u0131r. 70 ya\u015f\u0131nda yeniden talebe olarak \u0130lahiyat tahsil etmi\u015ftir.<\/p><p>U\u015f\u015f\u00e2k\u00ee Vakf\u0131 taraf\u0131ndan yap\u0131lan eserler: Kas\u0131mpa\u015fa da vak\u0131f merkezinin (U\u015f\u015f\u00e2k\u00ee \u00c2sit\u00e2nesi) ihyas\u0131, Kas\u0131mpa\u015fa da vak\u0131f hizmet binas\u0131 ve Kur\u2019an kursu, Gebze\u2019de iki adet Kur\u2019an Kursu binas\u0131, Bal\u0131kesir de vak\u0131f k\u00fclliyesi ve hizmet daireleri, Bart\u0131n da iki vak\u0131f binas\u0131 ve Kur\u2019an kursu, Antalya da vak\u0131f binas\u0131, Gaziantep de vak\u0131f k\u00fclliyesi a\u015fevi ve giyim ma\u011fazas\u0131, \u0130skenderun da vak\u0131f hizmet binas\u0131, Band\u0131rmada iki vak\u0131f binas\u0131 ve Kur\u2019an kursu, Karab\u00fck de hizmet dairesi, Kepsut da hizmet daireleri ve d\u00fckkan, bunun d\u0131\u015f\u0131nda sahip oldu\u011fu \u0130stanbul Arnavutk\u00f6y, Yalova, \u0130zmir, \u00c7anakkale gibi bir\u00e7ok yerlerde arsalar, Afrikada Cad, Kenya, Sudan da su kuyular\u0131, Sudan Karfur da, Gambiya da mescid yap\u0131m\u0131, Uganda da say\u0131s\u0131z su kuyular\u0131 ve 100 mescid yap\u0131m\u0131 d\u0131\u015f\u0131nda, Afrika Uganda da U\u015f\u015f\u00e2k\u00ee \u0130sl\u00e2m\u00ee ilimler akademisi k\u00fclliyesi ve yetimhane yap\u0131m\u0131 gibi b\u00fcy\u00fck hizmetler ger\u00e7ekle\u015ftirilmektedir. Bug\u00fcne kadar U\u015f\u015f\u00e2k\u00ee Vakf\u0131 taraf\u0131ndan yap\u0131lan b\u00fct\u00fcn yat\u0131r\u0131mlar\u0131n b\u00fcy\u00fck bir k\u0131sm\u0131n\u0131 kendisi finanse etmi\u015ftir.<\/p><p>Muhammed Hikmet Efendi<strong>, <\/strong>U\u015f\u015f\u00e2k\u00ee k\u00fclt\u00fcr\u00fcne katk\u0131da bulunacak bir\u00e7ok kitab\u0131n bas\u0131lmas\u0131n\u0131 bizzat ger\u00e7ekle\u015ftirmi\u015ftir. Vak\u0131f-\u00dcniversite i\u015fbirli\u011fi ile Hz. P\u00eer-i U\u015f\u015f\u00e2k\u00ee\u2019yi, U\u015f\u015f\u00e2k\u00ee Vakf\u0131n\u0131n tan\u0131t\u0131lmas\u0131nda ve U\u015f\u015f\u00e2k\u00eelik ile ilgili Osmanl\u0131ca eserlerin g\u00fcn\u00fcm\u00fcze ta\u015f\u0131nmas\u0131nda b\u00fcy\u00fck gayretleri olmu\u015ftur. Hedefledi\u011fi menzil i\u00e7in engel tan\u0131mayan, yapt\u0131rd\u0131\u011f\u0131 i\u015flerde sonuna kadar takip\u00e7i olan bir ki\u015fili\u011fe sahiptir. Hesaplar\u0131 ki\u015filerle s\u0131n\u0131rl\u0131 de\u011fildir. Genellikle g\u00fcler y\u00fczl\u00fcd\u00fcr, hedefe ula\u015fmada mazeret tan\u0131maz (ki\u015filerle kendini s\u0131n\u0131rlamaz). Yar\u0131m i\u015f b\u0131rakmayan, bir i\u015fin olmas\u0131nda yap\u0131labilecek her t\u00fcrl\u00fc \u015feyi yapan bir davran\u0131\u015f i\u00e7indedir. Bulundu\u011fu mek\u00e2nda, g\u00fcnl\u00fck hayatta, ahbapl\u0131\u011f\u0131nda en k\u00fc\u00e7\u00fck detaylara dikkat eder. G\u00f6n\u00fcl almaya \u00e7ok \u00f6zen g\u00f6steren, hediyele\u015fmeye \u00f6nem veren ki\u015filiktedir.<\/p><p>Muhammed Hikmet Efendi&#8217;nin, U\u015f\u015f\u00e2k\u00eelik ad\u0131na; K\u00fclliye, medrese, \u00fcniversite, talebe yurt ve bar\u0131nma evleri ile \u0130sl\u00e2m\u00ee ilimlere hizmet edecek nice eserler yapmak gibi planlar\u0131 vard\u0131r.<\/p>\t\t\t\t\t\t\t\t<\/div>\n\t\t\t\t<\/div>\n\t\t\t\t<\/div>\n\t\t\t\t<\/div>\n\t\t\t\t\t<\/div>\n\t\t\t\t<\/div>\n\t\t\t\t<\/div>\n\t\t","protected":false},"excerpt":{"rendered":"<p>MUHAMMED H\u0130KMET DA\u011eLIH\u00c2FIZ (\u00d6NEM) U\u015f\u015f\u00e2k\u00ee Vakf\u0131\u2019n\u0131n kurucusu ve Muhterem S\u0131dd\u00eek N\u00e2ci Eren U\u015f\u015f\u00e2k\u00ee (k.s.) Hazretleri\u2019nin Halifesi, \u00c2sit\u00e2ne-i U\u015f\u015f\u00e2k\u00ee\u2019nin postni\u015fini olan Muhammed Hikmet Da\u011fl\u0131h\u00e2f\u0131z (\u00d6nem) Efendi 17 Haziran 1947 y\u0131l\u0131nda Kayseri\u2019de do\u011fdu. \u201c\u00d6nem\u201d soyad\u0131, soyad\u0131 kanunu nedeniyle verilmi\u015f olup \u00e2ile lak\u00e2b\u0131 \u201cDa\u011fl\u0131h\u00e2f\u0131zlar\u201dd\u0131r. As\u0131l ismi Muhammed Hikmet Da\u011fl\u0131h\u00e2f\u0131z olan Ehl-i S\u00fcnnet vel cemaat itikat\u0131ndaki Hikmet Efendi\u2019nin, Babas\u0131 [&hellip;]<\/p>\n","protected":false},"author":1,"featured_media":0,"parent":0,"menu_order":0,"comment_status":"closed","ping_status":"closed","template":"","meta":{"om_disable_all_campaigns":false,"_monsterinsights_skip_tracking":false,"_monsterinsights_sitenote_active":false,"_monsterinsights_sitenote_note":"","_monsterinsights_sitenote_category":0,"footnotes":""},"class_list":["post-2705","page","type-page","status-publish","hentry"],"aioseo_notices":[],"_links":{"self":[{"href":"https:\/\/www.ussaki.com\/index.php?rest_route=\/wp\/v2\/pages\/2705","targetHints":{"allow":["GET"]}}],"collection":[{"href":"https:\/\/www.ussaki.com\/index.php?rest_route=\/wp\/v2\/pages"}],"about":[{"href":"https:\/\/www.ussaki.com\/index.php?rest_route=\/wp\/v2\/types\/page"}],"author":[{"embeddable":true,"href":"https:\/\/www.ussaki.com\/index.php?rest_route=\/wp\/v2\/users\/1"}],"replies":[{"embeddable":true,"href":"https:\/\/www.ussaki.com\/index.php?rest_route=%2Fwp%2Fv2%2Fcomments&post=2705"}],"version-history":[{"count":90,"href":"https:\/\/www.ussaki.com\/index.php?rest_route=\/wp\/v2\/pages\/2705\/revisions"}],"predecessor-version":[{"id":3459,"href":"https:\/\/www.ussaki.com\/index.php?rest_route=\/wp\/v2\/pages\/2705\/revisions\/3459"}],"wp:attachment":[{"href":"https:\/\/www.ussaki.com\/index.php?rest_route=%2Fwp%2Fv2%2Fmedia&parent=2705"}],"curies":[{"name":"wp","href":"https:\/\/api.w.org\/{rel}","templated":true}]}}