{"id":3061,"date":"2026-02-04T22:18:05","date_gmt":"2026-02-04T19:18:05","guid":{"rendered":"https:\/\/www.ussaki.com\/?page_id=3061"},"modified":"2026-02-06T20:51:22","modified_gmt":"2026-02-06T17:51:22","slug":"asitane-i-ussaki-postnisinleri","status":"publish","type":"page","link":"https:\/\/www.ussaki.com\/?page_id=3061","title":{"rendered":"Asit\u00e2ne-i u\u015f\u015f\u00e2k\u00ee postni\u015finleri"},"content":{"rendered":"\t\t<div data-elementor-type=\"wp-page\" data-elementor-id=\"3061\" class=\"elementor elementor-3061\" data-elementor-post-type=\"page\">\n\t\t\t\t<div class=\"elementor-element elementor-element-20142b6 e-flex e-con-boxed e-con e-parent\" data-id=\"20142b6\" data-element_type=\"container\" data-e-type=\"container\">\n\t\t\t\t\t<div class=\"e-con-inner\">\n\t\t<div class=\"elementor-element elementor-element-4e40e5b e-con-full e-flex e-con e-child\" data-id=\"4e40e5b\" data-element_type=\"container\" data-e-type=\"container\" data-settings=\"{&quot;background_background&quot;:&quot;classic&quot;}\">\n\t\t\t\t<div class=\"elementor-element elementor-element-0bc2474 elementor-widget elementor-widget-spacer\" data-id=\"0bc2474\" data-element_type=\"widget\" data-e-type=\"widget\" data-widget_type=\"spacer.default\">\n\t\t\t\t<div class=\"elementor-widget-container\">\n\t\t\t\t\t\t\t<div class=\"elementor-spacer\">\n\t\t\t<div class=\"elementor-spacer-inner\"><\/div>\n\t\t<\/div>\n\t\t\t\t\t\t<\/div>\n\t\t\t\t<\/div>\n\t\t\t\t<div class=\"elementor-element elementor-element-861b5de elementor-widget elementor-widget-heading\" data-id=\"861b5de\" data-element_type=\"widget\" data-e-type=\"widget\" data-widget_type=\"heading.default\">\n\t\t\t\t<div class=\"elementor-widget-container\">\n\t\t\t\t\t<h2 class=\"elementor-heading-title elementor-size-default\">TAR\u00ceK-\u0130 U\u015e\u015e\u00c2K\u00ce\u2019N\u0130N MERKEZ DERG\u00c2HI\n\u00c2S\u0130T\u00c2NE\u2019Y\u0130 Y\u00d6NETEN POSTN\u0130\u015e\u0130N \u015eEYH EFEND\u0130LER\u0130N S\u0130LS\u0130LES\u0130\n<\/h2>\t\t\t\t<\/div>\n\t\t\t\t<\/div>\n\t\t\t\t<div class=\"elementor-element elementor-element-6347ed4 elementor-widget elementor-widget-spacer\" data-id=\"6347ed4\" data-element_type=\"widget\" data-e-type=\"widget\" data-widget_type=\"spacer.default\">\n\t\t\t\t<div class=\"elementor-widget-container\">\n\t\t\t\t\t\t\t<div class=\"elementor-spacer\">\n\t\t\t<div class=\"elementor-spacer-inner\"><\/div>\n\t\t<\/div>\n\t\t\t\t\t\t<\/div>\n\t\t\t\t<\/div>\n\t\t<div class=\"elementor-element elementor-element-5d6b0b6 e-con-full e-flex e-con e-child\" data-id=\"5d6b0b6\" data-element_type=\"container\" data-e-type=\"container\" data-settings=\"{&quot;background_background&quot;:&quot;slideshow&quot;,&quot;background_slideshow_gallery&quot;:[],&quot;background_slideshow_slide_duration&quot;:5000,&quot;background_slideshow_slide_transition&quot;:&quot;fade&quot;,&quot;background_slideshow_transition_duration&quot;:500}\">\n\t\t\t\t<div class=\"elementor-element elementor-element-b2fe6ff elementor-widget elementor-widget-text-editor\" data-id=\"b2fe6ff\" data-element_type=\"widget\" data-e-type=\"widget\" data-widget_type=\"text-editor.default\">\n\t\t\t\t<div class=\"elementor-widget-container\">\n\t\t\t\t\t\t\t\t\t<table class=\"my-clean-table\"><tbody><tr><td><a href=\"https:\/\/www.ussaki.com\/?page_id=1153\"><strong>P\u00eer Seyyid Hasan H\u00fcsameddin U\u015f\u015f\u00e2k\u00ee<\/strong><\/a><\/td><td>(M.1575-1592)<\/td><\/tr><tr><td>\u015eeyh Mustafa Efendi<\/td><td>(M.1592-1627)<\/td><\/tr><tr><td>\u015eeyh Bosnal\u0131 Mustafa Efendi<\/td><td>(M.1627-1681)<\/td><\/tr><tr><td>\u015eeyh Abal\u0131 H\u00fcs\u00e2meddin Efendi<\/td><td>(M.1681-1737)<\/td><\/tr><tr><td>\u015eeyh Ahmet H\u00fcs\u00e2mi Efendi<\/td><td>(M.1737-1748)<\/td><\/tr><tr><td>\u015eeyh Mehmed Efendi<\/td><td>(M.1748-1755)<\/td><\/tr><tr><td>\u015eeyh Ahmed H\u00fcs\u00e2mizade Efendi<\/td><td>(M.1755-1762)<\/td><\/tr><tr><td>\u015eeyh Yaz\u0131c\u0131 Mehmed S\u00e2fveti Efendi<\/td><td>(M.1762-1778)<\/td><\/tr><tr><td>\u015eeyh Seyyid Mehmed Niz\u00e2meddin Efendi<\/td><td>(M.1778-1784)<\/td><\/tr><tr><td>\u015eeyh Seyyid Mehmed Cem\u00e2li Efendi<\/td><td>(M.1784-1830)<\/td><\/tr><tr><td>\u015eeyh M. Alaaddin Efendi<\/td><td>(M.1830-1835)<\/td><\/tr><tr><td>\u015eeyh Seyyid Kerim\u00fcddin Efendi<\/td><td>(M.1835-1841)<\/td><\/tr><tr><td>\u015eeyh Mehmed S\u0131dk\u00ee Efendi<\/td><td>(M.1841-1856)<\/td><\/tr><tr><td>\u015eeyh Mehmed Said Efendi<\/td><td>(M.1856-1856)<\/td><\/tr><tr><td>\u015eeyh Seyyid Mehmed Cem\u00e2leddin Efendi<\/td><td>(M.1856-1912)<\/td><\/tr><tr><td>\u015eeyh \u0130brahim Efendi<\/td><td>(M.1912-1915)<\/td><\/tr><tr><td>\u015eeyh Cem\u00e2l Efendi<\/td><td>(M.1915-1917)<\/td><\/tr><tr><td>\u015eeyh \u0130zzet Efendi<\/td><td>(M.1917-1920)<\/td><\/tr><tr><td>\u015eeyh Mustafa Hilmi S\u00e2fi Efendi<\/td><td>(M.1920-1922)<\/td><\/tr><tr><td>\u015eeyh S\u0131dd\u0131k N\u00e2ci Eren Efendi<\/td><td>(M.1987-2002)<\/td><\/tr><tr><td><a href=\"https:\/\/www.ussaki.com\/?page_id=2705\"><strong>\u015eeyh Muhammed Hikmet \u00d6nem Efendi<\/strong><\/a><\/td><td>(M.2002-\u2026\u2026\u2026)<\/td><\/tr><\/tbody><\/table>\t\t\t\t\t\t\t\t<\/div>\n\t\t\t\t<\/div>\n\t\t\t\t<\/div>\n\t\t\t\t<\/div>\n\t\t\t\t\t<\/div>\n\t\t\t\t<\/div>\n\t\t\t\t<\/div>\n\t\t","protected":false},"excerpt":{"rendered":"<p>TAR\u00ceK-\u0130 U\u015e\u015e\u00c2K\u00ce\u2019N\u0130N MERKEZ DERG\u00c2HI \u00c2S\u0130T\u00c2NE\u2019Y\u0130 Y\u00d6NETEN POSTN\u0130\u015e\u0130N \u015eEYH EFEND\u0130LER\u0130N S\u0130LS\u0130LES\u0130 P\u00eer Seyyid Hasan H\u00fcsameddin U\u015f\u015f\u00e2k\u00ee (M.1575-1592) \u015eeyh Mustafa Efendi (M.1592-1627) \u015eeyh Bosnal\u0131 Mustafa Efendi (M.1627-1681) \u015eeyh Abal\u0131 H\u00fcs\u00e2meddin Efendi (M.1681-1737) \u015eeyh Ahmet H\u00fcs\u00e2mi Efendi (M.1737-1748) \u015eeyh Mehmed Efendi (M.1748-1755) \u015eeyh Ahmed H\u00fcs\u00e2mizade Efendi (M.1755-1762) \u015eeyh Yaz\u0131c\u0131 Mehmed S\u00e2fveti Efendi (M.1762-1778) \u015eeyh Seyyid Mehmed Niz\u00e2meddin Efendi [&hellip;]<\/p>\n","protected":false},"author":1,"featured_media":0,"parent":0,"menu_order":0,"comment_status":"closed","ping_status":"closed","template":"elementor_header_footer","meta":{"om_disable_all_campaigns":false,"_monsterinsights_skip_tracking":false,"_monsterinsights_sitenote_active":false,"_monsterinsights_sitenote_note":"","_monsterinsights_sitenote_category":0,"footnotes":""},"class_list":["post-3061","page","type-page","status-publish","hentry"],"aioseo_notices":[],"_links":{"self":[{"href":"https:\/\/www.ussaki.com\/index.php?rest_route=\/wp\/v2\/pages\/3061","targetHints":{"allow":["GET"]}}],"collection":[{"href":"https:\/\/www.ussaki.com\/index.php?rest_route=\/wp\/v2\/pages"}],"about":[{"href":"https:\/\/www.ussaki.com\/index.php?rest_route=\/wp\/v2\/types\/page"}],"author":[{"embeddable":true,"href":"https:\/\/www.ussaki.com\/index.php?rest_route=\/wp\/v2\/users\/1"}],"replies":[{"embeddable":true,"href":"https:\/\/www.ussaki.com\/index.php?rest_route=%2Fwp%2Fv2%2Fcomments&post=3061"}],"version-history":[{"count":72,"href":"https:\/\/www.ussaki.com\/index.php?rest_route=\/wp\/v2\/pages\/3061\/revisions"}],"predecessor-version":[{"id":3471,"href":"https:\/\/www.ussaki.com\/index.php?rest_route=\/wp\/v2\/pages\/3061\/revisions\/3471"}],"wp:attachment":[{"href":"https:\/\/www.ussaki.com\/index.php?rest_route=%2Fwp%2Fv2%2Fmedia&parent=3061"}],"curies":[{"name":"wp","href":"https:\/\/api.w.org\/{rel}","templated":true}]}}