{"id":3329,"date":"2026-02-05T13:46:52","date_gmt":"2026-02-05T10:46:52","guid":{"rendered":"https:\/\/www.ussaki.com\/?page_id=3329"},"modified":"2026-02-05T13:48:13","modified_gmt":"2026-02-05T10:48:13","slug":"vizyonumuz","status":"publish","type":"page","link":"https:\/\/www.ussaki.com\/?page_id=3329","title":{"rendered":"Vizyonumuz"},"content":{"rendered":"\t\t<div data-elementor-type=\"wp-page\" data-elementor-id=\"3329\" class=\"elementor elementor-3329\" data-elementor-post-type=\"page\">\n\t\t\t\t<div class=\"elementor-element elementor-element-a52cfd6 e-flex e-con-boxed e-con e-parent\" data-id=\"a52cfd6\" data-element_type=\"container\" data-e-type=\"container\">\n\t\t\t\t\t<div class=\"e-con-inner\">\n\t\t<div class=\"elementor-element elementor-element-819b333 e-con-full e-flex e-con e-child\" data-id=\"819b333\" data-element_type=\"container\" data-e-type=\"container\" data-settings=\"{&quot;background_background&quot;:&quot;classic&quot;}\">\n\t\t<div class=\"elementor-element elementor-element-0bc78e6 e-flex e-con-boxed e-con e-child\" data-id=\"0bc78e6\" data-element_type=\"container\" data-e-type=\"container\">\n\t\t\t\t\t<div class=\"e-con-inner\">\n\t\t\t\t<div class=\"elementor-element elementor-element-7b048c1 elementor-widget elementor-widget-text-editor\" data-id=\"7b048c1\" data-element_type=\"widget\" data-e-type=\"widget\" data-widget_type=\"text-editor.default\">\n\t\t\t\t<div class=\"elementor-widget-container\">\n\t\t\t\t\t\t\t\t\t<p><b>Vizyonumuz<\/b><\/p><p>D\u00fcnya genelinde insani yard\u0131m faaliyetlerinde \u00f6nc\u00fc, g\u00fcvenilir ve ilham veren bir vak\u0131f olmak; ihtiya\u00e7 sahiplerinin umudu, hay\u0131rseverlerin g\u00fcven kap\u0131s\u0131 haline gelmek en b\u00fcy\u00fck hedefimizdir.<\/p><p>Neden U\u015f\u015f\u00e2k\u00ee Vakf\u0131?<\/p><ul><li>30 y\u0131l\u0131 a\u015fk\u0131n tecr\u00fcbe<\/li><li>G\u00fcvenilir, \u015feffaf ve s\u00fcrd\u00fcr\u00fclebilir projeler<\/li><li>G\u00f6n\u00fcl co\u011frafyas\u0131na uzanan g\u00fc\u00e7l\u00fc yard\u0131m a\u011f\u0131<\/li><li>Hay\u0131rseverlerle ihtiya\u00e7 sahipleri aras\u0131nda k\u00f6pr\u00fc olma misyonu<\/li><\/ul>\t\t\t\t\t\t\t\t<\/div>\n\t\t\t\t<\/div>\n\t\t\t\t\t<\/div>\n\t\t\t\t<\/div>\n\t\t\t\t<\/div>\n\t\t\t\t\t<\/div>\n\t\t\t\t<\/div>\n\t\t\t\t<\/div>\n\t\t","protected":false},"excerpt":{"rendered":"<p>Vizyonumuz D\u00fcnya genelinde insani yard\u0131m faaliyetlerinde \u00f6nc\u00fc, g\u00fcvenilir ve ilham veren bir vak\u0131f olmak; ihtiya\u00e7 sahiplerinin umudu, hay\u0131rseverlerin g\u00fcven kap\u0131s\u0131 haline gelmek en b\u00fcy\u00fck hedefimizdir. Neden U\u015f\u015f\u00e2k\u00ee Vakf\u0131? 30 y\u0131l\u0131 a\u015fk\u0131n tecr\u00fcbe G\u00fcvenilir, \u015feffaf ve s\u00fcrd\u00fcr\u00fclebilir projeler G\u00f6n\u00fcl co\u011frafyas\u0131na uzanan g\u00fc\u00e7l\u00fc yard\u0131m a\u011f\u0131 Hay\u0131rseverlerle ihtiya\u00e7 sahipleri aras\u0131nda k\u00f6pr\u00fc olma misyonu<\/p>\n","protected":false},"author":1,"featured_media":0,"parent":0,"menu_order":0,"comment_status":"closed","ping_status":"closed","template":"elementor_header_footer","meta":{"om_disable_all_campaigns":false,"_monsterinsights_skip_tracking":false,"_monsterinsights_sitenote_active":false,"_monsterinsights_sitenote_note":"","_monsterinsights_sitenote_category":0,"footnotes":""},"class_list":["post-3329","page","type-page","status-publish","hentry"],"aioseo_notices":[],"_links":{"self":[{"href":"https:\/\/www.ussaki.com\/index.php?rest_route=\/wp\/v2\/pages\/3329","targetHints":{"allow":["GET"]}}],"collection":[{"href":"https:\/\/www.ussaki.com\/index.php?rest_route=\/wp\/v2\/pages"}],"about":[{"href":"https:\/\/www.ussaki.com\/index.php?rest_route=\/wp\/v2\/types\/page"}],"author":[{"embeddable":true,"href":"https:\/\/www.ussaki.com\/index.php?rest_route=\/wp\/v2\/users\/1"}],"replies":[{"embeddable":true,"href":"https:\/\/www.ussaki.com\/index.php?rest_route=%2Fwp%2Fv2%2Fcomments&post=3329"}],"version-history":[{"count":5,"href":"https:\/\/www.ussaki.com\/index.php?rest_route=\/wp\/v2\/pages\/3329\/revisions"}],"predecessor-version":[{"id":3334,"href":"https:\/\/www.ussaki.com\/index.php?rest_route=\/wp\/v2\/pages\/3329\/revisions\/3334"}],"wp:attachment":[{"href":"https:\/\/www.ussaki.com\/index.php?rest_route=%2Fwp%2Fv2%2Fmedia&parent=3329"}],"curies":[{"name":"wp","href":"https:\/\/api.w.org\/{rel}","templated":true}]}}