{"id":3335,"date":"2026-02-05T13:48:30","date_gmt":"2026-02-05T10:48:30","guid":{"rendered":"https:\/\/www.ussaki.com\/?page_id=3335"},"modified":"2026-02-05T13:49:47","modified_gmt":"2026-02-05T10:49:47","slug":"faaliyetlerimiz","status":"publish","type":"page","link":"https:\/\/www.ussaki.com\/?page_id=3335","title":{"rendered":"Faaliyetlerimiz"},"content":{"rendered":"\t\t<div data-elementor-type=\"wp-page\" data-elementor-id=\"3335\" class=\"elementor elementor-3335\" data-elementor-post-type=\"page\">\n\t\t\t\t<div class=\"elementor-element elementor-element-7411af2 e-flex e-con-boxed e-con e-parent\" data-id=\"7411af2\" data-element_type=\"container\" data-e-type=\"container\">\n\t\t\t\t\t<div class=\"e-con-inner\">\n\t\t<div class=\"elementor-element elementor-element-22e6010 e-con-full e-flex e-con e-child\" data-id=\"22e6010\" data-element_type=\"container\" data-e-type=\"container\" data-settings=\"{&quot;background_background&quot;:&quot;classic&quot;}\">\n\t\t<div class=\"elementor-element elementor-element-8029fb2 e-flex e-con-boxed e-con e-child\" data-id=\"8029fb2\" data-element_type=\"container\" data-e-type=\"container\">\n\t\t\t\t\t<div class=\"e-con-inner\">\n\t\t\t\t<div class=\"elementor-element elementor-element-596bba0 elementor-widget elementor-widget-text-editor\" data-id=\"596bba0\" data-element_type=\"widget\" data-e-type=\"widget\" data-widget_type=\"text-editor.default\">\n\t\t\t\t<div class=\"elementor-widget-container\">\n\t\t\t\t\t\t\t\t\t<div><strong>Faaliyetlerimiz<\/strong><\/div><div><ul><li>A\u015fevi Hizmetleri<\/li><\/ul><p>Kap\u0131lar\u0131m\u0131z\u0131 her g\u00fcn ihtiya\u00e7 sahiplerine a\u00e7arak s\u0131cak yemek ikram\u0131 sunuyor; kimsenin yaln\u0131z kalmamas\u0131 i\u00e7in sevgiyle pi\u015fen sofralar kuruyoruz.<\/p><ul><li>Ayni ve Nakdi Yard\u0131mlar<\/li><\/ul><p>G\u0131da kolileri, temizlik \u00fcr\u00fcnleri, yakacak deste\u011fi, giyim yard\u0131mlar\u0131 ve nakdi desteklerle zor durumda olan insanlar\u0131n yan\u0131nda oluyoruz.<\/p><ul><li>Su Kuyusu Projeleri<\/li><\/ul><p>Temiz i\u00e7me suyuna eri\u015fimi olmayan b\u00f6lgelerde su kuyular\u0131 a\u00e7arak, sadece bug\u00fcn\u00fcn de\u011fil yar\u0131n\u0131n da ihtiyac\u0131n\u0131 kar\u015f\u0131layan kal\u0131c\u0131 \u00e7\u00f6z\u00fcmler \u00fcretiyoruz.<\/p><ul><li>Ramazan ve Kurban Organizasyonlar\u0131<\/li><\/ul><p>\u00a0 \u00a0 \u00a0Ramazan ay\u0131nda iftar sofralar\u0131 kuruyor, g\u0131da paketleri da\u011f\u0131t\u0131yoruz.\u00a0<\/p><p>\u00a0 \u00a0 \u00a0Kurban Bayram\u0131\u2019nda vek\u00e2let yoluyla kurban kesimi yaparak etleri ihtiya\u00e7 sahiplerine ula\u015ft\u0131r\u0131yoruz.<\/p><ul><li>E\u011fitim ve K\u00fclt\u00fcr Hizmetleri<\/li><\/ul><p>\u00d6\u011frencilere burs deste\u011fi sa\u011fl\u0131yor, e\u011fitim materyali da\u011f\u0131t\u0131yor, k\u00fclt\u00fcr ve e\u011fitim merkezleri in\u015fa ederek gen\u00e7lerin gelece\u011fine yat\u0131r\u0131m yap\u0131yoruz.<\/p><ul><li>Kal\u0131c\u0131 Eser Projeleri<\/li><\/ul><p>Camii, mescit, k\u00fclt\u00fcr merkezi, yetimhane ve e\u011fitim kurumlar\u0131 in\u015fa ederek topluma uzun y\u0131llar hizmet edecek eserler b\u0131rak\u0131yoruz.<\/p><\/div><p><a href=\"https:\/\/www.ussaki.com\/?page_id=1221\"><b>Siz de Destek Olun<\/b><\/a><\/p><p>U\u015f\u015f\u00e2k\u00ee Vakf\u0131\u2019n\u0131n y\u00fcr\u00fctt\u00fc\u011f\u00fc projelere destek olarak binlerce insan\u0131n hayat\u0131na dokunabilir, yar\u0131nlara umut olabilirsiniz.\u00a0<\/p><p>\u0130yili\u011fin bir par\u00e7as\u0131 olun; birlikte daha g\u00fc\u00e7l\u00fc, daha adil ve daha merhametli bir d\u00fcnya in\u015fa edelim.<\/p>\t\t\t\t\t\t\t\t<\/div>\n\t\t\t\t<\/div>\n\t\t\t\t\t<\/div>\n\t\t\t\t<\/div>\n\t\t\t\t<\/div>\n\t\t\t\t\t<\/div>\n\t\t\t\t<\/div>\n\t\t\t\t<\/div>\n\t\t","protected":false},"excerpt":{"rendered":"<p>Faaliyetlerimiz A\u015fevi Hizmetleri Kap\u0131lar\u0131m\u0131z\u0131 her g\u00fcn ihtiya\u00e7 sahiplerine a\u00e7arak s\u0131cak yemek ikram\u0131 sunuyor; kimsenin yaln\u0131z kalmamas\u0131 i\u00e7in sevgiyle pi\u015fen sofralar kuruyoruz. Ayni ve Nakdi Yard\u0131mlar G\u0131da kolileri, temizlik \u00fcr\u00fcnleri, yakacak deste\u011fi, giyim yard\u0131mlar\u0131 ve nakdi desteklerle zor durumda olan insanlar\u0131n yan\u0131nda oluyoruz. Su Kuyusu Projeleri Temiz i\u00e7me suyuna eri\u015fimi olmayan b\u00f6lgelerde su kuyular\u0131 a\u00e7arak, sadece [&hellip;]<\/p>\n","protected":false},"author":1,"featured_media":0,"parent":0,"menu_order":0,"comment_status":"closed","ping_status":"closed","template":"elementor_header_footer","meta":{"om_disable_all_campaigns":false,"_monsterinsights_skip_tracking":false,"_monsterinsights_sitenote_active":false,"_monsterinsights_sitenote_note":"","_monsterinsights_sitenote_category":0,"footnotes":""},"class_list":["post-3335","page","type-page","status-publish","hentry"],"aioseo_notices":[],"_links":{"self":[{"href":"https:\/\/www.ussaki.com\/index.php?rest_route=\/wp\/v2\/pages\/3335","targetHints":{"allow":["GET"]}}],"collection":[{"href":"https:\/\/www.ussaki.com\/index.php?rest_route=\/wp\/v2\/pages"}],"about":[{"href":"https:\/\/www.ussaki.com\/index.php?rest_route=\/wp\/v2\/types\/page"}],"author":[{"embeddable":true,"href":"https:\/\/www.ussaki.com\/index.php?rest_route=\/wp\/v2\/users\/1"}],"replies":[{"embeddable":true,"href":"https:\/\/www.ussaki.com\/index.php?rest_route=%2Fwp%2Fv2%2Fcomments&post=3335"}],"version-history":[{"count":5,"href":"https:\/\/www.ussaki.com\/index.php?rest_route=\/wp\/v2\/pages\/3335\/revisions"}],"predecessor-version":[{"id":3340,"href":"https:\/\/www.ussaki.com\/index.php?rest_route=\/wp\/v2\/pages\/3335\/revisions\/3340"}],"wp:attachment":[{"href":"https:\/\/www.ussaki.com\/index.php?rest_route=%2Fwp%2Fv2%2Fmedia&parent=3335"}],"curies":[{"name":"wp","href":"https:\/\/api.w.org\/{rel}","templated":true}]}}