{"id":3347,"date":"2026-02-05T13:52:17","date_gmt":"2026-02-05T10:52:17","guid":{"rendered":"https:\/\/www.ussaki.com\/?page_id=3347"},"modified":"2026-02-06T22:02:28","modified_gmt":"2026-02-06T19:02:28","slug":"yardimlarimiz","status":"publish","type":"page","link":"https:\/\/www.ussaki.com\/?page_id=3347","title":{"rendered":"Yard\u0131mlar\u0131m\u0131z"},"content":{"rendered":"\t\t<div data-elementor-type=\"wp-page\" data-elementor-id=\"3347\" class=\"elementor elementor-3347\" data-elementor-post-type=\"page\">\n\t\t\t\t<div class=\"elementor-element elementor-element-9efea7e e-flex e-con-boxed e-con e-parent\" data-id=\"9efea7e\" data-element_type=\"container\" data-e-type=\"container\">\n\t\t\t\t\t<div class=\"e-con-inner\">\n\t\t<div class=\"elementor-element elementor-element-12bc9a1 e-con-full e-flex e-con e-child\" data-id=\"12bc9a1\" data-element_type=\"container\" data-e-type=\"container\" data-settings=\"{&quot;background_background&quot;:&quot;classic&quot;}\">\n\t\t<div class=\"elementor-element elementor-element-7a266d5 e-con-full e-flex e-con e-child\" data-id=\"7a266d5\" data-element_type=\"container\" data-e-type=\"container\">\n\t\t\t\t<div class=\"elementor-element elementor-element-ed527ce elementor-widget elementor-widget-text-editor\" data-id=\"ed527ce\" data-element_type=\"widget\" data-e-type=\"widget\" data-widget_type=\"text-editor.default\">\n\t\t\t\t<div class=\"elementor-widget-container\">\n\t\t\t\t\t\t\t\t\t<p style=\"text-align: center;\"><img fetchpriority=\"high\" decoding=\"async\" class=\"alignnone wp-image-3472 size-medium\" src=\"https:\/\/www.ussaki.com\/wp-content\/uploads\/2026\/02\/working-300x300.png\" alt=\"\" width=\"300\" height=\"300\" \/><\/p><p style=\"text-align: center;\"><strong>SAYFA HAZIRLANIYOR.<\/strong><\/p>\t\t\t\t\t\t\t\t<\/div>\n\t\t\t\t<\/div>\n\t\t\t\t<\/div>\n\t\t\t\t<\/div>\n\t\t\t\t\t<\/div>\n\t\t\t\t<\/div>\n\t\t\t\t<\/div>\n\t\t","protected":false},"excerpt":{"rendered":"<p>SAYFA HAZIRLANIYOR.<\/p>\n","protected":false},"author":1,"featured_media":0,"parent":0,"menu_order":0,"comment_status":"closed","ping_status":"closed","template":"elementor_header_footer","meta":{"om_disable_all_campaigns":false,"_monsterinsights_skip_tracking":false,"_monsterinsights_sitenote_active":false,"_monsterinsights_sitenote_note":"","_monsterinsights_sitenote_category":0,"footnotes":""},"class_list":["post-3347","page","type-page","status-publish","hentry"],"aioseo_notices":[],"_links":{"self":[{"href":"https:\/\/www.ussaki.com\/index.php?rest_route=\/wp\/v2\/pages\/3347","targetHints":{"allow":["GET"]}}],"collection":[{"href":"https:\/\/www.ussaki.com\/index.php?rest_route=\/wp\/v2\/pages"}],"about":[{"href":"https:\/\/www.ussaki.com\/index.php?rest_route=\/wp\/v2\/types\/page"}],"author":[{"embeddable":true,"href":"https:\/\/www.ussaki.com\/index.php?rest_route=\/wp\/v2\/users\/1"}],"replies":[{"embeddable":true,"href":"https:\/\/www.ussaki.com\/index.php?rest_route=%2Fwp%2Fv2%2Fcomments&post=3347"}],"version-history":[{"count":8,"href":"https:\/\/www.ussaki.com\/index.php?rest_route=\/wp\/v2\/pages\/3347\/revisions"}],"predecessor-version":[{"id":3482,"href":"https:\/\/www.ussaki.com\/index.php?rest_route=\/wp\/v2\/pages\/3347\/revisions\/3482"}],"wp:attachment":[{"href":"https:\/\/www.ussaki.com\/index.php?rest_route=%2Fwp%2Fv2%2Fmedia&parent=3347"}],"curies":[{"name":"wp","href":"https:\/\/api.w.org\/{rel}","templated":true}]}}