{"id":3520,"date":"2026-02-16T16:37:56","date_gmt":"2026-02-16T13:37:56","guid":{"rendered":"https:\/\/www.ussaki.com\/?page_id=3520"},"modified":"2026-02-18T01:10:11","modified_gmt":"2026-02-17T22:10:11","slug":"haber_ramazan","status":"publish","type":"page","link":"https:\/\/www.ussaki.com\/?page_id=3520","title":{"rendered":"Haber Ramazan"},"content":{"rendered":"\t\t<div data-elementor-type=\"wp-page\" data-elementor-id=\"3520\" class=\"elementor elementor-3520\" data-elementor-post-type=\"page\">\n\t\t\t\t<div class=\"elementor-element elementor-element-7cd4a0d e-flex e-con-boxed e-con e-parent\" data-id=\"7cd4a0d\" data-element_type=\"container\" data-e-type=\"container\">\n\t\t\t\t\t<div class=\"e-con-inner\">\n\t\t<div class=\"elementor-element elementor-element-61f3a8a e-con-full e-flex e-con e-child\" data-id=\"61f3a8a\" data-element_type=\"container\" data-e-type=\"container\" data-settings=\"{&quot;background_background&quot;:&quot;classic&quot;}\">\n\t\t<div class=\"elementor-element elementor-element-a07756d e-con-full e-flex e-con e-child\" data-id=\"a07756d\" data-element_type=\"container\" data-e-type=\"container\">\n\t\t\t\t<div class=\"elementor-element elementor-element-d975275 elementor-widget elementor-widget-heading\" data-id=\"d975275\" data-element_type=\"widget\" data-e-type=\"widget\" data-widget_type=\"heading.default\">\n\t\t\t\t<div class=\"elementor-widget-container\">\n\t\t\t\t\t<h4 class=\"elementor-heading-title elementor-size-default\">G\u00f6n\u00fclleri Birle\u015ftiren Bereket Mevsimi: Ramazan-\u0131 \u015eerif Ho\u015f Geldi!<\/h4>\t\t\t\t<\/div>\n\t\t\t\t<\/div>\n\t\t\t\t<div class=\"elementor-element elementor-element-726f3ad elementor-widget elementor-widget-spacer\" data-id=\"726f3ad\" data-element_type=\"widget\" data-e-type=\"widget\" data-widget_type=\"spacer.default\">\n\t\t\t\t<div class=\"elementor-widget-container\">\n\t\t\t\t\t\t\t<div class=\"elementor-spacer\">\n\t\t\t<div class=\"elementor-spacer-inner\"><\/div>\n\t\t<\/div>\n\t\t\t\t\t\t<\/div>\n\t\t\t\t<\/div>\n\t\t\t\t<div class=\"elementor-element elementor-element-5c4841d elementor-widget elementor-widget-image\" data-id=\"5c4841d\" data-element_type=\"widget\" data-e-type=\"widget\" data-widget_type=\"image.default\">\n\t\t\t\t<div class=\"elementor-widget-container\">\n\t\t\t\t\t\t\t\t\t\t\t\t\t\t\t<img fetchpriority=\"high\" decoding=\"async\" width=\"768\" height=\"419\" src=\"https:\/\/www.ussaki.com\/wp-content\/uploads\/2026\/02\/Ramazan-i_serif-768x419.png\" class=\"attachment-medium_large size-medium_large wp-image-3513\" alt=\"\" srcset=\"https:\/\/www.ussaki.com\/wp-content\/uploads\/2026\/02\/Ramazan-i_serif-768x419.png 768w, https:\/\/www.ussaki.com\/wp-content\/uploads\/2026\/02\/Ramazan-i_serif-300x164.png 300w, https:\/\/www.ussaki.com\/wp-content\/uploads\/2026\/02\/Ramazan-i_serif-1024x559.png 1024w, https:\/\/www.ussaki.com\/wp-content\/uploads\/2026\/02\/Ramazan-i_serif-1536x838.png 1536w, https:\/\/www.ussaki.com\/wp-content\/uploads\/2026\/02\/Ramazan-i_serif-2048x1117.png 2048w\" sizes=\"(max-width: 768px) 100vw, 768px\" \/>\t\t\t\t\t\t\t\t\t\t\t\t\t\t\t<\/div>\n\t\t\t\t<\/div>\n\t\t\t\t<div class=\"elementor-element elementor-element-cee3fcb elementor-widget elementor-widget-spacer\" data-id=\"cee3fcb\" data-element_type=\"widget\" data-e-type=\"widget\" data-widget_type=\"spacer.default\">\n\t\t\t\t<div class=\"elementor-widget-container\">\n\t\t\t\t\t\t\t<div class=\"elementor-spacer\">\n\t\t\t<div class=\"elementor-spacer-inner\"><\/div>\n\t\t<\/div>\n\t\t\t\t\t\t<\/div>\n\t\t\t\t<\/div>\n\t\t\t\t<div class=\"elementor-element elementor-element-d7df8b8 elementor-widget elementor-widget-text-editor\" data-id=\"d7df8b8\" data-element_type=\"widget\" data-e-type=\"widget\" data-widget_type=\"text-editor.default\">\n\t\t\t\t<div class=\"elementor-widget-container\">\n\t\t\t\t\t\t\t\t\t<p data-path-to-node=\"3\"><b data-path-to-node=\"3\" data-index-in-node=\"0\">\u00a0 \u00a0 On bir ay\u0131n sultan\u0131, rahmet ve ma\u011ffiret kap\u0131lar\u0131n\u0131n ard\u0131na kadar a\u00e7\u0131ld\u0131\u011f\u0131 m\u00fcbarek Ramazan-\u0131 \u015eerif\u2019e bir kez daha kavu\u015fman\u0131n derin huzurunu ve heyecan\u0131n\u0131 ya\u015f\u0131yoruz.<\/b><\/p><p data-path-to-node=\"4\">\u00a0 \u00a0 Ramazan, sadece bir ibadet ay\u0131 de\u011fil; ayn\u0131 zamanda sabr\u0131n, \u015f\u00fckr\u00fcn, payla\u015fman\u0131n ve karde\u015fli\u011fin en \u00fcst seviyeye ula\u015ft\u0131\u011f\u0131 manevi bir ar\u0131nma mevsimidir. Sokaklar\u0131 s\u00fcsleyen mahyalar, sofralar\u0131 bereketlendiren dualar ve g\u00f6n\u00fclleri yumu\u015fatan teravih sesleri, bize yeniden bir arada olman\u0131n, birbirimizin elinden tutman\u0131n k\u0131ymetini hat\u0131rlat\u0131yor.<\/p><p data-path-to-node=\"5\"><b data-path-to-node=\"5\" data-index-in-node=\"0\">\u00a0 \u00a0 <a title=\"Bagis\" href=\"https:\/\/www.ussaki.com\/?page_id=1221\">Vakf\u0131m\u0131z \u0130\u00e7in Payla\u015fma Zaman\u0131<\/a><\/b> Vak\u0131f k\u00fclt\u00fcr\u00fcn\u00fcn \u00f6z\u00fcnde yer alan &#8220;insana hizmet&#8221; d\u00fcsturu, bu ayda en g\u00fczel meyvelerini vermektedir. Bizler, kurdu\u011fumuz g\u00f6n\u00fcl k\u00f6pr\u00fcleriyle uzaklar\u0131 yak\u0131n etmeye, ihtiya\u00e7 sahibi karde\u015flerimizin iftar sofralar\u0131na ne\u015fe katmaya niyet ediyoruz. Bu m\u00fcbarek g\u00fcnlerde tutulan oru\u00e7lar\u0131n sadece mideye de\u011fil, nefse ve k\u00f6t\u00fc s\u00f6ze de tutturulmas\u0131; elindekini b\u00f6l\u00fc\u015fmenin lezzetiyle kalplerin \u015fifalanmas\u0131 en b\u00fcy\u00fck temennimizdir.<\/p><p data-path-to-node=\"6\"><b data-path-to-node=\"6\" data-index-in-node=\"0\">\u00a0 \u00a0 <a title=\"Bagis\" href=\"https:\/\/www.ussaki.com\/?page_id=1221\">Bu Ramazan\u2019da da Birlikteyiz<\/a><\/b> Vak\u0131f olarak, siz de\u011ferli ba\u011f\u0131\u015f\u00e7\u0131lar\u0131m\u0131z\u0131n deste\u011fiyle yetimlerin y\u00fcz\u00fcnde tebess\u00fcm, yaln\u0131zlar\u0131n kap\u0131s\u0131nda s\u0131cak bir yemek, mahzun g\u00f6n\u00fcllerde bir umut \u0131\u015f\u0131\u011f\u0131 olmaya devam edece\u011fiz. Gelin; zekatlar\u0131m\u0131z, fitrelerimiz ve sadakalar\u0131m\u0131zla bu bereket ay\u0131n\u0131 bir &#8220;dayan\u0131\u015fma \u015f\u00f6lenine&#8221; d\u00f6n\u00fc\u015ft\u00fcrelim. Unutmayal\u0131m ki payla\u015ft\u0131\u011f\u0131m\u0131z her lokma, bir ba\u015fkas\u0131n\u0131n d\u00fcnyas\u0131nda b\u00fcy\u00fck bir bayram\u0131n m\u00fcjdecisidir.<\/p><p data-path-to-node=\"7\">\u00a0 \u00a0 Bu vesileyle, t\u00fcm \u0130slam aleminin ve k\u0131ymetli g\u00f6n\u00fcll\u00fclerimizin Ramazan-\u0131 \u015eerif\u2019ini tebrik ediyor; bu kutlu ay\u0131n \u00fclkemize, milletimize ve t\u00fcm insanl\u0131\u011fa huzur, sa\u011fl\u0131k ve bereket getirmesini diliyoruz.<\/p><p data-path-to-node=\"8\"><b data-path-to-node=\"8\" data-index-in-node=\"0\">Ramazan\u2019\u0131n\u0131z m\u00fcbarek, dualar\u0131n\u0131z kabul olsun.<\/b><\/p>\t\t\t\t\t\t\t\t<\/div>\n\t\t\t\t<\/div>\n\t\t\t\t<\/div>\n\t\t\t\t<\/div>\n\t\t\t\t\t<\/div>\n\t\t\t\t<\/div>\n\t\t\t\t<\/div>\n\t\t","protected":false},"excerpt":{"rendered":"<p>G\u00f6n\u00fclleri Birle\u015ftiren Bereket Mevsimi: Ramazan-\u0131 \u015eerif Ho\u015f Geldi! \u00a0 \u00a0 On bir ay\u0131n sultan\u0131, rahmet ve ma\u011ffiret kap\u0131lar\u0131n\u0131n ard\u0131na kadar a\u00e7\u0131ld\u0131\u011f\u0131 m\u00fcbarek Ramazan-\u0131 \u015eerif\u2019e bir kez daha kavu\u015fman\u0131n derin huzurunu ve heyecan\u0131n\u0131 ya\u015f\u0131yoruz. \u00a0 \u00a0 Ramazan, sadece bir ibadet ay\u0131 de\u011fil; ayn\u0131 zamanda sabr\u0131n, \u015f\u00fckr\u00fcn, payla\u015fman\u0131n ve karde\u015fli\u011fin en \u00fcst seviyeye ula\u015ft\u0131\u011f\u0131 manevi bir ar\u0131nma [&hellip;]<\/p>\n","protected":false},"author":1,"featured_media":0,"parent":0,"menu_order":0,"comment_status":"closed","ping_status":"closed","template":"elementor_header_footer","meta":{"om_disable_all_campaigns":false,"_monsterinsights_skip_tracking":false,"_monsterinsights_sitenote_active":false,"_monsterinsights_sitenote_note":"","_monsterinsights_sitenote_category":0,"footnotes":""},"class_list":["post-3520","page","type-page","status-publish","hentry"],"aioseo_notices":[],"_links":{"self":[{"href":"https:\/\/www.ussaki.com\/index.php?rest_route=\/wp\/v2\/pages\/3520","targetHints":{"allow":["GET"]}}],"collection":[{"href":"https:\/\/www.ussaki.com\/index.php?rest_route=\/wp\/v2\/pages"}],"about":[{"href":"https:\/\/www.ussaki.com\/index.php?rest_route=\/wp\/v2\/types\/page"}],"author":[{"embeddable":true,"href":"https:\/\/www.ussaki.com\/index.php?rest_route=\/wp\/v2\/users\/1"}],"replies":[{"embeddable":true,"href":"https:\/\/www.ussaki.com\/index.php?rest_route=%2Fwp%2Fv2%2Fcomments&post=3520"}],"version-history":[{"count":16,"href":"https:\/\/www.ussaki.com\/index.php?rest_route=\/wp\/v2\/pages\/3520\/revisions"}],"predecessor-version":[{"id":3648,"href":"https:\/\/www.ussaki.com\/index.php?rest_route=\/wp\/v2\/pages\/3520\/revisions\/3648"}],"wp:attachment":[{"href":"https:\/\/www.ussaki.com\/index.php?rest_route=%2Fwp%2Fv2%2Fmedia&parent=3520"}],"curies":[{"name":"wp","href":"https:\/\/api.w.org\/{rel}","templated":true}]}}