{"id":3660,"date":"2026-03-04T16:24:29","date_gmt":"2026-03-04T13:24:29","guid":{"rendered":"https:\/\/www.ussaki.com\/?page_id=3660"},"modified":"2026-03-04T16:24:58","modified_gmt":"2026-03-04T13:24:58","slug":"kadir-gecesi","status":"publish","type":"page","link":"https:\/\/www.ussaki.com\/?page_id=3660","title":{"rendered":"Haber Kadir Gecesi"},"content":{"rendered":"\t\t<div data-elementor-type=\"wp-page\" data-elementor-id=\"3660\" class=\"elementor elementor-3660\" data-elementor-post-type=\"page\">\n\t\t\t\t<div class=\"elementor-element elementor-element-7cd4a0d e-flex e-con-boxed e-con e-parent\" data-id=\"7cd4a0d\" data-element_type=\"container\" data-e-type=\"container\">\n\t\t\t\t\t<div class=\"e-con-inner\">\n\t\t<div class=\"elementor-element elementor-element-61f3a8a e-con-full e-flex e-con e-child\" data-id=\"61f3a8a\" data-element_type=\"container\" data-e-type=\"container\" data-settings=\"{&quot;background_background&quot;:&quot;classic&quot;}\">\n\t\t<div class=\"elementor-element elementor-element-a07756d e-con-full e-flex e-con e-child\" data-id=\"a07756d\" data-element_type=\"container\" data-e-type=\"container\">\n\t\t\t\t<div class=\"elementor-element elementor-element-d975275 elementor-widget elementor-widget-heading\" data-id=\"d975275\" data-element_type=\"widget\" data-e-type=\"widget\" data-widget_type=\"heading.default\">\n\t\t\t\t<div class=\"elementor-widget-container\">\n\t\t\t\t\t<h4 class=\"elementor-heading-title elementor-size-default\">Kadir Gecesi: Bin Aydan Hay\u0131rl\u0131 Gece<\/h4>\t\t\t\t<\/div>\n\t\t\t\t<\/div>\n\t\t\t\t<div class=\"elementor-element elementor-element-726f3ad elementor-widget elementor-widget-spacer\" data-id=\"726f3ad\" data-element_type=\"widget\" data-e-type=\"widget\" data-widget_type=\"spacer.default\">\n\t\t\t\t<div class=\"elementor-widget-container\">\n\t\t\t\t\t\t\t<div class=\"elementor-spacer\">\n\t\t\t<div class=\"elementor-spacer-inner\"><\/div>\n\t\t<\/div>\n\t\t\t\t\t\t<\/div>\n\t\t\t\t<\/div>\n\t\t\t\t<div class=\"elementor-element elementor-element-5c4841d elementor-widget elementor-widget-image\" data-id=\"5c4841d\" data-element_type=\"widget\" data-e-type=\"widget\" data-widget_type=\"image.default\">\n\t\t\t\t<div class=\"elementor-widget-container\">\n\t\t\t\t\t\t\t\t\t\t\t\t\t\t\t<img fetchpriority=\"high\" decoding=\"async\" width=\"600\" height=\"633\" src=\"https:\/\/www.ussaki.com\/wp-content\/uploads\/2026\/03\/kadirgecesi_1.png\" class=\"attachment-medium_large size-medium_large wp-image-3656\" alt=\"\" srcset=\"https:\/\/www.ussaki.com\/wp-content\/uploads\/2026\/03\/kadirgecesi_1.png 600w, https:\/\/www.ussaki.com\/wp-content\/uploads\/2026\/03\/kadirgecesi_1-284x300.png 284w\" sizes=\"(max-width: 600px) 100vw, 600px\" \/>\t\t\t\t\t\t\t\t\t\t\t\t\t\t\t<\/div>\n\t\t\t\t<\/div>\n\t\t\t\t<div class=\"elementor-element elementor-element-cee3fcb elementor-widget elementor-widget-spacer\" data-id=\"cee3fcb\" data-element_type=\"widget\" data-e-type=\"widget\" data-widget_type=\"spacer.default\">\n\t\t\t\t<div class=\"elementor-widget-container\">\n\t\t\t\t\t\t\t<div class=\"elementor-spacer\">\n\t\t\t<div class=\"elementor-spacer-inner\"><\/div>\n\t\t<\/div>\n\t\t\t\t\t\t<\/div>\n\t\t\t\t<\/div>\n\t\t\t\t<div class=\"elementor-element elementor-element-d7df8b8 elementor-widget elementor-widget-text-editor\" data-id=\"d7df8b8\" data-element_type=\"widget\" data-e-type=\"widget\" data-widget_type=\"text-editor.default\">\n\t\t\t\t<div class=\"elementor-widget-container\">\n\t\t\t\t\t\t\t\t\t<p data-path-to-node=\"3\"><!--StartFragment --><\/p><p>Ramazan ay\u0131n\u0131n son on g\u00fcn\u00fcnde gizlenmi\u015f olan Kadir Gecesi, Kur\u2019an-\u0131 Kerim\u2019in indirilmeye ba\u015fland\u0131\u011f\u0131 m\u00fcbarek zaman dilimidir. Bu gece, \u201cbin aydan daha hay\u0131rl\u0131\u201d olarak nitelendirilmi\u015f ve \u0130slam d\u00fcnyas\u0131nda ibadet, dua ve \u015f\u00fck\u00fcrle ihya edilmesi gereken en \u00f6zel gecelerden biri olmu\u015ftur.<\/p><p>Her ne kadar Kadir Gecesi\u2019nin Ramazan\u2019\u0131n son on g\u00fcn\u00fc i\u00e7inde sakl\u0131 oldu\u011fu bilinse de, Diyanet \u0130\u015fleri Ba\u015fkanl\u0131\u011f\u0131 2026 y\u0131l\u0131 dini g\u00fcnler takvimine g\u00f6re Kadir Gecesi <strong>16 Mart 2026 Pazartesi (26 Ramazan 1447)<\/strong> gecesi idrak edilecektir.<\/p><p>Bu m\u00fcbarek gece, Kur\u2019an\u2019\u0131n insanl\u0131\u011fa rahmet olarak inmeye ba\u015flad\u0131\u011f\u0131 an\u0131 hat\u0131rlat\u0131r. M\u00fcminler i\u00e7in bir f\u0131rsat kap\u0131s\u0131d\u0131r; bolca dua etmek, Kur\u2019an okumak, t\u00f6vbe ve isti\u011ffarla Allah\u2019a y\u00f6nelmek, sadaka ve hay\u0131r i\u015flerinde bulunmak bu gecenin ruhuna uygundur. Kadir Gecesi, sadece bir kutlama de\u011fil, ayn\u0131 zamanda \u015f\u00fck\u00fcr ve teslimiyetin zirvesidir.<\/p><p>U\u015f\u015faki Vakf\u0131 (Kas\u0131mpa\u015fa Asitane) olarak bizler de bu m\u00fcbarek geceyi ihya ederken, t\u00fcm g\u00f6n\u00fcl dostlar\u0131m\u0131z\u0131 ibadet ve dualarla bu manevi iklime kat\u0131lmaya davet ediyoruz. Rabbimizden niyaz\u0131m\u0131z, bu gecede edilen dualar\u0131n kabul olmas\u0131 ve \u00fcmmet-i Muhammed i\u00e7in hay\u0131rlara vesile olmas\u0131d\u0131r.<\/p><p data-path-to-node=\"3\"><!--EndFragment --><\/p>\t\t\t\t\t\t\t\t<\/div>\n\t\t\t\t<\/div>\n\t\t\t\t<\/div>\n\t\t\t\t<\/div>\n\t\t\t\t\t<\/div>\n\t\t\t\t<\/div>\n\t\t\t\t<\/div>\n\t\t","protected":false},"excerpt":{"rendered":"<p>Kadir Gecesi: Bin Aydan Hay\u0131rl\u0131 Gece Ramazan ay\u0131n\u0131n son on g\u00fcn\u00fcnde gizlenmi\u015f olan Kadir Gecesi, Kur\u2019an-\u0131 Kerim\u2019in indirilmeye ba\u015fland\u0131\u011f\u0131 m\u00fcbarek zaman dilimidir. Bu gece, \u201cbin aydan daha hay\u0131rl\u0131\u201d olarak nitelendirilmi\u015f ve \u0130slam d\u00fcnyas\u0131nda ibadet, dua ve \u015f\u00fck\u00fcrle ihya edilmesi gereken en \u00f6zel gecelerden biri olmu\u015ftur. Her ne kadar Kadir Gecesi\u2019nin Ramazan\u2019\u0131n son on g\u00fcn\u00fc i\u00e7inde [&hellip;]<\/p>\n","protected":false},"author":1,"featured_media":0,"parent":0,"menu_order":0,"comment_status":"closed","ping_status":"closed","template":"elementor_header_footer","meta":{"om_disable_all_campaigns":false,"_monsterinsights_skip_tracking":false,"_monsterinsights_sitenote_active":false,"_monsterinsights_sitenote_note":"","_monsterinsights_sitenote_category":0,"footnotes":""},"class_list":["post-3660","page","type-page","status-publish","hentry"],"aioseo_notices":[],"_links":{"self":[{"href":"https:\/\/www.ussaki.com\/index.php?rest_route=\/wp\/v2\/pages\/3660","targetHints":{"allow":["GET"]}}],"collection":[{"href":"https:\/\/www.ussaki.com\/index.php?rest_route=\/wp\/v2\/pages"}],"about":[{"href":"https:\/\/www.ussaki.com\/index.php?rest_route=\/wp\/v2\/types\/page"}],"author":[{"embeddable":true,"href":"https:\/\/www.ussaki.com\/index.php?rest_route=\/wp\/v2\/users\/1"}],"replies":[{"embeddable":true,"href":"https:\/\/www.ussaki.com\/index.php?rest_route=%2Fwp%2Fv2%2Fcomments&post=3660"}],"version-history":[{"count":4,"href":"https:\/\/www.ussaki.com\/index.php?rest_route=\/wp\/v2\/pages\/3660\/revisions"}],"predecessor-version":[{"id":3664,"href":"https:\/\/www.ussaki.com\/index.php?rest_route=\/wp\/v2\/pages\/3660\/revisions\/3664"}],"wp:attachment":[{"href":"https:\/\/www.ussaki.com\/index.php?rest_route=%2Fwp%2Fv2%2Fmedia&parent=3660"}],"curies":[{"name":"wp","href":"https:\/\/api.w.org\/{rel}","templated":true}]}}