{"id":3681,"date":"2026-03-19T01:17:58","date_gmt":"2026-03-18T22:17:58","guid":{"rendered":"https:\/\/www.ussaki.com\/?page_id=3681"},"modified":"2026-03-19T10:33:49","modified_gmt":"2026-03-19T07:33:49","slug":"kadir-2026","status":"publish","type":"page","link":"https:\/\/www.ussaki.com\/?page_id=3681","title":{"rendered":"Kadir 2026"},"content":{"rendered":"\t\t<div data-elementor-type=\"wp-page\" data-elementor-id=\"3681\" class=\"elementor elementor-3681\" data-elementor-post-type=\"page\">\n\t\t\t\t<div class=\"elementor-element elementor-element-35adef6 e-flex e-con-boxed e-con e-parent\" data-id=\"35adef6\" data-element_type=\"container\" data-e-type=\"container\">\n\t\t\t\t\t<div class=\"e-con-inner\">\n\t\t<div class=\"elementor-element elementor-element-74f0272 e-con-full e-flex e-con e-child\" data-id=\"74f0272\" data-element_type=\"container\" data-e-type=\"container\" data-settings=\"{&quot;background_background&quot;:&quot;classic&quot;}\">\n\t\t<div class=\"elementor-element elementor-element-4c2fb1d e-con-full e-flex e-con e-child\" data-id=\"4c2fb1d\" data-element_type=\"container\" data-e-type=\"container\">\n\t\t<div class=\"elementor-element elementor-element-39a5d63 e-con-full e-flex e-con e-child\" data-id=\"39a5d63\" data-element_type=\"container\" data-e-type=\"container\">\n\t\t\t\t<div class=\"elementor-element elementor-element-edef4d1 elementor-widget elementor-widget-text-editor\" data-id=\"edef4d1\" data-element_type=\"widget\" data-e-type=\"widget\" data-widget_type=\"text-editor.default\">\n\t\t\t\t<div class=\"elementor-widget-container\">\n\t\t\t\t\t\t\t\t\t<h5>M\u00fcbarek Kadir Gecesi U\u015f\u015faki Asitanesinde \u0130drak Edildi<\/h5>\t\t\t\t\t\t\t\t<\/div>\n\t\t\t\t<\/div>\n\t\t\t\t<div class=\"elementor-element elementor-element-85ff1ff elementor-widget elementor-widget-spacer\" data-id=\"85ff1ff\" data-element_type=\"widget\" data-e-type=\"widget\" data-widget_type=\"spacer.default\">\n\t\t\t\t<div class=\"elementor-widget-container\">\n\t\t\t\t\t\t\t<div class=\"elementor-spacer\">\n\t\t\t<div class=\"elementor-spacer-inner\"><\/div>\n\t\t<\/div>\n\t\t\t\t\t\t<\/div>\n\t\t\t\t<\/div>\n\t\t\t\t<div class=\"elementor-element elementor-element-bb10c8c elementor-widget elementor-widget-video\" data-id=\"bb10c8c\" data-element_type=\"widget\" data-e-type=\"widget\" data-settings=\"{&quot;video_type&quot;:&quot;hosted&quot;,&quot;controls&quot;:&quot;yes&quot;}\" data-widget_type=\"video.default\">\n\t\t\t\t<div class=\"elementor-widget-container\">\n\t\t\t\t\t\t\t<div class=\"e-hosted-video elementor-wrapper elementor-open-inline\">\n\t\t\t\t\t<video class=\"elementor-video\" src=\"https:\/\/www.ussaki.com\/wp-content\/uploads\/2026\/03\/27_Ram_1447.mp4\" controls=\"\" preload=\"auto\" controlsList=\"nodownload\"><\/video>\n\t\t\t\t<\/div>\n\t\t\t\t\t\t<\/div>\n\t\t\t\t<\/div>\n\t\t\t\t<div class=\"elementor-element elementor-element-e6926a8 elementor-widget elementor-widget-spacer\" data-id=\"e6926a8\" data-element_type=\"widget\" data-e-type=\"widget\" data-widget_type=\"spacer.default\">\n\t\t\t\t<div class=\"elementor-widget-container\">\n\t\t\t\t\t\t\t<div class=\"elementor-spacer\">\n\t\t\t<div class=\"elementor-spacer-inner\"><\/div>\n\t\t<\/div>\n\t\t\t\t\t\t<\/div>\n\t\t\t\t<\/div>\n\t\t\t\t<div class=\"elementor-element elementor-element-5f89938 elementor-widget elementor-widget-text-editor\" data-id=\"5f89938\" data-element_type=\"widget\" data-e-type=\"widget\" data-widget_type=\"text-editor.default\">\n\t\t\t\t<div class=\"elementor-widget-container\">\n\t\t\t\t\t\t\t\t\t<p style=\"text-indent: 20px;\">27 Ramazan 1447, Pazartesi g\u00fcn\u00fc, \u0130stanbul Kas\u0131mpa\u015fa\u2019daki U\u015f\u015f\u00e2k\u00ee \u00c2sitanesinde m\u00fcbarek Kadir Gecesi b\u00fcy\u00fck bir manevi co\u015fku ile kar\u015f\u0131land\u0131. Program iftar ile ba\u015flad\u0131, ard\u0131ndan ak\u015fam namaz\u0131 eda edildi. Sohbet ve zikir halkalar\u0131yla g\u00f6n\u00fcller ihya edildi. Yats\u0131 ve teravih namazlar\u0131n\u0131n ard\u0131ndan yap\u0131lan dualar, geceye ayr\u0131 bir bereket katt\u0131. Sakal-\u0131 \u015ferif ziyaretiyle m\u00fcminler manevi bir huzura eri\u015fti. Helva ikram\u0131 ile karde\u015flik peki\u015ftirildi. Program, toplu hat\u0131ra resmi \u00e7ekilmesi ve selametle da\u011f\u0131lma ile sona erdi. U\u015f\u015f\u00e2k\u00ee \u00c2sitanesi\u2019nde ger\u00e7ekle\u015fen bu m\u00fcbarek bulu\u015fma, Ramazan\u2019\u0131n son g\u00fcnlerinde g\u00f6n\u00fcllerde derin izler b\u0131rakt\u0131.<\/p>\t\t\t\t\t\t\t\t<\/div>\n\t\t\t\t<\/div>\n\t\t\t\t<\/div>\n\t\t\t\t<\/div>\n\t\t\t\t<\/div>\n\t\t\t\t\t<\/div>\n\t\t\t\t<\/div>\n\t\t\t\t<\/div>\n\t\t","protected":false},"excerpt":{"rendered":"<p>M\u00fcbarek Kadir Gecesi U\u015f\u015faki Asitanesinde \u0130drak Edildi https:\/\/www.ussaki.com\/wp-content\/uploads\/2026\/03\/27_Ram_1447.mp4 27 Ramazan 1447, Pazartesi g\u00fcn\u00fc, \u0130stanbul Kas\u0131mpa\u015fa\u2019daki U\u015f\u015f\u00e2k\u00ee \u00c2sitanesinde m\u00fcbarek Kadir Gecesi b\u00fcy\u00fck bir manevi co\u015fku ile kar\u015f\u0131land\u0131. Program iftar ile ba\u015flad\u0131, ard\u0131ndan ak\u015fam namaz\u0131 eda edildi. Sohbet ve zikir halkalar\u0131yla g\u00f6n\u00fcller ihya edildi. Yats\u0131 ve teravih namazlar\u0131n\u0131n ard\u0131ndan yap\u0131lan dualar, geceye ayr\u0131 bir bereket katt\u0131. Sakal-\u0131 [&hellip;]<\/p>\n","protected":false},"author":1,"featured_media":0,"parent":0,"menu_order":0,"comment_status":"closed","ping_status":"closed","template":"elementor_header_footer","meta":{"om_disable_all_campaigns":false,"_monsterinsights_skip_tracking":false,"_monsterinsights_sitenote_active":false,"_monsterinsights_sitenote_note":"","_monsterinsights_sitenote_category":0,"footnotes":""},"class_list":["post-3681","page","type-page","status-publish","hentry"],"aioseo_notices":[],"_links":{"self":[{"href":"https:\/\/www.ussaki.com\/index.php?rest_route=\/wp\/v2\/pages\/3681","targetHints":{"allow":["GET"]}}],"collection":[{"href":"https:\/\/www.ussaki.com\/index.php?rest_route=\/wp\/v2\/pages"}],"about":[{"href":"https:\/\/www.ussaki.com\/index.php?rest_route=\/wp\/v2\/types\/page"}],"author":[{"embeddable":true,"href":"https:\/\/www.ussaki.com\/index.php?rest_route=\/wp\/v2\/users\/1"}],"replies":[{"embeddable":true,"href":"https:\/\/www.ussaki.com\/index.php?rest_route=%2Fwp%2Fv2%2Fcomments&post=3681"}],"version-history":[{"count":7,"href":"https:\/\/www.ussaki.com\/index.php?rest_route=\/wp\/v2\/pages\/3681\/revisions"}],"predecessor-version":[{"id":3702,"href":"https:\/\/www.ussaki.com\/index.php?rest_route=\/wp\/v2\/pages\/3681\/revisions\/3702"}],"wp:attachment":[{"href":"https:\/\/www.ussaki.com\/index.php?rest_route=%2Fwp%2Fv2%2Fmedia&parent=3681"}],"curies":[{"name":"wp","href":"https:\/\/api.w.org\/{rel}","templated":true}]}}