{"id":571,"date":"2024-12-21T17:02:37","date_gmt":"2024-12-21T14:02:37","guid":{"rendered":"https:\/\/www.ussaki.com\/?page_id=571"},"modified":"2026-03-19T01:28:06","modified_gmt":"2026-03-18T22:28:06","slug":"anasayfa","status":"publish","type":"page","link":"https:\/\/www.ussaki.com\/","title":{"rendered":"Ana sayfa"},"content":{"rendered":"\t\t<div data-elementor-type=\"wp-page\" data-elementor-id=\"571\" class=\"elementor elementor-571\" data-elementor-post-type=\"page\">\n\t\t\t\t<div class=\"elementor-element elementor-element-ba122a3 e-flex e-con-boxed e-con e-parent\" data-id=\"ba122a3\" data-element_type=\"container\" data-e-type=\"container\">\n\t\t\t\t\t<div class=\"e-con-inner\">\n\t\t<div class=\"elementor-element elementor-element-52461d6 e-con-full e-flex e-con e-child\" data-id=\"52461d6\" data-element_type=\"container\" data-e-type=\"container\" data-settings=\"{&quot;background_background&quot;:&quot;classic&quot;}\">\n\t\t<div class=\"elementor-element elementor-element-b9cc349 e-con-full e-flex e-con e-child\" data-id=\"b9cc349\" data-element_type=\"container\" data-e-type=\"container\">\n\t\t\t\t<div class=\"elementor-element elementor-element-6e334ad pp-image-accordion-stack-on-mobile pp-image-accordion-orientation-vertical elementor-widget elementor-widget-pp-image-accordion\" data-id=\"6e334ad\" data-element_type=\"widget\" data-e-type=\"widget\" data-settings=\"{&quot;accordion_action&quot;:&quot;on-hover&quot;}\" data-widget_type=\"pp-image-accordion.default\">\n\t\t\t\t<div class=\"elementor-widget-container\">\n\t\t\t\t\t\t\t\t<div class=\"pp-image-accordion pp-image-accordion-on-hover\" id=\"pp-image-accordion-6e334ad\">\n\t\t\t\t\t\t\t\t\t\t\t\t\t\t<div class=\"pp-image-accordion-item elementor-repeater-item-d4e7621 pp-image-accordion-active\" style=\"background-image: url(https:\/\/www.ussaki.com\/wp-content\/uploads\/2026\/03\/Gece.png); flex: 3 1 0;\">\n\t\t\t\t\t\t<a class=\"pp-image-accordion-overlay pp-media-overlay\" href=\"https:\/\/www.ussaki.com\/?page_id=3681\">\n\t\t\t\t\t\t\t<div class=\"pp-image-accordion-content-wrap pp-image-accordion-content-active\">\n\t\t\t\t\t\t\t\t<div class=\"pp-image-accordion-content\">\n\t\t\t\t\t\t\t\t\t\t\t\t\t\t\t\t\t\t<h2 class=\"pp-image-accordion-title\">\n\t\t\t\t\t\t\t\t\t\tM\u00fcbarek Kadir Gecesi U\u015f\u015f\u00e2k\u00ee \u00c2sitanesinde \u0130drak Edildi\t\t\t\t\t\t\t\t\t<\/h2>\n\t\t\t\t\t\t\t\t\t<div class=\"pp-image-accordion-description\">\n\t\t\t\t\t\t\t\t\t\t<p>27 Ramazan 1447 tarihinde, Kas\u0131mpa\u015fa\u2019daki U\u015f\u015f\u00e2k\u00ee \u00c2sitanesinde m\u00fcbarek Kadir Gecesi dualar, sohbetler ve manevi ziyaretlerle idrak edildi.<\/p>\t\t\t\t\t\t\t\t\t<\/div>\n\t\t\t\t\t\t\t\t<\/div>\n\t\t\t\t\t\t\t\t\t\t\t\t\t\t\t<\/div>\n\t\t\t\t\t\t<\/a>\n\t\t\t\t\t<\/div>\n\t\t\t\t\t\t\t\t\t\t\t\t\t\t<div class=\"pp-image-accordion-item elementor-repeater-item-5413fcc\" style=\"background-image: url(https:\/\/www.ussaki.com\/wp-content\/uploads\/2026\/03\/kadirgecesi_1.png);\">\n\t\t\t\t\t\t<a class=\"pp-image-accordion-overlay pp-media-overlay\" href=\"https:\/\/www.ussaki.com\/?page_id=3660\">\n\t\t\t\t\t\t\t<div class=\"pp-image-accordion-content-wrap\">\n\t\t\t\t\t\t\t\t<div class=\"pp-image-accordion-content\">\n\t\t\t\t\t\t\t\t\t\t\t\t\t\t\t\t\t\t<h2 class=\"pp-image-accordion-title\">\n\t\t\t\t\t\t\t\t\t\tKadir Gecesi\t\t\t\t\t\t\t\t\t<\/h2>\n\t\t\t\t\t\t\t\t\t<div class=\"pp-image-accordion-description\">\n\t\t\t\t\t\t\t\t\t\t<p>Bin Aydan Hay\u0131rl\u0131 Gece<\/p>\t\t\t\t\t\t\t\t\t<\/div>\n\t\t\t\t\t\t\t\t<\/div>\n\t\t\t\t\t\t\t\t\t\t\t\t\t\t\t<\/div>\n\t\t\t\t\t\t<\/a>\n\t\t\t\t\t<\/div>\n\t\t\t\t\t\t\t\t\t\t\t\t\t\t<div class=\"pp-image-accordion-item elementor-repeater-item-eee58f3\" style=\"background-image: url(https:\/\/www.ussaki.com\/wp-content\/uploads\/2026\/02\/Beyoglu_muftuluk_ziyaret_2026.png);\">\n\t\t\t\t\t\t<a class=\"pp-image-accordion-overlay pp-media-overlay\" href=\"https:\/\/www.ussaki.com\/?page_id=2022\">\n\t\t\t\t\t\t\t<div class=\"pp-image-accordion-content-wrap\">\n\t\t\t\t\t\t\t\t<div class=\"pp-image-accordion-content\">\n\t\t\t\t\t\t\t\t\t\t\t\t\t\t\t\t\t\t<h2 class=\"pp-image-accordion-title\">\n\t\t\t\t\t\t\t\t\t\tU\u015f\u015f\u00e2k\u00ee Vakf\u0131\u2019ndan Beyo\u011flu \u0130l\u00e7e M\u00fcft\u00fcs\u00fc Tahir Er\u00e7in\u2019e Ziyaret\t\t\t\t\t\t\t\t\t<\/h2>\n\t\t\t\t\t\t\t\t\t<div class=\"pp-image-accordion-description\">\n\t\t\t\t\t\t\t\t\t\t<p>U\u015f\u015f\u00e2k\u00ee Vakf\u0131 heyeti, g\u00f6revine yeni atanan Beyo\u011flu \u0130l\u00e7e M\u00fcft\u00fcs\u00fc Tahir Er\u00e7in\u2019i makam\u0131nda ziyaret etti.<\/p>\t\t\t\t\t\t\t\t\t<\/div>\n\t\t\t\t\t\t\t\t<\/div>\n\t\t\t\t\t\t\t\t\t\t\t\t\t\t\t<\/div>\n\t\t\t\t\t\t<\/a>\n\t\t\t\t\t<\/div>\n\t\t\t\t\t\t\t\t\t\t\t\t\t\t<div class=\"pp-image-accordion-item elementor-repeater-item-8533347\" style=\"background-image: url(https:\/\/www.ussaki.com\/wp-content\/uploads\/2026\/02\/Ramazan-i_serif-scaled.png);\">\n\t\t\t\t\t\t<a class=\"pp-image-accordion-overlay pp-media-overlay\" href=\"https:\/\/www.ussaki.com\/?page_id=3520\">\n\t\t\t\t\t\t\t<div class=\"pp-image-accordion-content-wrap\">\n\t\t\t\t\t\t\t\t<div class=\"pp-image-accordion-content\">\n\t\t\t\t\t\t\t\t\t\t\t\t\t\t\t\t\t\t<h2 class=\"pp-image-accordion-title\">\n\t\t\t\t\t\t\t\t\t\tG\u00f6n\u00fclleri Birle\u015ftiren Bereket Mevsimi: Ramazan-\u0131 \u015eerif Ho\u015f Geldi!\t\t\t\t\t\t\t\t\t<\/h2>\n\t\t\t\t\t\t\t\t\t<div class=\"pp-image-accordion-description\">\n\t\t\t\t\t\t\t\t\t\t<p>On bir ay\u0131n sultan\u0131, rahmet ve ma\u011ffiret kap\u0131lar\u0131n\u0131n ard\u0131na kadar a\u00e7\u0131ld\u0131\u011f\u0131 m\u00fcbarek Ramazan-\u0131 \u015eerif\u2019e bir kez daha kavu\u015fman\u0131n derin huzurunu ve heyecan\u0131n\u0131 ya\u015f\u0131yoruz.<\/p>\t\t\t\t\t\t\t\t\t<\/div>\n\t\t\t\t\t\t\t\t<\/div>\n\t\t\t\t\t\t\t\t\t\t\t\t\t\t\t<\/div>\n\t\t\t\t\t\t<\/a>\n\t\t\t\t\t<\/div>\n\t\t\t\t\t\t\t<\/div>\n\t\t\t\t\t\t<\/div>\n\t\t\t\t<\/div>\n\t\t\t\t<\/div>\n\t\t<div class=\"elementor-element elementor-element-5ffd453 e-flex e-con-boxed e-con e-child\" data-id=\"5ffd453\" data-element_type=\"container\" data-e-type=\"container\">\n\t\t\t\t\t<div class=\"e-con-inner\">\n\t\t\t\t<div class=\"elementor-element elementor-element-4b9a8d0 elementor-widget elementor-widget-spacer\" data-id=\"4b9a8d0\" data-element_type=\"widget\" data-e-type=\"widget\" data-widget_type=\"spacer.default\">\n\t\t\t\t<div class=\"elementor-widget-container\">\n\t\t\t\t\t\t\t<div class=\"elementor-spacer\">\n\t\t\t<div class=\"elementor-spacer-inner\"><\/div>\n\t\t<\/div>\n\t\t\t\t\t\t<\/div>\n\t\t\t\t<\/div>\n\t\t\t\t<div class=\"elementor-element elementor-element-47f3e5a elementor-widget elementor-widget-text-editor\" data-id=\"47f3e5a\" data-element_type=\"widget\" data-e-type=\"widget\" data-widget_type=\"text-editor.default\">\n\t\t\t\t<div class=\"elementor-widget-container\">\n\t\t\t\t\t\t\t\t\t<p data-start=\"115\" data-end=\"587\" style=\"text-indent: 30px;\">U\u015f\u015f\u00e2k\u00ee Vakf\u0131, ismini Kas\u0131mpa\u015fa\u2019n\u0131n manevi sultan\u0131 P\u00eer Seyyid Hasan H\u00fcs\u00e2meddin U\u015f\u015f\u00e2k\u00ee Hazretleri\u2019nden alarak; onun insan\u0131 merkeze alan hizmet, edep ve g\u00f6n\u00fcl anlay\u0131\u015f\u0131n\u0131 ya\u015fatma gayesiyle 1993 y\u0131l\u0131nda kurulmu\u015f k\u00f6kl\u00fc bir hay\u0131r kurumudur. Vakf\u0131m\u0131z, kurulu\u015fundan bu yana iyili\u011fi bir de\u011fer, hizmeti bir sorumluluk olarak g\u00f6rm\u00fc\u015f; e\u011fitimden insani yard\u0131ma, sosyal hizmetlerden k\u00fclt\u00fcr-sanat ve bas\u0131m-yay\u0131n faaliyetlerine kadar geni\u015f bir alanda topluma katk\u0131 sunmay\u0131 ilke edinmi\u015ftir.<\/p>\n<p data-start=\"589\" data-end=\"977\" style=\"text-indent: 30px;\">U\u015f\u015f\u00e2k\u00ee Vakf\u0131, bug\u00fcn T\u00fcrkiye\u2019de ve d\u00fcnyan\u0131n farkl\u0131 co\u011frafyalar\u0131nda; mazlumlar\u0131n, yetimlerin, \u00f6\u011frencilerin ve ihtiya\u00e7 sahibi t\u00fcm insanlar\u0131n hem maddi hem de manevi olarak g\u00fc\u00e7lendirilmesi i\u00e7in \u00e7al\u0131\u015fmalar\u0131n\u0131 istikrarl\u0131 ve kararl\u0131 bir \u015fekilde s\u00fcrd\u00fcrmektedir. Y\u00fcr\u00fct\u00fclen her faaliyet, insan onurunu \u00f6nceleyen, kal\u0131c\u0131 fayda \u00fcretmeyi ama\u00e7layan bir anlay\u0131\u015fla planlanmakta ve hayata ge\u00e7irilmektedir.<\/p>\n<p data-start=\"979\" data-end=\"1298\" style=\"text-indent: 30px;\">Vakf\u0131m\u0131z\u0131n temel hedefi; vak\u0131f medeniyetimizin ta\u015f\u0131d\u0131\u011f\u0131 merhamet, payla\u015fma ve dayan\u0131\u015fma ruhunu g\u00fcn\u00fcm\u00fcze ta\u015f\u0131mak, g\u00f6n\u00fcll\u00fcl\u00fck bilincini yayg\u0131nla\u015ft\u0131rmak ve iyili\u011fi toplumsal bir de\u011fer h\u00e2line getirmektir. Bu do\u011frultuda, insana dokunan, hayatlara umut olan ve gelece\u011fe iz b\u0131rakan projeler \u00fcretmek en b\u00fcy\u00fck sorumlulu\u011fumuzdur.<\/p>\n<p data-start=\"1300\" data-end=\"1665\" style=\"text-indent: 30px;\">Misyonumuz \u00e7er\u00e7evesinde faaliyet g\u00f6steren g\u00fc\u00e7l\u00fc bir koordinasyon birimimiz; insani yard\u0131m projelerinin planlanmas\u0131, organize edilmesi ve etkin \u015fekilde uygulanmas\u0131n\u0131 sa\u011flamaktad\u0131r. Bu birim arac\u0131l\u0131\u011f\u0131yla, Anadolu insan\u0131n\u0131n vak\u0131f \u015fuuruyla yapt\u0131\u011f\u0131 emanet yard\u0131mlar; ihtiya\u00e7 i\u00e7indeki masum ve mazlumlara \u015feffaf, g\u00fcvenilir ve s\u00fcrd\u00fcr\u00fclebilir y\u00f6ntemlerle ula\u015ft\u0131r\u0131lmaktad\u0131r.<\/p>\n<p data-start=\"1667\" data-end=\"1967\" style=\"text-indent: 30px;\">Payda\u015f kurumlar ve g\u00f6n\u00fcll\u00fclerle kurulan i\u015f birlikleri sayesinde yard\u0131m faaliyetlerimizin etki alan\u0131 geni\u015flemekte; yoksullukla m\u00fccadele, cehaletin azalt\u0131lmas\u0131, insani ya\u015fam ko\u015fullar\u0131n\u0131n iyile\u015ftirilmesi ve g\u00f6n\u00fcl co\u011frafyam\u0131zda dayan\u0131\u015fma k\u00fclt\u00fcr\u00fcn\u00fcn g\u00fc\u00e7lendirilmesi y\u00f6n\u00fcnde kal\u0131c\u0131 \u00e7\u00f6z\u00fcmler \u00fcretilmektedir.<\/p>\n<p data-start=\"1969\" data-end=\"2199\" style=\"text-indent: 30px;\">U\u015f\u015f\u00e2k\u00ee Vakf\u0131 olarak inanc\u0131m\u0131z; iyili\u011fin payla\u015ft\u0131k\u00e7a \u00e7o\u011fald\u0131\u011f\u0131, hizmetin samimiyetle anlam kazand\u0131\u011f\u0131 ve insan\u0131 ya\u015fatman\u0131n en b\u00fcy\u00fck de\u011fer oldu\u011fudur. Bu anlay\u0131\u015fla, d\u00fcn oldu\u011fu gibi bug\u00fcn ve yar\u0131n da hayra vesile olmaya devam edece\u011fiz.<\/p>\t\t\t\t\t\t\t\t<\/div>\n\t\t\t\t<\/div>\n\t\t\t\t\t<\/div>\n\t\t\t\t<\/div>\n\t\t<div class=\"elementor-element elementor-element-2772b73 e-con-full e-flex e-con e-child\" data-id=\"2772b73\" data-element_type=\"container\" data-e-type=\"container\">\n\t\t\t\t<div class=\"elementor-element elementor-element-790bba8 elementor-widget elementor-widget-spacer\" data-id=\"790bba8\" data-element_type=\"widget\" data-e-type=\"widget\" data-widget_type=\"spacer.default\">\n\t\t\t\t<div class=\"elementor-widget-container\">\n\t\t\t\t\t\t\t<div class=\"elementor-spacer\">\n\t\t\t<div class=\"elementor-spacer-inner\"><\/div>\n\t\t<\/div>\n\t\t\t\t\t\t<\/div>\n\t\t\t\t<\/div>\n\t\t\t\t<\/div>\n\t\t<div class=\"elementor-element elementor-element-2e091f7 e-con-full e-flex e-con e-child\" data-id=\"2e091f7\" data-element_type=\"container\" data-e-type=\"container\">\n\t\t\t\t<div class=\"elementor-element elementor-element-389e163 elementor-invisible elementor-widget elementor-widget-sina_banner_slider\" data-id=\"389e163\" data-element_type=\"widget\" data-e-type=\"widget\" data-settings=\"{&quot;_animation&quot;:&quot;fadeIn&quot;}\" data-widget_type=\"sina_banner_slider.default\">\n\t\t\t\t<div class=\"elementor-widget-container\">\n\t\t\t\t\t\t\t<div class=\"sina-banner-slider owl-carousel\"\r\n\t\tdata-autoplay=\"yes\"\r\n\t\tdata-pause=\"yes\"\r\n\t\tdata-nav=\"yes\"\r\n\t\tdata-dots=\"yes\"\r\n\t\tdata-mouse-drag=\"yes\"\r\n\t\tdata-touch-drag=\"yes\"\r\n\t\tdata-loop=\"yes\"\r\n\t\tdata-speed=\"\"\r\n\t\tdata-part-anim=\"yes\"\r\n\t\tdata-delay=\"5000\">\r\n\r\n\t\t\t\t\t\t\t<div class=\"sina-slider-content sina-bg-cover\" style=\"background-image: url(https:\/\/www.ussaki.com\/wp-content\/uploads\/2026\/01\/gida_3--e1767340983302.png);\">\r\n\t\t\t\t\t\r\n\t\t\t\t\t<div class=\"sina-banner-container elementor-repeater-item-82dd043\">\r\n\r\n\t\t\t\t\t\t\t\t\t\t\t\t\t\t\t\t\t\t\t\t<h1 class=\"sina-banner-title sina-anim-invisible\" data-animation=\"animated fadeInLeft\">A\u015fevlerimiz<\/h1>\t\t\t\t\t\t\r\n\t\t\t\t\t\t\r\n\t\t\t\t\t\t\r\n\t\t\t\t\t\t\t\t\t\t\t<\/div>\r\n\t\t\t\t<\/div>\r\n\t\t\t\t\t\t\t<div class=\"sina-slider-content sina-bg-cover\" style=\"background-image: url(https:\/\/www.ussaki.com\/wp-content\/uploads\/2025\/11\/9.jpg);\">\r\n\t\t\t\t\t\r\n\t\t\t\t\t<div class=\"sina-banner-container elementor-repeater-item-43969cb\">\r\n\r\n\t\t\t\t\t\t\t\t\t\t\t\t\t\t\t\t\t\t\t\t<h1 class=\"sina-banner-title sina-anim-invisible\" data-animation=\"animated fadeInLeft\">Su Kuyular\u0131m\u0131z<\/h1>\t\t\t\t\t\t\r\n\t\t\t\t\t\t\r\n\t\t\t\t\t\t\r\n\t\t\t\t\t\t\t\t\t\t\t<\/div>\r\n\t\t\t\t<\/div>\r\n\t\t\t\t\t\t\t<div class=\"sina-slider-content sina-bg-cover\" style=\"background-image: url(https:\/\/www.ussaki.com\/wp-content\/uploads\/2026\/01\/4-e1767348144868.jpg);\">\r\n\t\t\t\t\t\r\n\t\t\t\t\t<div class=\"sina-banner-container elementor-repeater-item-3cd106c\">\r\n\r\n\t\t\t\t\t\t\t\t\t\t\t\t\t\t\t\t\t\t\t\t<h1 class=\"sina-banner-title sina-anim-invisible\" data-animation=\"animated fadeInLeft\">G\u0131da yard\u0131mlar\u0131m\u0131z<\/h1>\t\t\t\t\t\t\r\n\t\t\t\t\t\t\r\n\t\t\t\t\t\t\r\n\t\t\t\t\t\t\t\t\t\t\t<\/div>\r\n\t\t\t\t<\/div>\r\n\t\t\t\t\t\t\t<div class=\"sina-slider-content sina-bg-cover\" style=\"background-image: url(https:\/\/www.ussaki.com\/wp-content\/uploads\/2025\/11\/7-e1766960994475.jpg);\">\r\n\t\t\t\t\t\r\n\t\t\t\t\t<div class=\"sina-banner-container elementor-repeater-item-a38c736\">\r\n\r\n\t\t\t\t\t\t\t\t\t\t\t\t\t\t\t\t\t\t\t\t<h1 class=\"sina-banner-title sina-anim-invisible\" data-animation=\"animated fadeInLeft\">Giyim Yard\u0131mlarm\u0131z<\/h1>\t\t\t\t\t\t\r\n\t\t\t\t\t\t\r\n\t\t\t\t\t\t\r\n\t\t\t\t\t\t\t\t\t\t\t<\/div>\r\n\t\t\t\t<\/div>\r\n\t\t\t\t\t\t\t<div class=\"sina-slider-content sina-bg-cover\" style=\"background-image: url(https:\/\/www.ussaki.com\/wp-content\/uploads\/2026\/01\/Nakdi_5-scaled-e1767391871861.webp);\">\r\n\t\t\t\t\t\r\n\t\t\t\t\t<div class=\"sina-banner-container elementor-repeater-item-b1b8e36\">\r\n\r\n\t\t\t\t\t\t\t\t\t\t\t\t\t\t\t\t\t\t\t\t<h1 class=\"sina-banner-title sina-anim-invisible\" data-animation=\"animated fadeInLeft\">Nakdi Yard\u0131mlar\u0131m\u0131z<\/h1>\t\t\t\t\t\t\r\n\t\t\t\t\t\t\r\n\t\t\t\t\t\t\r\n\t\t\t\t\t\t\t\t\t\t\t<\/div>\r\n\t\t\t\t<\/div>\r\n\t\t\t\t\t\t\t<div class=\"sina-slider-content sina-bg-cover\" style=\"background-image: url(https:\/\/www.ussaki.com\/wp-content\/uploads\/2026\/01\/KurbanYardim_3-scaled-e1767389416462.png);\">\r\n\t\t\t\t\t\r\n\t\t\t\t\t<div class=\"sina-banner-container elementor-repeater-item-a75e092\">\r\n\r\n\t\t\t\t\t\t\t\t\t\t\t\t\t\t\t\t\t\t\t\t<h1 class=\"sina-banner-title sina-anim-invisible\" data-animation=\"animated fadeInLeft\">Kurban yard\u0131mlar\u0131m\u0131z<\/h1>\t\t\t\t\t\t\r\n\t\t\t\t\t\t\r\n\t\t\t\t\t\t\r\n\t\t\t\t\t\t\t\t\t\t\t<\/div>\r\n\t\t\t\t<\/div>\r\n\t\t\t\t\t\t\t<div class=\"sina-slider-content sina-bg-cover\" style=\"background-image: url(https:\/\/www.ussaki.com\/wp-content\/uploads\/2025\/11\/3-e1767392090934.jpg);\">\r\n\t\t\t\t\t\r\n\t\t\t\t\t<div class=\"sina-banner-container elementor-repeater-item-f1e8293\">\r\n\r\n\t\t\t\t\t\t\t\t\t\t\t\t\t\t\t\t\t\t\t\t<h1 class=\"sina-banner-title sina-anim-invisible\" data-animation=\"animated fadeInLeft\">Cami ve Mescid in\u015faatlar\u0131m\u0131z<\/h1>\t\t\t\t\t\t\r\n\t\t\t\t\t\t\r\n\t\t\t\t\t\t\r\n\t\t\t\t\t\t\t\t\t\t\t<\/div>\r\n\t\t\t\t<\/div>\r\n\t\t\t\t\t\t\t<div class=\"sina-slider-content sina-bg-cover\" style=\"background-image: url(https:\/\/www.ussaki.com\/wp-content\/uploads\/2025\/11\/2-e1766961189824.jpg);\">\r\n\t\t\t\t\t\r\n\t\t\t\t\t<div class=\"sina-banner-container elementor-repeater-item-f84c9e6\">\r\n\r\n\t\t\t\t\t\t\t\t\t\t\t\t\t\t\t\t\t\t\t\t<h1 class=\"sina-banner-title sina-anim-invisible\" data-animation=\"animated fadeInLeft\">\u0130ftarlar\u0131m\u0131z<\/h1>\t\t\t\t\t\t\r\n\t\t\t\t\t\t\r\n\t\t\t\t\t\t\r\n\t\t\t\t\t\t\t\t\t\t\t<\/div>\r\n\t\t\t\t<\/div>\r\n\t\t\t\t\t<\/div><!-- .sina-banner-slider -->\r\n\t\t\t\t\t\t<\/div>\n\t\t\t\t<\/div>\n\t\t\t\t<\/div>\n\t\t\t\t<\/div>\n\t\t\t\t\t<\/div>\n\t\t\t\t<\/div>\n\t\t\t\t<\/div>\n\t\t","protected":false},"excerpt":{"rendered":"<p>M\u00fcbarek Kadir Gecesi U\u015f\u015f\u00e2k\u00ee \u00c2sitanesinde \u0130drak Edildi 27 Ramazan 1447 tarihinde, Kas\u0131mpa\u015fa\u2019daki U\u015f\u015f\u00e2k\u00ee \u00c2sitanesinde m\u00fcbarek Kadir Gecesi dualar, sohbetler ve manevi ziyaretlerle idrak edildi. Kadir Gecesi Bin Aydan Hay\u0131rl\u0131 Gece U\u015f\u015f\u00e2k\u00ee Vakf\u0131\u2019ndan Beyo\u011flu \u0130l\u00e7e M\u00fcft\u00fcs\u00fc Tahir Er\u00e7in\u2019e Ziyaret U\u015f\u015f\u00e2k\u00ee Vakf\u0131 heyeti, g\u00f6revine yeni atanan Beyo\u011flu \u0130l\u00e7e M\u00fcft\u00fcs\u00fc Tahir Er\u00e7in\u2019i makam\u0131nda ziyaret etti. G\u00f6n\u00fclleri Birle\u015ftiren Bereket [&hellip;]<\/p>\n","protected":false},"author":1,"featured_media":0,"parent":0,"menu_order":0,"comment_status":"closed","ping_status":"closed","template":"elementor_header_footer","meta":{"om_disable_all_campaigns":false,"_monsterinsights_skip_tracking":false,"_monsterinsights_sitenote_active":false,"_monsterinsights_sitenote_note":"","_monsterinsights_sitenote_category":0,"footnotes":""},"class_list":["post-571","page","type-page","status-publish","hentry"],"aioseo_notices":[],"_links":{"self":[{"href":"https:\/\/www.ussaki.com\/index.php?rest_route=\/wp\/v2\/pages\/571","targetHints":{"allow":["GET"]}}],"collection":[{"href":"https:\/\/www.ussaki.com\/index.php?rest_route=\/wp\/v2\/pages"}],"about":[{"href":"https:\/\/www.ussaki.com\/index.php?rest_route=\/wp\/v2\/types\/page"}],"author":[{"embeddable":true,"href":"https:\/\/www.ussaki.com\/index.php?rest_route=\/wp\/v2\/users\/1"}],"replies":[{"embeddable":true,"href":"https:\/\/www.ussaki.com\/index.php?rest_route=%2Fwp%2Fv2%2Fcomments&post=571"}],"version-history":[{"count":377,"href":"https:\/\/www.ussaki.com\/index.php?rest_route=\/wp\/v2\/pages\/571\/revisions"}],"predecessor-version":[{"id":3694,"href":"https:\/\/www.ussaki.com\/index.php?rest_route=\/wp\/v2\/pages\/571\/revisions\/3694"}],"wp:attachment":[{"href":"https:\/\/www.ussaki.com\/index.php?rest_route=%2Fwp%2Fv2%2Fmedia&parent=571"}],"curies":[{"name":"wp","href":"https:\/\/api.w.org\/{rel}","templated":true}]}}